{"id":776,"date":"2025-10-12T18:51:05","date_gmt":"2025-10-12T18:51:05","guid":{"rendered":"https:\/\/staging.blackanddeckerappliances.ca\/product\/four-grille-pain-a-friture-a-air-chaud-crisp-n-bakemc\/"},"modified":"2025-10-12T23:21:06","modified_gmt":"2025-10-12T23:21:06","slug":"four-grille-pain-a-friture-a-air-chaud-crisp-n-bakemc","status":"publish","type":"product","link":"https:\/\/blackanddeckerappliances.ca\/fr\/produit\/four-grille-pain-a-friture-a-air-chaud-crisp-n-bakemc\/","title":{"rendered":"Four grille-pain \u00e0 friture \u00e0 air chaud Crisp &lsquo;N BakeMC"},"content":{"rendered":"<div>\nMultifonctionnel et facile \u00e0 nettoyer, le four grille-pain \u00e0 friture \u00e0 air chaud Crisp &lsquo;N BakeMC de BLACK+DECKER\u00ae permet de pr\u00e9parer facilement des repas d\u00e9licieux. Gr\u00e2ce \u00e0 la technologie de friture \u00e0 air chaud, la puissance de l&rsquo;air chaud permet de cuire, dorer et faire croustiller les aliments avec peu ou pas d&rsquo;huile, ce qui vous permet d&rsquo;appr\u00e9cier le go\u00fbt de la friture sans le gras. Avec 8 fonctions de cuisson au choix, vous pouvez tout pr\u00e9parer, des piments jalapeno aux frites, en passant par les bouquets de brocoli et la pizza sur pain plat. La technologie Neat &lsquo;N CleanMC fournit une vapeur puissante pour un nettoyage quotidien en trois \u00e9tapes simples : versez de l&rsquo;eau dans le plateau inf\u00e9rieur, lancez le cycle vapeur, essuyez l&rsquo;int\u00e9rieur et le plateau ramasse-miettes antiadh\u00e9sif. Le design \u00e9pur\u00e9 occupe moins d&rsquo;espace sur le comptoir* tout en permettant de placer un moule de 23&#215;33 cm (9&#215;13 po) sans poign\u00e9es, une pizza de 30 cm (12 po) ou jusqu&rsquo;\u00e0 6 tranches de pain ! Le four grille-pain \u00e0 friture \u00e0 air chaud Crisp &lsquo;N BakeMC de BLACK+DECKER\u00ae est \u00e0 la fois pratique et flexible, et permet de pr\u00e9parer un large \u00e9ventail de repas et de collations tout en b\u00e9n\u00e9ficiant de la puissance de la technologie Neat&rsquo;N CleanMC pour un nettoyage simple et efficace.     <\/p>\n<p>..\n<\/p><\/div>\n<hr class=\"product-desc-divider\">\n<div style=\"coffe-prod-bullet-container\">\n<div class=\"coffee-product-50-left\">\n<img decoding=\"async\" src=\"\/wp-content\/uploads\/2025\/10\/TOD6020B_BD_Extended_US_TOD6020B_Hero.jpg\">\n<\/div>\n<div class=\"coffee-product-50-right\">\n<p class=\"title-bold\"><span class=\"bullet-background-number\">1<\/span> 8 fonctions de cuisson<\/p>\n<p>Pr\u00e9parez une grande vari\u00e9t\u00e9 de collations et de repas en choisissant la fonction de cuisson que vous voulez : cuire, griller, r\u00f4tir, frire \u00e0 air chaud, d\u00e9shydrater, pizza, bagel ou garder au chaud.<\/p>\n<p class=\"title-bold\"><span class=\"bullet-background-number\">2<\/span> Pleine capacit\u00e9<\/p>\n<p>Le design \u00e9pur\u00e9 est superbe sur votre comptoir et convient \u00e0 un moule de 23&#215;33 cm (9&#215;13 po) sans poign\u00e9es, une pizza de 30 cm (12 po) ou jusqu&rsquo;\u00e0 6 tranches de pain !<\/p>\n<p class=\"title-bold\"><span class=\"bullet-background-number\">3<\/span> Affichage num\u00e9rique<\/p>\n<p>Un \u00e9cran de commandes num\u00e9riques facile \u00e0 utiliser.<\/p>\n<\/div>\n<\/div>\n<div class=\"coffe-prod-bullet-container product-feature-background product-feature-width-100\">\n<div class=\"prod-feature-text\">\n<p class=\"title-bold title-upper\">Technologie de friture \u00e0 air chaud<\/p>\n<p>Le go\u00fbt de la friture sans le gras &#8211; gr\u00e2ce \u00e0 l&rsquo;air chaud \u00e0 haute intensit\u00e9, les aliments sont cuits, dor\u00e9s et croustillants avec peu ou pas d&rsquo;huile.<\/p>\n<\/div>\n<div class=\"prod-feature-img\">\n<img decoding=\"async\" class=\"prod-feature-image\" src=\"\/wp-content\/uploads\/2025\/10\/TOD6020B_BD_Extended_US_SupFeat_1_AirFryTechnology.jpg\">\n<\/div>\n<\/div>\n<div class=\"coffe-prod-bullet-container product-feature-background product-feature-width-100\">\n<div class=\"prod-feature-img-2\">\n<img decoding=\"async\" class=\"prod-feature-image\" src=\"\/wp-content\/uploads\/2025\/10\/TOD6020B_BD_Extended_US_SupFeat_2_NeatNCleanTechnology.jpg\">\n<\/div>\n<div class=\"prod-feature-text-2\">\n<div>\n<p style=\"margin-bottom:15px;\"><b>Technologie Neat &lsquo;N CleanMC<\/b><\/p>\n<p>Une vapeur puissante pour un nettoyage quotidien.<\/div>\n<\/div>\n<\/div>\n<div class=\"coffe-prod-bullet-container product-feature-background product-feature-width-100\">\n<div class=\"prod-feature-text\">\n<p class=\"title-bold title-upper\">Nettoyage en 3 \u00e9tapes<\/p>\n<p>1) Versez de l&rsquo;eau dans le plateau inf\u00e9rieur.<br \/>2) Lancez le cycle de nettoyage \u00e0 la vapeur.<br \/>3) Essuyez l&rsquo;int\u00e9rieur et le plateau ramasse-miettes antiadh\u00e9sif.<\/p>\n<\/div>\n<div class=\"prod-feature-img\">\n<img decoding=\"async\" class=\"prod-feature-image\" src=\"\/wp-content\/uploads\/2025\/10\/TOD6020B_BD_Extended_US_SupFeat_3_3StepCleaning.jpg\">\n<\/div>\n<\/div>\n","protected":false},"excerpt":{"rendered":"<ul>\n<li>Technologie de friture \u00e0 air chaud : Savourez le go\u00fbt de la friture sans le gras<\/li>\n<li>8 fonctions : Cuire, griller, r\u00f4tir, frire \u00e0 air chaud, d\u00e9shydrater, pizza, bagel, garder au chaud<\/li>\n<li>Technologie Neat &lsquo;N CleanMC : Une vapeur puissante pour un nettoyage quotidien.<\/li>\n<li>Moins d\u2019espace de comptoir*, pleine capacit\u00e9 : La conception \u00e9l\u00e9gante prend moins d&rsquo;espace sur le comptoir tout en permettant de placer un moule de 23&#215;33 cm (9&#215;13 po) sans poign\u00e9es, une pizza de 30 cm (12 po) ou jusqu&rsquo;\u00e0 6 tranches de pain !<\/li>\n<li>Accessoires lavables au lave-vaisselle : Con\u00e7u pour \u00eatre facilement nettoy\u00e9<\/li>\n<\/ul>\n<div style=\"font-weight:700;margin-top:20px;\">Manuel d\u2019utilisation et d\u2019entretien<\/div>\n<p>\n<a href=\"\/wp-content\/uploads\/2025\/10\/TOD6020B-Use-and-Care-Manual.pdf\">TOD6020B Use and Care Manual<\/a> (pdf 1.4MB)<\/p>\n","protected":false},"featured_media":777,"template":"","meta":[],"product_brand":[],"product_cat":[81],"product_tag":[],"class_list":{"0":"post-776","1":"product","2":"type-product","3":"status-publish","4":"has-post-thumbnail","6":"product_cat-fours-a-convection-grille-pain","7":"pa_color-noir","9":"first","10":"instock","11":"shipping-taxable","12":"product-type-simple"},"_links":{"self":[{"href":"https:\/\/blackanddeckerappliances.ca\/fr\/wp-json\/wp\/v2\/product\/776","targetHints":{"allow":["GET"]}}],"collection":[{"href":"https:\/\/blackanddeckerappliances.ca\/fr\/wp-json\/wp\/v2\/product"}],"about":[{"href":"https:\/\/blackanddeckerappliances.ca\/fr\/wp-json\/wp\/v2\/types\/product"}],"wp:featuredmedia":[{"embeddable":true,"href":"https:\/\/blackanddeckerappliances.ca\/fr\/wp-json\/wp\/v2\/media\/777"}],"wp:attachment":[{"href":"https:\/\/blackanddeckerappliances.ca\/fr\/wp-json\/wp\/v2\/media?parent=776"}],"wp:term":[{"taxonomy":"product_brand","embeddable":true,"href":"https:\/\/blackanddeckerappliances.ca\/fr\/wp-json\/wp\/v2\/product_brand?post=776"},{"taxonomy":"product_cat","embeddable":true,"href":"https:\/\/blackanddeckerappliances.ca\/fr\/wp-json\/wp\/v2\/product_cat?post=776"},{"taxonomy":"product_tag","embeddable":true,"href":"https:\/\/blackanddeckerappliances.ca\/fr\/wp-json\/wp\/v2\/product_tag?post=776"}],"curies":[{"name":"wp","href":"https:\/\/api.w.org\/{rel}","templated":true}]}}