{"id":761,"date":"2025-10-12T19:07:32","date_gmt":"2025-10-12T19:07:32","guid":{"rendered":"https:\/\/staging.blackanddeckerappliances.ca\/product\/four-grille-pain-6-tranches-avec-friteuse-a-air-crisp-n-bakemc\/"},"modified":"2025-10-12T23:19:34","modified_gmt":"2025-10-12T23:19:34","slug":"four-grille-pain-6-tranches-avec-friteuse-a-air-crisp-n-bakemc","status":"publish","type":"product","link":"https:\/\/blackanddeckerappliances.ca\/fr\/produit\/four-grille-pain-6-tranches-avec-friteuse-a-air-crisp-n-bakemc\/","title":{"rendered":"Four grille-pain 6 tranches avec friteuse \u00e0 air Crisp &lsquo;N BakeMC"},"content":{"rendered":"<div>\nVoici la technologie friteuse \u00e0 air dans le four grille-pain 6 tranches Crisp &lsquo;N BakeMC Air Fry de BLACK+DECKER\u00ae. C&rsquo;est \u00e7a le go\u00fbt frit sans la graisse! La technologie friteuse \u00e0 air utilise de l&rsquo;air chaud \u00e0 haute intensit\u00e9 pour cuire, dorer et croustiller vos aliments frits pr\u00e9f\u00e9r\u00e9s avec peu ou pas d&rsquo;huile. Essayez les frites, les croustilles de l\u00e9gumes, les filets de poisson pan\u00e9s, les collations surgel\u00e9es et bien plus encore ! Il y a de la place pour jusqu&rsquo;\u00e0 six tranches de pain ou une pizza de 12 pouces. Trois boutons de commande permettent de r\u00e9gler facilement la minuterie pour griller et la minuterie de 60 minutes, et de choisir parmi cinq fonctions de cuisson : cuire, griller, r\u00f4tir, garder au chaud et friteuse \u00e0 air chaud. La technologie de convection fait circuler l&rsquo;air dans le four pour des r\u00e9sultats rapides et uniformes lors de la friture \u00e0 l&rsquo;air. De plus, ce four grille-pain comprend un panier de friture \u00e0 air, une l\u00e8chefrite et une grille, ainsi qu&rsquo;un plateau \u00e0 miettes interne qui glisse vers l&rsquo;int\u00e9rieur et l&rsquo;ext\u00e9rieur pour faciliter le nettoyage.\n<\/div>\n<hr class=\"product-desc-divider\">\n<div style=\"coffe-prod-bullet-container\">\n<div class=\"coffee-product-50-left\">\n<img decoding=\"async\" src=\"\/wp-content\/uploads\/2025\/10\/TO3217SS_ext_TO1787SS_Hero_LoRes.jpg\">\n<\/div>\n<div class=\"coffee-product-50-right\">\n<p class=\"title-bold\"><span class=\"bullet-background-number\">1<\/span> Panneau de commande \u00e0 3 boutons<\/p>\n<p>R\u00e9glez rapidement l&rsquo;heure, la temp\u00e9rature et la teinte du pain \u00e0 l&rsquo;aide des boutons de commande faciles.<\/p>\n<p class=\"title-bold\"><span class=\"bullet-background-number\">2<\/span> 5 fonctions de cuisson<\/p>\n<p>R\u00e9glez rapidement l&rsquo;heure, la temp\u00e9rature et la teinte du pain \u00e0 l&rsquo;aide des boutons de commande faciles.<\/p>\n<p class=\"title-bold\"><span class=\"bullet-background-number\">3<\/span> Minuterie de 60 minutes<\/p>\n<p>La minuterie de pr\u00e9cision de 60 minutes dispose d&rsquo;une fonction de maintien sous tension pour les t\u00e2ches de longue cuisson.<\/p>\n<\/div>\n<\/div>\n<div class=\"coffe-prod-bullet-container product-feature-background product-feature-width-100\">\n<div class=\"prod-feature-text\">\n<p class=\"title-bold title-upper\">Technologie de friture \u00e0 air chaud<\/p>\n<p>Go\u00fbt frit sans la graisse! Cette m\u00e9thode de cuisson innovante enveloppe les aliments d&rsquo;air chaud \u00e0 haute intensit\u00e9 pour cuire, dorer et croustiller vos aliments pr\u00e9f\u00e9r\u00e9s en utilisant peu ou pas d&rsquo;huile. <\/p>\n<\/div>\n<div class=\"prod-feature-img\">\n<img decoding=\"async\" class=\"prod-feature-image\" src=\"\/wp-content\/uploads\/2025\/10\/TO3217SS_ext_SupFeat_1_AirFryTechnology_LoRes.jpg\">\n<\/div>\n<\/div>\n<div class=\"coffe-prod-bullet-container product-feature-background product-feature-width-100\">\n<div class=\"prod-feature-img-2\">\n<img decoding=\"async\" class=\"prod-feature-image\" src=\"\/wp-content\/uploads\/2025\/10\/TO3217SS_ext_SupFeat_2_Countertop_LoRes.jpg\">\n<\/div>\n<div class=\"prod-feature-text-2\">\n<div>\n<p style=\"margin-bottom:15px;\"><b>CUISSON AU COMPTOIR<\/b><\/p>\n<p>La fonction de cuisson vous permet de pr\u00e9parer des pizzas, des collations surgel\u00e9es et bien plus encore ! C&rsquo;est id\u00e9al pour r\u00e9chauffer les restes sans allumer le grand four. <\/div>\n<\/div>\n<\/div>\n<div class=\"coffe-prod-bullet-container product-feature-background product-feature-width-100\">\n<div class=\"prod-feature-text\">\n<p class=\"title-bold title-upper\">GRANDE CAPACIT\u00c9<\/p>\n<p>Ce four grille-pain de grande capacit\u00e9 peut contenir 6 tranches de pain ou une pizza de 12&Prime;.<\/p>\n<\/div>\n<div class=\"prod-feature-img\">\n<img decoding=\"async\" class=\"prod-feature-image\" src=\"\/wp-content\/uploads\/2025\/10\/TO3217SS_ext_SupFeat_3_CookingCapacity_LoRes.jpg\">\n<\/div>\n<\/div>\n<div class=\"coffe-prod-bullet-container product-feature-background product-feature-width-100\">\n<div class=\"prod-feature-img-2\">\n<img decoding=\"async\" class=\"prod-feature-image\" src=\"\/wp-content\/uploads\/2025\/10\/TO3217SS_ext_SupFeat_4_Accessories_LoRes.jpg\">\n<\/div>\n<div class=\"prod-feature-text-2\">\n<div>\n<p style=\"margin-bottom:15px;\"><b>ACCESSOIRES INCLUS<\/b><\/p>\n<p>Ne vous inqui\u00e9tez pas de trouver des casseroles pour le four. Le panier de friture \u00e0 air, la grille de cuisson\/gril et le plat de cuisson inclus s&rsquo;adaptent parfaitement, ce qui facilite l&rsquo;insertion et le retrait des aliments. <\/div>\n<\/div>\n<\/div>\n<div class=\"coffe-prod-bullet-container product-feature-background product-feature-width-100\">\n<div class=\"prod-feature-text\">\n<p class=\"title-bold title-upper\">PORTE EN VERRE VISION FACILE<\/p>\n<p>Gardez un oeil sur les aliments pendant la cuisson. La fen\u00eatre en verre durable vous donne une vue claire des aliments tout au long du processus de cuisson. <\/p>\n<\/div>\n<div class=\"prod-feature-img\">\n<img decoding=\"async\" class=\"prod-feature-image\" src=\"\/wp-content\/uploads\/2025\/10\/TO3217SS_ext_SupFeat_5_GlassDoor_LoRes.jpg\">\n<\/div>\n<\/div>\n","protected":false},"excerpt":{"rendered":"<ul>\n<li>Technologie friteuse \u00e0 air chaud \u2013 Go\u00fbt de friture sans graisse !<\/li>\n<li>Pour 6 tranches de pain<\/li>\n<li>Convient \u00e0 une pizza de 12&Prime;<\/li>\n<li>Minuterie de 60 minutes avec fonction de maintien sous tension<\/li>\n<li>Cuisson au comptoir \u2013 Cuire et r\u00e9chauffer sans grand four !<\/li>\n<\/ul>\n","protected":false},"featured_media":762,"template":"","meta":[],"product_brand":[],"product_cat":[81],"product_tag":[],"class_list":{"0":"post-761","1":"product","2":"type-product","3":"status-publish","4":"has-post-thumbnail","6":"product_cat-fours-a-convection-grille-pain","8":"first","9":"instock","10":"shipping-taxable","11":"product-type-simple"},"_links":{"self":[{"href":"https:\/\/blackanddeckerappliances.ca\/fr\/wp-json\/wp\/v2\/product\/761","targetHints":{"allow":["GET"]}}],"collection":[{"href":"https:\/\/blackanddeckerappliances.ca\/fr\/wp-json\/wp\/v2\/product"}],"about":[{"href":"https:\/\/blackanddeckerappliances.ca\/fr\/wp-json\/wp\/v2\/types\/product"}],"wp:featuredmedia":[{"embeddable":true,"href":"https:\/\/blackanddeckerappliances.ca\/fr\/wp-json\/wp\/v2\/media\/762"}],"wp:attachment":[{"href":"https:\/\/blackanddeckerappliances.ca\/fr\/wp-json\/wp\/v2\/media?parent=761"}],"wp:term":[{"taxonomy":"product_brand","embeddable":true,"href":"https:\/\/blackanddeckerappliances.ca\/fr\/wp-json\/wp\/v2\/product_brand?post=761"},{"taxonomy":"product_cat","embeddable":true,"href":"https:\/\/blackanddeckerappliances.ca\/fr\/wp-json\/wp\/v2\/product_cat?post=761"},{"taxonomy":"product_tag","embeddable":true,"href":"https:\/\/blackanddeckerappliances.ca\/fr\/wp-json\/wp\/v2\/product_tag?post=761"}],"curies":[{"name":"wp","href":"https:\/\/api.w.org\/{rel}","templated":true}]}}