{"id":752,"date":"2025-10-12T19:23:52","date_gmt":"2025-10-12T19:23:52","guid":{"rendered":"https:\/\/staging.blackanddeckerappliances.ca\/product\/four-grille-pain-4-tranches-avec-friteuse-a-air-crisp-n-bakemc\/"},"modified":"2025-10-12T23:18:38","modified_gmt":"2025-10-12T23:18:38","slug":"four-grille-pain-4-tranches-avec-friteuse-a-air-crisp-n-bakemc","status":"publish","type":"product","link":"https:\/\/blackanddeckerappliances.ca\/fr\/produit\/four-grille-pain-4-tranches-avec-friteuse-a-air-crisp-n-bakemc\/","title":{"rendered":"Four grille-pain 4 tranches avec friteuse \u00e0 air Crisp &lsquo;N BakeMC"},"content":{"rendered":"<div>Go\u00fbt frit sans la graisse! Ce four est dot\u00e9 de la technologie friteuse \u00e0 air, qui utilise de l&rsquo;air chaud \u00e0 haute intensit\u00e9 pour cuire, dorer et croustiller vos aliments frits pr\u00e9f\u00e9r\u00e9s avec peu ou pas d&rsquo;huile. Le plateau en maille pour friture \u00e0 l&rsquo;air inclus permet \u00e0 l&rsquo;air chaud d&rsquo;envelopper les aliments pour des r\u00e9sultats rapides et croustillants. Deux boutons de commande simplifient la cuisson, vous permettant de r\u00e9gler la minuterie de 30 minutes et de choisir parmi cinq fonctions de cuisson : friteuse \u00e0 air chaud, cuire, griller, r\u00f4tir et maintien au chaud. En ce qui concerne la fonction de grillage,la technologie EvenToastMC distribue uniform\u00e9ment la chaleur et l&rsquo;\u00e9nergie infrarouge pour optimiser un grillage uniforme. L&rsquo;int\u00e9rieur est assez grand pour contenir jusqu&rsquo;\u00e0 quatre tranches de pain ou une pizza de 9 pouces, et il est id\u00e9al pour les collations fra\u00eeches ou surgel\u00e9es. Nous soutenons nos appareils avec une garantie limit\u00e9e de 2 ans afin que vous et votre famille puissiez compter sur eux dans votre cuisine.      <\/div>\n<hr class=\"product-desc-divider\">\n<div style=\"coffe-prod-bullet-container\">\n<div class=\"coffee-product-50-left\">\n<img decoding=\"async\" src=\"\/wp-content\/uploads\/2025\/10\/TO1785SG_Hero.jpg\">\n<\/div>\n<div class=\"coffee-product-50-right\">\n<p class=\"title-bold\">Deux boutons de commande<\/p>\n<p>Contr\u00f4le simple pour la minuterie de 30 minutes et la s\u00e9lection de la fonction de cuisson.<\/p>\n<p class=\"title-bold\"><span class=\"bullet-background-number\">2<\/span> 5 fonctions de cuisson<\/p>\n<p>Choisissez parmi: friteuse \u00e0 air chaud, cuire, griller, r\u00f4tir et maintien au chaud.<\/p>\n<p class=\"title-bold\">Minuterie de 30 minutes avec r\u00e9glage de maintien sous tension<\/p>\n<p>La minuterie de cuisson pr\u00e9cise dispose d&rsquo;une fonction de maintien sous tension pour les t\u00e2ches de cuisson plus longues.<\/p>\n<\/div>\n<\/div>\n<div class=\"coffe-prod-bullet-container product-feature-background product-feature-width-100\">\n<div class=\"prod-feature-text\">\n<p class=\"title-bold title-upper\">Technologie de friture \u00e0 air chaud<\/p>\n<p>Go\u00fbt frit sans la graisse! Cette m\u00e9thode de cuisson innovante enveloppe les aliments d&rsquo;air chaud \u00e0 haute intensit\u00e9 pour cuire, dorer et croustiller vos aliments pr\u00e9f\u00e9r\u00e9s en utilisant peu ou pas d&rsquo;huile. <\/p>\n<\/div>\n<div class=\"prod-feature-img\">\n<img decoding=\"async\" class=\"prod-feature-image\" src=\"\/wp-content\/uploads\/2025\/10\/TO1785SG_SupFeat_1_AirFryTechnology.jpg\">\n<\/div>\n<\/div>\n<div class=\"coffe-prod-bullet-container product-feature-background product-feature-width-100\">\n<div class=\"prod-feature-img-2\">\n<img decoding=\"async\" class=\"prod-feature-image\" src=\"\/wp-content\/uploads\/2025\/10\/TO1785SG_SupFeat_2_EvenToastTechnology.jpg\">\n<\/div>\n<div class=\"prod-feature-text-2\">\n<div>\n<p style=\"margin-bottom:15px;\"><b>TECHNOLOGIE EVENTOAST<\/b><\/p>\n<p>Grillage plus uniforme gr\u00e2ce \u00e0 la conception unique du diffuseur de chaleur. Il distribue uniform\u00e9ment la chaleur et l&rsquo;\u00e9nergie infrarouge dans tout le four pour optimiser un grillage uniforme. <\/div>\n<\/div>\n<\/div>\n<div class=\"coffe-prod-bullet-container product-feature-background product-feature-width-100\">\n<div class=\"prod-feature-text\">\n<p class=\"title-bold title-upper\">CAPACIT\u00c9 DE CUISSON<\/p>\n<p>Ce four grille-pain de comptoir convient \u00e0 une pizza de 9 po, quatre tranches de pain ou une vari\u00e9t\u00e9 d&rsquo;autres collations et repas.<\/p>\n<\/div>\n<div class=\"prod-feature-img\">\n<img decoding=\"async\" class=\"prod-feature-image\" src=\"\/wp-content\/uploads\/2025\/10\/TO1785SG_SupFeat_3_CookingCapacity.jpg\">\n<\/div>\n<\/div>\n<div class=\"coffe-prod-bullet-container product-feature-background product-feature-width-100\">\n<div class=\"prod-feature-img-2\">\n<img decoding=\"async\" class=\"prod-feature-image\" src=\"\/wp-content\/uploads\/2025\/10\/TO1785SG_SupFeat_4_IncludedRackandPan.jpg\">\n<\/div>\n<div class=\"prod-feature-text-2\">\n<div>\n<p style=\"margin-bottom:15px;\"><b>GRILLE ET PLAT INCLUS<\/b><\/p>\n<p>La grille et le plat de cuisson inclus s&rsquo;int\u00e8grent parfaitement dans le four grille-pain.<\/div>\n<\/div>\n<\/div>\n","protected":false},"excerpt":{"rendered":"<ul>\n<li>Technologie friteuse \u00e0 air chaud \u2013 Go\u00fbt de friture sans graisse !<\/li>\n<li>Deux boutons de commande &#8211; Minuterie pr\u00e9cise et s\u00e9lection de la fonction de cuisson<\/li>\n<li>Technologie EvenToast(MC) &#8211; Con\u00e7u pour un grillage uniforme<\/li>\n<li>5 fonctions : friteuse \u00e0 air chaud, cuire, griller, r\u00f4tir, maintien au chaud<\/li>\n<li>Convient \u00e0 une pizza de 9 po ou \u00e0 4 tranches de pain<\/li>\n<\/ul>\n","protected":false},"featured_media":753,"template":"","meta":[],"product_brand":[],"product_cat":[81],"product_tag":[],"class_list":{"0":"post-752","1":"product","2":"type-product","3":"status-publish","4":"has-post-thumbnail","6":"product_cat-fours-a-convection-grille-pain","7":"pa_color-argent","9":"first","10":"instock","11":"shipping-taxable","12":"product-type-simple"},"_links":{"self":[{"href":"https:\/\/blackanddeckerappliances.ca\/fr\/wp-json\/wp\/v2\/product\/752","targetHints":{"allow":["GET"]}}],"collection":[{"href":"https:\/\/blackanddeckerappliances.ca\/fr\/wp-json\/wp\/v2\/product"}],"about":[{"href":"https:\/\/blackanddeckerappliances.ca\/fr\/wp-json\/wp\/v2\/types\/product"}],"wp:featuredmedia":[{"embeddable":true,"href":"https:\/\/blackanddeckerappliances.ca\/fr\/wp-json\/wp\/v2\/media\/753"}],"wp:attachment":[{"href":"https:\/\/blackanddeckerappliances.ca\/fr\/wp-json\/wp\/v2\/media?parent=752"}],"wp:term":[{"taxonomy":"product_brand","embeddable":true,"href":"https:\/\/blackanddeckerappliances.ca\/fr\/wp-json\/wp\/v2\/product_brand?post=752"},{"taxonomy":"product_cat","embeddable":true,"href":"https:\/\/blackanddeckerappliances.ca\/fr\/wp-json\/wp\/v2\/product_cat?post=752"},{"taxonomy":"product_tag","embeddable":true,"href":"https:\/\/blackanddeckerappliances.ca\/fr\/wp-json\/wp\/v2\/product_tag?post=752"}],"curies":[{"name":"wp","href":"https:\/\/api.w.org\/{rel}","templated":true}]}}