{"id":637,"date":"2025-10-05T23:58:08","date_gmt":"2025-10-05T23:58:08","guid":{"rendered":"https:\/\/staging.blackanddeckerappliances.ca\/product\/natural-convection-4-slice-toaster-oven\/"},"modified":"2025-10-12T20:37:19","modified_gmt":"2025-10-12T20:37:19","slug":"natural-convection-4-slice-toaster-oven","status":"publish","type":"product","link":"https:\/\/blackanddeckerappliances.ca\/fr\/produit\/natural-convection-4-slice-toaster-oven\/","title":{"rendered":"Grille-pain 4 tranches en acier inoxydable"},"content":{"rendered":"<div>\nGo\u00fbtez la diff\u00e9rence m\u00eame si le chauffage peut faire avec le grille-pain BLACK+DECKERMD \u00e0 convection naturelle. L&rsquo;int\u00e9rieur a \u00e9t\u00e9 con\u00e7u en utilisant les principes de la thermodynamique, faisant circuler efficacement l&rsquo;air pour fournir un chauffage plus uniforme et des r\u00e9sultats rapides. La cuisson du comptoir est simple gr\u00e2ce \u00e0 la minuterie de 30 minutes et quatre fonctions de cuisson: cuire, griller, pain griller et garder au chaud. De plus, le grille-pain est parfait pour faire vos collations glac\u00e9es pr\u00e9f\u00e9r\u00e9es : p\u00e9pites de poulet, b\u00e2tons de mozzarella, rouleaux d&rsquo;\u0153ufs, ou tout ce que vous avez envie.   <\/p>\n<p>*par rapport aux anciens grille-pain fours BLACK+DECKER sans convection naturelle\n<\/p><\/div>\n<hr class=\"product-desc-divider\">\n<div style=\"coffe-prod-bullet-container\">\n<div class=\"coffee-product-50-left\">\n<img decoding=\"async\" src=\"\/wp-content\/uploads\/2025\/10\/TO1755SB_Hero.jpg\">\n<\/div>\n<div class=\"coffee-product-50-right\">\n<p class=\"title-bold\"><span class=\"bullet-background-number\">1<\/span> Convection naturelle<\/p>\n<p>Cuisson plus homog\u00e8ne. L&rsquo;int\u00e9rieur du grille-pain est con\u00e7u pour g\u00e9rer pr\u00e9cis\u00e9ment le flux d&rsquo;air en fonction des principes de la thermodynamique. <\/p>\n<p class=\"title-bold\"><span class=\"bullet-background-number\">2<\/span> Quatre fonctions de caisson<\/p>\n<p>Cuisson parfaite pour tous vos plats pr\u00e9f\u00e9r\u00e9s. Choisissez entre cuire, griller, pain griller, et garder au chaud. <\/p>\n<p class=\"title-bold\"><span class=\"bullet-background-number\">3<\/span> Plateau \u00e0 miettes amovible<\/p>\n<p>Retirez facilement les miettes de nourriture avant qu&rsquo;elles ne br\u00fblent au fond du four.<\/p>\n<\/div>\n<\/div>\n","protected":false},"excerpt":{"rendered":"<ul>\n<li>Convection naturelle<\/li>\n<li>Quatre modes de pr\u00e9paration<\/li>\n<li>Minuterie de 30 minutes<\/li>\n<li>Porte en verre ultra large<\/li>\n<li>Plaque et grill inclus<\/li>\n<\/ul>\n<h5>Manuel d\u2019utilisation et d\u2019entretien<\/h5>\n<p><a href=\"\/wp-content\/uploads\/2025\/10\/TO1755SB-Use-and-Care-Manual.pdf\" target=\"_blank\" rel=\"noopener\">TO1755SB Use and Care Manual<\/a> (pdf 321KB)<\/p>\n","protected":false},"featured_media":638,"template":"","meta":[],"product_brand":[],"product_cat":[81],"product_tag":[],"class_list":{"0":"post-637","1":"product","2":"type-product","3":"status-publish","4":"has-post-thumbnail","6":"product_cat-fours-a-convection-grille-pain","7":"pa_color-argent","8":"pa_convection-oui","9":"pa_warranty-limite-a-2-ans","10":"pa_wattage-1150-watts","12":"first","13":"instock","14":"shipping-taxable","15":"product-type-simple"},"_links":{"self":[{"href":"https:\/\/blackanddeckerappliances.ca\/fr\/wp-json\/wp\/v2\/product\/637","targetHints":{"allow":["GET"]}}],"collection":[{"href":"https:\/\/blackanddeckerappliances.ca\/fr\/wp-json\/wp\/v2\/product"}],"about":[{"href":"https:\/\/blackanddeckerappliances.ca\/fr\/wp-json\/wp\/v2\/types\/product"}],"wp:featuredmedia":[{"embeddable":true,"href":"https:\/\/blackanddeckerappliances.ca\/fr\/wp-json\/wp\/v2\/media\/638"}],"wp:attachment":[{"href":"https:\/\/blackanddeckerappliances.ca\/fr\/wp-json\/wp\/v2\/media?parent=637"}],"wp:term":[{"taxonomy":"product_brand","embeddable":true,"href":"https:\/\/blackanddeckerappliances.ca\/fr\/wp-json\/wp\/v2\/product_brand?post=637"},{"taxonomy":"product_cat","embeddable":true,"href":"https:\/\/blackanddeckerappliances.ca\/fr\/wp-json\/wp\/v2\/product_cat?post=637"},{"taxonomy":"product_tag","embeddable":true,"href":"https:\/\/blackanddeckerappliances.ca\/fr\/wp-json\/wp\/v2\/product_tag?post=637"}],"curies":[{"name":"wp","href":"https:\/\/api.w.org\/{rel}","templated":true}]}}