{"id":327,"date":"2025-10-04T19:20:06","date_gmt":"2025-10-04T19:20:06","guid":{"rendered":"https:\/\/staging.blackanddeckerappliances.ca\/product\/four-a-convection-de-4-tranches\/"},"modified":"2025-10-18T19:18:39","modified_gmt":"2025-10-18T19:18:39","slug":"four-a-convection-de-4-tranches","status":"publish","type":"product","link":"https:\/\/blackanddeckerappliances.ca\/fr\/produit\/four-a-convection-de-4-tranches\/","title":{"rendered":"Four \u00e0 convection de 4 tranches"},"content":{"rendered":"<div>\n<p>Suffisamment grand pour une pizza de 9 po\/23 cm ou quatre tranches de pain, le grille-pain four en acier inoxydable\/noir de 4 tranches BLACK+DECKERMD s\u2019int\u00e8gre parfaitement \u00e0 n\u2019importe quel comptoir de cuisine. Ce grille-pain four compact et polyvalent cuit, grille, fait des r\u00f4ties et maintient les aliments chauds jusqu\u2019\u00e0 450 \u00b0F. Il est dot\u00e9 d\u2019une plaque de cuisson et d\u2019une l\u00e8chefrite qui s\u2019ins\u00e8rent parfaitement \u00e0 l\u2019int\u00e9rieur du petit four. En outre, notre technologie exclusive EvenToast TechnologyMC optimise la distribution de chaleur pour des r\u00f4ties plus parfaites*.<br \/>*par rapport aux grille-pain fours standard BLACK+DECKERMD sans EvenToast TechnologyMC  <\/p>\n<\/div>\n<hr class=\"product-desc-divider\">\n<div>\n<div class=\"coffee-product-50-left\"><img decoding=\"async\" src=\"\/wp-content\/uploads\/2025\/10\/TO1313SBD.jpg\"><\/div>\n<div class=\"coffee-product-50-right\">\n<p class=\"title-bold\"><span class=\"bullet-background-number\">1<\/span> Capacit\u00e9<\/p>\n<p>L\u2019int\u00e9rieur permet d\u2019enfourner une pizza de 9 po\/23 cm, de griller quatre tranches de pain ou de pr\u00e9parer un grand nombre d\u2019autres types de collations et de plats.<\/p>\n<p class=\"title-bold\"><span class=\"bullet-background-number\">2<\/span> EvenToast Technology\u2122<\/p>\n<p>L\u2019int\u00e9rieur du grille-pain four est sp\u00e9cialement con\u00e7u pour griller de fa\u00e7on homog\u00e8ne jusqu\u2019\u00e0 4 tranches de pain \u00e0 la fois.<\/p>\n<p class=\"title-bold\"><span class=\"bullet-background-number\">3<\/span> Quatre modes de pr\u00e9paration<\/p>\n<p>Choisissez entre cuisson par convection, gril, grille-pain et r\u00e9chaud.<\/p>\n<\/div>\n<\/div>\n","protected":false},"excerpt":{"rendered":"<ul>\n<li>Capacit\u00e9 de cuisson de 4 tranches\/pizza de 9 po\/23 cm<\/li>\n<li>Minuterie de 30 minutes avec allumage prolong\u00e9<\/li>\n<li>R\u00e9glages grille-pain, gril, cuisson et r\u00e9chaud<\/li>\n<li>Ramasse-miettes amovible<\/li>\n<li>Plaque de cuisson et grille de l\u00e8chefrite incluses<\/li>\n<li>Garantie limit\u00e9e de 2 ans<\/li>\n<\/ul>\n<p><span style=\"display: block; font-weight: bold; margin-top: 20px;\">Manuel d\u2019utilisation et d\u2019entretien<\/span><\/p>\n<p><a href=\"\/wp-content\/uploads\/2025\/10\/TO1313SWD-Use-and-Care-Manual.pdf\">TO1313SWD Use and Care Manual<\/a> (pdf 483KB)<\/p>\n","protected":false},"featured_media":329,"template":"","meta":[],"product_brand":[],"product_cat":[81],"product_tag":[],"class_list":{"0":"post-327","1":"product","2":"type-product","3":"status-publish","4":"has-post-thumbnail","6":"product_cat-fours-a-convection-grille-pain","7":"pa_color-argent-noir","8":"pa_volts-120-volts","9":"pa_warranty-limite-a-2-ans","10":"pa_wattage-1150-watts","12":"first","13":"instock","14":"shipping-taxable","15":"product-type-simple"},"_links":{"self":[{"href":"https:\/\/blackanddeckerappliances.ca\/fr\/wp-json\/wp\/v2\/product\/327","targetHints":{"allow":["GET"]}}],"collection":[{"href":"https:\/\/blackanddeckerappliances.ca\/fr\/wp-json\/wp\/v2\/product"}],"about":[{"href":"https:\/\/blackanddeckerappliances.ca\/fr\/wp-json\/wp\/v2\/types\/product"}],"wp:featuredmedia":[{"embeddable":true,"href":"https:\/\/blackanddeckerappliances.ca\/fr\/wp-json\/wp\/v2\/media\/329"}],"wp:attachment":[{"href":"https:\/\/blackanddeckerappliances.ca\/fr\/wp-json\/wp\/v2\/media?parent=327"}],"wp:term":[{"taxonomy":"product_brand","embeddable":true,"href":"https:\/\/blackanddeckerappliances.ca\/fr\/wp-json\/wp\/v2\/product_brand?post=327"},{"taxonomy":"product_cat","embeddable":true,"href":"https:\/\/blackanddeckerappliances.ca\/fr\/wp-json\/wp\/v2\/product_cat?post=327"},{"taxonomy":"product_tag","embeddable":true,"href":"https:\/\/blackanddeckerappliances.ca\/fr\/wp-json\/wp\/v2\/product_tag?post=327"}],"curies":[{"name":"wp","href":"https:\/\/api.w.org\/{rel}","templated":true}]}}