{"id":1411,"date":"2025-10-15T18:50:03","date_gmt":"2025-10-15T18:50:03","guid":{"rendered":"https:\/\/staging.blackanddeckerappliances.ca\/product\/fer-a-vapeur-professionnel-alluremc-bleu\/"},"modified":"2025-10-15T18:50:03","modified_gmt":"2025-10-15T18:50:03","slug":"fer-a-vapeur-professionnel-alluremc-bleu","status":"publish","type":"product","link":"https:\/\/blackanddeckerappliances.ca\/fr\/produit\/fer-a-vapeur-professionnel-alluremc-bleu\/","title":{"rendered":"Fer \u00e0 vapeur professionnel AllureMC, bleu"},"content":{"rendered":"<div>Gr\u00e2ce au fer \u00e0 vapeur professionnel AllureMC BLACK+DECKERMD, faites votre repassage rapidement et efficacement. La technologie Dynamic SteamMC g\u00e9n\u00e8re 30 % de vapeur en plus pour le repassage professionnel et impeccable de vos v\u00eatements en un rien de temps. Gr\u00e2ce aux r\u00e9glages permettant de faire varier la temp\u00e9rature et la vapeur, trouvez l\u2019\u00e9quilibre optimal en fonction du type de tissus.<br \/>Le double bouton de r\u00e9glage de l\u2019humidit\u00e9 vous donne la possibilit\u00e9 de lisser compl\u00e8tement et rapidement les plis \u00e0 la vapeur ou de diffuser un brouillard pour humecter le tissu pendant son repassage. En outre, la fonction de d\u00e9froissage \u00e0 jets verticaux vous permet de d\u00e9froisser par petites retouches rapides les v\u00eatements sur un cintre ou de d\u00e9froisser les tentures et les \u00e9toffes d\u2019ameublement. Que ce soit pour sa facilit\u00e9 d\u2019utilisation ou pour les r\u00e9sultats professionnels et rapides qu\u2019il fournit, il n\u2019y a rien d\u2019\u00e9tonnant, car ce fer AllureMC est \u00e0 la hauteur de l\u2019excellente r\u00e9putation de la marque BLACK+DECKERMD.     <\/p>\n<p>*Par comparaison avec le GI405 Shark et le FV4476 T-Fal<\/p><\/div>\n<hr class=\"product-desc-divider\">\n<div style=\"coffe-prod-bullet-container\">\n<div class=\"coffee-product-50-left\">\n<img decoding=\"async\" src=\"\/wp-content\/uploads\/2025\/10\/D3030Prd2_NS_HR.jpg\">\n<\/div>\n<div class=\"coffee-product-50-right\">\n<p class=\"title-bold\"><span class=\"bullet-background-number\">1<\/span> Technologie Dynamic SteamMC<\/p>\n<p>Le fer AllureMC g\u00e9n\u00e8re plus de 30 % de vapeur en plus pour lisser rapidement et compl\u00e8tement les plis et obtenir des v\u00eatements, des draps, etc. impeccablement et durablement repass\u00e9s.<\/p>\n<p class=\"title-bold\"><span class=\"bullet-background-number\">2<\/span> Semelle en acier inoxydable<\/p>\n<p>La semelle en acier inoxydable est robuste et glisse en douceur sur tous les types de tissus pour faire dispara\u00eetre les plis en un rien de temps.<\/p>\n<p class=\"title-bold\"><span class=\"bullet-background-number\">3<\/span> R\u00e9glages de la temp\u00e9rature et de la vapeur<\/p>\n<p>Les r\u00e9glages ind\u00e9pendants de la temp\u00e9rature et de la vapeur vous donnent la possibilit\u00e9 de personnaliser chaque r\u00e9glage s\u00e9par\u00e9ment pour obtenir les meilleurs r\u00e9sultats, quel que soit le type de tissu.<\/p>\n<\/div>\n<\/div>\n<hr class=\"product-desc-divider\">\n","protected":false},"excerpt":{"rendered":"<ul>\n<li>Technologie Dynamic SteamMC<\/li>\n<li>Contr\u00f4le de temp\u00e9rature variable<\/li>\n<li>Semelle en acier inoxydable<\/li>\n<li>R\u00e9glages de la temp\u00e9rature et de la vapeur<\/li>\n<li>Extinction automatique<\/li>\n<li>Syst\u00e8me Auto CleanMC<\/li>\n<li>Vapeur verticale<\/li>\n<li>Anti-gouttes<\/li>\n<li>Arr\u00eat automatique \u00e0 3 voies<\/li>\n<\/ul>\n<div style=\"font-weight:700;margin-top:20px;\">Manuel d\u2019utilisation et d\u2019entretien<\/div>\n<p>\n<a href=\"\/wp-content\/uploads\/2025\/10\/D3030-Use-Care-Manual.pdf\">D3030 Use Care Manual<\/a> (pdf 1.8MB)<\/p>\n","protected":false},"featured_media":1145,"template":"","meta":[],"product_brand":[],"product_cat":[95],"product_tag":[],"class_list":{"0":"post-1411","1":"product","2":"type-product","3":"status-publish","4":"has-post-thumbnail","6":"product_cat-fers-a-repasser-professionnels","7":"pa_color-bleu","8":"pa_volts-120-volts","9":"pa_warranty-limite-a-2-ans","10":"pa_wattage-1600-watts","12":"first","13":"instock","14":"shipping-taxable","15":"product-type-simple"},"_links":{"self":[{"href":"https:\/\/blackanddeckerappliances.ca\/fr\/wp-json\/wp\/v2\/product\/1411","targetHints":{"allow":["GET"]}}],"collection":[{"href":"https:\/\/blackanddeckerappliances.ca\/fr\/wp-json\/wp\/v2\/product"}],"about":[{"href":"https:\/\/blackanddeckerappliances.ca\/fr\/wp-json\/wp\/v2\/types\/product"}],"wp:featuredmedia":[{"embeddable":true,"href":"https:\/\/blackanddeckerappliances.ca\/fr\/wp-json\/wp\/v2\/media\/1145"}],"wp:attachment":[{"href":"https:\/\/blackanddeckerappliances.ca\/fr\/wp-json\/wp\/v2\/media?parent=1411"}],"wp:term":[{"taxonomy":"product_brand","embeddable":true,"href":"https:\/\/blackanddeckerappliances.ca\/fr\/wp-json\/wp\/v2\/product_brand?post=1411"},{"taxonomy":"product_cat","embeddable":true,"href":"https:\/\/blackanddeckerappliances.ca\/fr\/wp-json\/wp\/v2\/product_cat?post=1411"},{"taxonomy":"product_tag","embeddable":true,"href":"https:\/\/blackanddeckerappliances.ca\/fr\/wp-json\/wp\/v2\/product_tag?post=1411"}],"curies":[{"name":"wp","href":"https:\/\/api.w.org\/{rel}","templated":true}]}}