{"id":1406,"date":"2025-10-15T18:56:55","date_gmt":"2025-10-15T18:56:55","guid":{"rendered":"https:\/\/staging.blackanddeckerappliances.ca\/product\/le-fer-a-vapeur-perfectionne-impactmc-bleu\/"},"modified":"2025-10-15T18:56:55","modified_gmt":"2025-10-15T18:56:55","slug":"le-fer-a-vapeur-perfectionne-impactmc-bleu","status":"publish","type":"product","link":"https:\/\/blackanddeckerappliances.ca\/fr\/produit\/le-fer-a-vapeur-perfectionne-impactmc-bleu\/","title":{"rendered":"Le fer \u00e0 vapeur perfectionn\u00e9 IMPACTMC, bleu"},"content":{"rendered":"<div>Le fer \u00e0 vapeur perfectionn\u00e9 IMPACTMC BLACK+DECKERMD a \u00e9t\u00e9 mis au point pour offrir une robustesse maximale, donnant ainsi un rendement et une structure durables. S\u00fbr \u00e0 utiliser et parfaitement fonctionnel m\u00eame apr\u00e8s une chute de 4 pieds de la planche \u00e0 repasser, le fer IMPACTMC est couvert par une garantie limit\u00e9e de 4 ans. La semelle en acier inoxydable glisse en douceur et le jet de vapeur puissant ne laisse aucune chance aux plis. Les r\u00e9glages ind\u00e9pendants de la temp\u00e9rature et de la vapeur permettent d\u2019obtenir l\u2019\u00e9quilibre optimal pour tous les types de tissus et, gr\u00e2ce au d\u00e9froissage \u00e0 jets verticaux, les v\u00eatements peuvent se d\u00e9froisser \u00e0 la vapeur sur un cintre. Tr\u00e8s performant dans son ensemble, le fer \u00e0 vapeur perfectionn\u00e9 IMPACTMC BLACK+DECKERMD a \u00e9t\u00e9 con\u00e7u pour durer.    <\/div>\n<hr class=\"product-desc-divider\">\n<div style=\"coffe-prod-bullet-container\">\n<div class=\"coffee-product-50-left\">\n<img decoding=\"async\" src=\"\/wp-content\/uploads\/2025\/10\/IR3000CPrd2_NS_HR.jpg\">\n<\/div>\n<div class=\"coffee-product-50-right\">\n<p class=\"title-bold\"><span class=\"bullet-background-number\">1<\/span> Semelle en acier inoxydable<\/p>\n<p>La semelle robuste glisse facilement sur tous les types de tissus et pr\u00e9sente une pointe \u00e9troite facilitant le repassage pr\u00e9cis autour des boutons et des cols.<\/p>\n<p class=\"title-bold\"><span class=\"bullet-background-number\">2<\/span> R\u00e9glages ind\u00e9pendants de la temp\u00e9rature et de la vapeur<\/p>\n<p>\u00c0 l\u2019aide des deux contr\u00f4les ind\u00e9pendants, optimisez le r\u00e9glage de la temp\u00e9rature et de la vapeur pour n\u2019importe quel type de tissus.<\/p>\n<p class=\"title-bold\"><span class=\"bullet-background-number\">3<\/span> Robustesse maximale<\/p>\n<p>La structure renforc\u00e9e et les amortisseurs de protection en caoutchouc contribuent \u00e0 l\u2019exceptionnelle robustesse du fer.<\/p>\n<\/div>\n<\/div>\n<hr class=\"product-desc-divider\">\n","protected":false},"excerpt":{"rendered":"<ul>\n<li>Robustesse maximale<\/li>\n<li>Semelle en acier inoxydable<\/li>\n<li>Garantie limit\u00e9e de 4 ans<\/li>\n<li>R\u00e9glages ind\u00e9pendants de la temp\u00e9rature et de la vapeur<\/li>\n<li>Triple extinction automatique<\/li>\n<li>Rafales de vapeur<\/li>\n<li>Jet de fines gouttes<\/li>\n<li>Cordon pivotant \u00e0 360 \u00b0<\/li>\n<li>Syst\u00e8me Auto CleanMC<\/li>\n<li>Manche ComfortGripMC<\/li>\n<li>Jets de vapeur verticaux<\/li>\n<li>R\u00e9servoir d\u2019eau de grande capacit\u00e9<\/li>\n<\/ul>\n<div style=\"font-weight:700;margin-top:20px;\">Manuel d\u2019utilisation et d\u2019entretien<\/div>\n<p>\n<a href=\"\/wp-content\/uploads\/2025\/10\/IR3000C-Use-Care-Manual.pdf\">IR3000C Use Care Manual<\/a> (pdf 840KB)<\/p>\n","protected":false},"featured_media":1152,"template":"","meta":[],"product_brand":[],"product_cat":[95],"product_tag":[],"class_list":{"0":"post-1406","1":"product","2":"type-product","3":"status-publish","4":"has-post-thumbnail","6":"product_cat-fers-a-repasser-professionnels","7":"pa_color-bleu-gris","8":"pa_volts-120-volts","9":"pa_warranty-limitee-de-4-ans","10":"pa_wattage-1500-watts","12":"first","13":"instock","14":"shipping-taxable","15":"product-type-simple"},"_links":{"self":[{"href":"https:\/\/blackanddeckerappliances.ca\/fr\/wp-json\/wp\/v2\/product\/1406","targetHints":{"allow":["GET"]}}],"collection":[{"href":"https:\/\/blackanddeckerappliances.ca\/fr\/wp-json\/wp\/v2\/product"}],"about":[{"href":"https:\/\/blackanddeckerappliances.ca\/fr\/wp-json\/wp\/v2\/types\/product"}],"wp:featuredmedia":[{"embeddable":true,"href":"https:\/\/blackanddeckerappliances.ca\/fr\/wp-json\/wp\/v2\/media\/1152"}],"wp:attachment":[{"href":"https:\/\/blackanddeckerappliances.ca\/fr\/wp-json\/wp\/v2\/media?parent=1406"}],"wp:term":[{"taxonomy":"product_brand","embeddable":true,"href":"https:\/\/blackanddeckerappliances.ca\/fr\/wp-json\/wp\/v2\/product_brand?post=1406"},{"taxonomy":"product_cat","embeddable":true,"href":"https:\/\/blackanddeckerappliances.ca\/fr\/wp-json\/wp\/v2\/product_cat?post=1406"},{"taxonomy":"product_tag","embeddable":true,"href":"https:\/\/blackanddeckerappliances.ca\/fr\/wp-json\/wp\/v2\/product_tag?post=1406"}],"curies":[{"name":"wp","href":"https:\/\/api.w.org\/{rel}","templated":true}]}}