{"id":1400,"date":"2025-10-15T19:02:12","date_gmt":"2025-10-15T19:02:12","guid":{"rendered":"https:\/\/staging.blackanddeckerappliances.ca\/product\/fer-a-vapeur-professionnel-a-semelle-en-acier-inoxydable-mauve\/"},"modified":"2025-10-15T19:02:12","modified_gmt":"2025-10-15T19:02:12","slug":"fer-a-vapeur-professionnel-a-semelle-en-acier-inoxydable-mauve","status":"publish","type":"product","link":"https:\/\/blackanddeckerappliances.ca\/fr\/produit\/fer-a-vapeur-professionnel-a-semelle-en-acier-inoxydable-mauve\/","title":{"rendered":"Fer \u00e0 vapeur professionnel \u00e0 semelle en acier inoxydable, mauve"},"content":{"rendered":"<div>Ce fer \u00e0 rendement \u00e9lev\u00e9 fournit des r\u00e9sultats de niveau professionnel en g\u00e9n\u00e9rant une vapeur puissante \u00e0 pression \u00e9lev\u00e9e qui lisse rapidement et compl\u00e8tement les plis. Le cordon \u00e9lectrique de 10 pi est pratique et vous permet de vous d\u00e9placer plus librement, la semelle robuste en acier inoxydable glisse en douceur sur le tissu et offre une longue dur\u00e9e de vie, et les r\u00e9glages ind\u00e9pendants de la vapeur et de la temp\u00e9rature vous permettent de trouver l\u2019\u00e9quilibre optimal en fonction du type de tissus. En outre, la triple extinction automatique a \u00e9t\u00e9 con\u00e7ue pour votre tranquillit\u00e9 d\u2019esprit \u00e0 chaque fois que vous repassez.  <\/div>\n<hr class=\"product-desc-divider\">\n<div style=\"coffe-prod-bullet-container\">\n<div class=\"coffee-product-50-left\">\n<img decoding=\"async\" src=\"\/wp-content\/uploads\/2025\/10\/IR1350SCPrd2_NS_HR.jpg\">\n<\/div>\n<div class=\"coffee-product-50-right\">\n<p class=\"title-bold\"><span class=\"bullet-background-number\">1<\/span> Semelle en acier inoxydable<\/p>\n<p>Connu pour sa capacit\u00e9 \u00e0 glisser en douceur sur tous les types de tissus, le mat\u00e9riau utilis\u00e9 pour cette semelle lui conf\u00e8re une grande robustesse et une forte r\u00e9sistance aux rayures, vous donnant ainsi une satisfaction \u00e0 long terme.<\/p>\n<p class=\"title-bold\"><span class=\"bullet-background-number\">2<\/span> R\u00e9glages de la vapeur et de la temp\u00e9rature<\/p>\n<p>R\u00e9glages ind\u00e9pendants permettant d\u2019optimiser le repassage en fonction du tissu, pour une polyvalence sup\u00e9rieure. Le cadran de r\u00e9glage de la temp\u00e9rature est un guide utile qui pr\u00e9sente des pressions de vapeur recommand\u00e9es. <\/p>\n<p class=\"title-bold\"><span class=\"bullet-background-number\">3<\/span> Cordon \u00e9lectrique de 10 pieds<\/p>\n<p>Le cordon \u00e9lectrique pivotant d\u2019une longueur g\u00e9n\u00e9reuse de 10 pi vous permet de repasser librement ou de vous d\u00e9placer facilement pour acc\u00e9der aux tentures ou aux rideaux \u00e0 d\u00e9froisser par jets verticaux.<\/p>\n<\/div>\n<\/div>\n<hr class=\"product-desc-divider\">\n","protected":false},"excerpt":{"rendered":"<ul>\n<li>Semelle robuste en acier inoxydable<\/li>\n<li>R\u00e9glages de la vapeur et de la temp\u00e9rature<\/li>\n<li>Triple extinction automatique<\/li>\n<li>Syst\u00e8me Auto CleanMC<\/li>\n<li>Conception antigoutte<\/li>\n<\/ul>\n<div style=\"font-weight:700;margin-top:20px;\">Manuel d\u2019utilisation et d\u2019entretien<\/div>\n<p>\n<a href=\"\/wp-content\/uploads\/2025\/10\/IR1350SC-Use-Care-Manual.pdf\">IR1350SC Use Care Manual<\/a> (pdf 294KB)<\/p>\n","protected":false},"featured_media":1159,"template":"","meta":[],"product_brand":[],"product_cat":[95],"product_tag":[],"class_list":{"0":"post-1400","1":"product","2":"type-product","3":"status-publish","4":"has-post-thumbnail","6":"product_cat-fers-a-repasser-professionnels","7":"pa_color-mauve","8":"pa_volts-120-volts","9":"pa_warranty-limite-a-2-ans","10":"pa_wattage-1500-watts","12":"first","13":"instock","14":"shipping-taxable","15":"product-type-simple"},"_links":{"self":[{"href":"https:\/\/blackanddeckerappliances.ca\/fr\/wp-json\/wp\/v2\/product\/1400","targetHints":{"allow":["GET"]}}],"collection":[{"href":"https:\/\/blackanddeckerappliances.ca\/fr\/wp-json\/wp\/v2\/product"}],"about":[{"href":"https:\/\/blackanddeckerappliances.ca\/fr\/wp-json\/wp\/v2\/types\/product"}],"wp:featuredmedia":[{"embeddable":true,"href":"https:\/\/blackanddeckerappliances.ca\/fr\/wp-json\/wp\/v2\/media\/1159"}],"wp:attachment":[{"href":"https:\/\/blackanddeckerappliances.ca\/fr\/wp-json\/wp\/v2\/media?parent=1400"}],"wp:term":[{"taxonomy":"product_brand","embeddable":true,"href":"https:\/\/blackanddeckerappliances.ca\/fr\/wp-json\/wp\/v2\/product_brand?post=1400"},{"taxonomy":"product_cat","embeddable":true,"href":"https:\/\/blackanddeckerappliances.ca\/fr\/wp-json\/wp\/v2\/product_cat?post=1400"},{"taxonomy":"product_tag","embeddable":true,"href":"https:\/\/blackanddeckerappliances.ca\/fr\/wp-json\/wp\/v2\/product_tag?post=1400"}],"curies":[{"name":"wp","href":"https:\/\/api.w.org\/{rel}","templated":true}]}}