{"id":1397,"date":"2025-10-15T19:30:13","date_gmt":"2025-10-15T19:30:13","guid":{"rendered":"https:\/\/staging.blackanddeckerappliances.ca\/product\/fer-a-repasser-vitessamc-a-vapeur-perfecionne-avec-semelle-en-acier-inoxydable-couleur-canneberge\/"},"modified":"2025-10-15T19:30:13","modified_gmt":"2025-10-15T19:30:13","slug":"fer-a-repasser-vitessamc-a-vapeur-perfecionne-avec-semelle-en-acier-inoxydable-couleur-canneberge","status":"publish","type":"product","link":"https:\/\/blackanddeckerappliances.ca\/fr\/produit\/fer-a-repasser-vitessamc-a-vapeur-perfecionne-avec-semelle-en-acier-inoxydable-couleur-canneberge\/","title":{"rendered":"Fer \u00e0 repasser VitessaMC \u00e0 vapeur perfecionn\u00e9 avec semelle en acier inoxydable, couleur Canneberge"},"content":{"rendered":"<div>BLACK+DECKER\u00ae &#8211; la marque n\u00b01 des fers \u00e0 repasser* &#8211; optimise l&rsquo;entretien des v\u00eatements avec le fer \u00e0 vapeur VitessaMC perfectionn\u00e9. La conception de la semelle \u00e0 vapeur uniforme produit un flux de vapeur plus r\u00e9gulier du talon \u00e0 la pointe** pour des r\u00e9sultats rapides et professionnels. La technologie SmartSteamMC combine les commandes de vapeur et de temp\u00e9rature en un seul cadran facile \u00e0 utiliser. De plus, ce fer produit de puissants jets de vapeur pour \u00e9liminer efficacement les plis, et peut m\u00eame \u00eatre utilis\u00e9 \u00e0 la verticale pour retoucher rapidement les v\u00eatements sur le cintre.   <\/p>\n<p>*Source : NPD POS, donn\u00e9es d&rsquo;avril 2016<br \/>\n**Comparativement au BLACK+DECKER\u00ae IR08x fer \u00e0 repasser standard avec semelle standard<\/p>\n<\/div>\n<hr class=\"product-desc-divider\">\n<div style=\"coffe-prod-bullet-container\">\n<div class=\"coffee-product-50-left\">\n<img decoding=\"async\" src=\"\/wp-content\/uploads\/2025\/10\/IR2050_Vitessa_Hero.jpg\">\n<\/div>\n<div class=\"coffee-product-50-right\">\n<p class=\"title-bold\"><span class=\"bullet-background-number\">1<\/span> Technologie SmartSteam<\/p>\n<p>\u00c9liminez l\u2019incertitude lors du repassage. La technologie SmartSteamMC a \u00e9t\u00e9 con\u00e7ue pour vous donner une temp\u00e9rature de semelle et un niveau de vapeur optimis\u00e9s pour chaque v\u00eatement en un seul cadran facile \u00e0 utiliser. <\/p>\n<p class=\"title-bold\"><span class=\"bullet-background-number\">2<\/span> Semelle en acier inoxydable<\/p>\n<p>La semelle r\u00e9sistante glisse facilement sur tous les types de tissus et comporte une pointe \u00e9troite pour un repassage pr\u00e9cis autour des boutons et des cols.<\/p>\n<p class=\"title-bold\"><span class=\"bullet-background-number\">3<\/span> Arr\u00eat automatique \u00e0 3 niveaux<\/p>\n<p>Ayez l&rsquo;esprit tranquille gr\u00e2ce \u00e0 la technologie sensible aux mouvements qui \u00e9teint le fer apr\u00e8s 8 minutes sur le talon ou 30 secondes sur la semelle ou les c\u00f4t\u00e9s.<\/p>\n<\/div>\n<\/div>\n<hr class=\"product-desc-divider\">\n","protected":false},"excerpt":{"rendered":"<ul>\n<li>Technologie SmartSteamMC<\/li>\n<li>Semelle en acier inoxydable<\/li>\n<li>Arr\u00eat automatique \u00e0 3 niveaux<\/li>\n<li>Cordon \u00e0 deux positions<\/li>\n<li>Jet de vapeur<\/li>\n<li>Jet de fines gouttes<\/li>\n<li>Syst\u00e8me Auto Clean<\/li>\n<li>R\u00e9servoir d&rsquo;eau \u00e0 grande capacit\u00e9<\/li>\n<li>Anti-gouttes<\/li>\n<li>Vapeur verticale<\/li>\n<\/ul>\n<div style=\"font-weight:700;margin-top:20px;\">Manuel d\u2019utilisation et d\u2019entretien<\/div>\n<p>\n<a href=\"\/wp-content\/uploads\/2025\/10\/IR2050-Use-And-Care-Manual.pdf\">IR2050 Use And Care Manual<\/a> (pdf 1.0MB)<\/p>\n","protected":false},"featured_media":1168,"template":"","meta":[],"product_brand":[],"product_cat":[95],"product_tag":[],"class_list":{"0":"post-1397","1":"product","2":"type-product","3":"status-publish","4":"has-post-thumbnail","6":"product_cat-fers-a-repasser-professionnels","7":"pa_color-canneberge","8":"pa_volts-120-volts","9":"pa_warranty-limite-a-2-ans","10":"pa_wattage-1200-watts","12":"first","13":"instock","14":"shipping-taxable","15":"product-type-simple"},"_links":{"self":[{"href":"https:\/\/blackanddeckerappliances.ca\/fr\/wp-json\/wp\/v2\/product\/1397","targetHints":{"allow":["GET"]}}],"collection":[{"href":"https:\/\/blackanddeckerappliances.ca\/fr\/wp-json\/wp\/v2\/product"}],"about":[{"href":"https:\/\/blackanddeckerappliances.ca\/fr\/wp-json\/wp\/v2\/types\/product"}],"wp:featuredmedia":[{"embeddable":true,"href":"https:\/\/blackanddeckerappliances.ca\/fr\/wp-json\/wp\/v2\/media\/1168"}],"wp:attachment":[{"href":"https:\/\/blackanddeckerappliances.ca\/fr\/wp-json\/wp\/v2\/media?parent=1397"}],"wp:term":[{"taxonomy":"product_brand","embeddable":true,"href":"https:\/\/blackanddeckerappliances.ca\/fr\/wp-json\/wp\/v2\/product_brand?post=1397"},{"taxonomy":"product_cat","embeddable":true,"href":"https:\/\/blackanddeckerappliances.ca\/fr\/wp-json\/wp\/v2\/product_cat?post=1397"},{"taxonomy":"product_tag","embeddable":true,"href":"https:\/\/blackanddeckerappliances.ca\/fr\/wp-json\/wp\/v2\/product_tag?post=1397"}],"curies":[{"name":"wp","href":"https:\/\/api.w.org\/{rel}","templated":true}]}}