{"id":1392,"date":"2025-10-15T19:36:46","date_gmt":"2025-10-15T19:36:46","guid":{"rendered":"https:\/\/staging.blackanddeckerappliances.ca\/product\/elite-pro-series-fer-a-repasser-a-vapeur-6-reglages-1700-w-bleu-marine\/"},"modified":"2025-10-15T19:36:46","modified_gmt":"2025-10-15T19:36:46","slug":"elite-pro-series-fer-a-repasser-a-vapeur-6-reglages-1700-w-bleu-marine","status":"publish","type":"product","link":"https:\/\/blackanddeckerappliances.ca\/fr\/produit\/elite-pro-series-fer-a-repasser-a-vapeur-6-reglages-1700-w-bleu-marine\/","title":{"rendered":"Elite Pro-Series Fer \u00e0 repasser \u00e0 vapeur 6 r\u00e9glages 1700 W Bleu marine"},"content":{"rendered":"<div>Prenez soin de votre liste de t\u00e2ches rapidement avec le fer \u00e0 repasser \u00e0 vapeur BLACK+DECKERMD Elite Pro-Series. Notre semelle brevet\u00e9e en diamant est ultra durable et conditionne les tissus pendant que vous repassez, en d\u00e9fendant contre les plis et l&rsquo;\u00e9lectricit\u00e9 statique pour une exp\u00e9rience de repassage lisse. Cette grande semelle offre une vapeur puissante du talon \u00e0 la pointe pour des r\u00e9sultats rapides sur tous les tissus repassables. Le syst\u00e8me Dynamic Steam offre une vapeur de deux fa\u00e7ons : la vapeur continue pour \u00e9liminer les plis pendant le repassage, et une puissante explosion de vapeur en orientation horizontale ou verticale pour une utilisation sur les rideaux et les v\u00eatements sur le cintre. Vous pouvez personnaliser les r\u00e9glages de chaleur et de vapeur en fonction du type de tissu avec les contr\u00f4les de temp\u00e9rature et de vapeur. De la facilit\u00e9 d&rsquo;utilisation aux r\u00e9sultats rapides et professionnels, le fer Elite Pro-Series offre une performance fiable \u00e0 votre int\u00e9rieur.     <\/p>\n<p>*Bas\u00e9 sur des tests standards de l&rsquo;industrie qui permettent une variation<\/p>\n<\/div>\n<hr class=\"product-desc-divider\">\n<div style=\"coffe-prod-bullet-container\">\n<div class=\"coffee-product-50-left\">\n<img decoding=\"async\" src=\"\/wp-content\/uploads\/2025\/10\/D3300_Extended_SKU_Hero.jpg\">\n<\/div>\n<div class=\"coffee-product-50-right\">\n<p class=\"title-bold\"><span class=\"bullet-background-number\">1<\/span> Contr\u00f4les de temp\u00e9rature variable et de vapeur<\/p>\n<p>Les contr\u00f4les ind\u00e9pendants de vapeur et de temp\u00e9rature vous donnent la possibilit\u00e9 de personnaliser chaque r\u00e9glage s\u00e9par\u00e9ment pour de meilleurs r\u00e9sultats sur tous les types de tissus repassables.<\/p>\n<p class=\"title-bold\"><span class=\"bullet-background-number\">2<\/span> Puissance de 1700 W*<\/p>\n<p>Profitez d&rsquo;une chaleur rapide et d&rsquo;une vapeur puissante pour des r\u00e9sultats rapides et efficaces sur les v\u00eatements.<\/p>\n<p class=\"title-bold\"><span class=\"bullet-background-number\">3<\/span> Cordon pivotant \u00e0 360 degr\u00e9s<\/p>\n<p>Repassage facile \u00e0 n&rsquo;importe quel angle &#8211; le cordon pivotant \u00e0 mouvement souple a une longueur de 10 pieds pour un repassage sans probl\u00e8me. <\/p>\n<\/div>\n<\/div>\n<div class=\"coffe-prod-bullet-container product-feature-background product-feature-width-100\">\n<div class=\"prod-feature-text\">\n<p class=\"title-bold title-upper\">Semelle diamant\u00e9e<\/p>\n<p>D\u00e9couvrez une exp\u00e9rience de repassage fluide. Notre semelle exclusive est infus\u00e9e avec un adoucissant pour conditionner et d\u00e9fendre contre les plis et l&rsquo;\u00e9lectricit\u00e9 statique. <\/p>\n<\/div>\n<div class=\"prod-feature-img\">\n<img decoding=\"async\" class=\"prod-feature-image\" src=\"\/wp-content\/uploads\/2025\/10\/D3300_Extended_SupFeat_1.jpg\">\n<\/div>\n<\/div>\n<div class=\"coffe-prod-bullet-container product-feature-background product-feature-width-100\">\n<div class=\"prod-feature-img-2\">\n<img decoding=\"async\" class=\"prod-feature-image\" src=\"\/wp-content\/uploads\/2025\/10\/D3300_Extended_SupFeat_2.jpg\">\n<\/div>\n<div class=\"prod-feature-text-2\">\n<div>\n<p style=\"margin-bottom:15px;\"><b>Syst\u00e8me de vapeur dynamique<\/b><\/p>\n<p>Utilisez de la vapeur continue pour \u00e9liminer les plis pendant le repassage, et la puissante explosion de vapeur sur la planche \u00e0 repasser ou verticalement pour les rideaux et les v\u00eatements sur le cintre.<\/div>\n<\/div>\n<\/div>\n<div class=\"coffe-prod-bullet-container product-feature-background product-feature-width-100\">\n<div class=\"prod-feature-text\">\n<p class=\"title-bold title-upper\">Arr\u00eat automatique \u00e0 3 voies<\/p>\n<p>Pour plus de tranquillit\u00e9 d&rsquo;esprit, le fer s&rsquo;\u00e9teint lorsqu&rsquo;il est laiss\u00e9 sans surveillance pendant 30 secondes sur le c\u00f4t\u00e9 ou la semelle et apr\u00e8s 8 minutes sur le repose-talon.<\/p>\n<\/div>\n<div class=\"prod-feature-img\">\n<img decoding=\"async\" class=\"prod-feature-image\" src=\"\/wp-content\/uploads\/2025\/10\/D3300_Extended_SupFeat_3.jpg\">\n<\/div>\n<\/div>\n","protected":false},"excerpt":{"rendered":"<ul>\n<li>Semelle enrichie de diamants \u2013 Conditionne le tissu pour le prot\u00e9ger contre les plis et l&rsquo;\u00e9lectricit\u00e9 statique<\/li>\n<li>Syst\u00e8me de vapeur dynamique &#8211; Des r\u00e9sultats professionnels et rapides<\/li>\n<li>Puissance de 1700 watts* &#8211; Chauffage rapide pour d\u00e9froisser et repasser \u00e0 la vapeur partout dans la maison<\/li>\n<li>Commandes de temp\u00e9rature et de vapeur variables &#8211; R\u00e9sultats optimaux sur une vari\u00e9t\u00e9 de tissus repassables<\/li>\n<li>Arr\u00eat automatique \u00e0 3 niveaux &#8211; S\u00e9curit\u00e9 et tranquillit\u00e9 d&rsquo;esprit \u00e0 chaque utilisation<\/li>\n<li>Syst\u00e8me Auto CleanMC &#8211; Maintenez le fer \u00e0 repasser au maximum de ses performances gr\u00e2ce au syst\u00e8me Auto CleanMC, qui \u00e9limine les d\u00e9p\u00f4ts min\u00e9raux<\/li>\n<\/ul>\n<div style=\"font-weight:700;margin-top:20px;\">Manuel d\u2019utilisation et d\u2019entretien<\/div>\n<p>\n<a href=\"\/wp-content\/uploads\/2025\/10\/D3300-Use-and-Care-Manual.pdf\">D3300 Use and Care Manual<\/a> (pdf 374KB)<\/p>\n","protected":false},"featured_media":1177,"template":"","meta":[],"product_brand":[],"product_cat":[95],"product_tag":[],"class_list":{"0":"post-1392","1":"product","2":"type-product","3":"status-publish","4":"has-post-thumbnail","6":"product_cat-fers-a-repasser-professionnels","7":"pa_color-bleu-marine","8":"pa_volts-120-volts","9":"pa_warranty-limite-a-2-ans","10":"pa_wattage-1700-watts","12":"first","13":"instock","14":"shipping-taxable","15":"product-type-simple"},"_links":{"self":[{"href":"https:\/\/blackanddeckerappliances.ca\/fr\/wp-json\/wp\/v2\/product\/1392","targetHints":{"allow":["GET"]}}],"collection":[{"href":"https:\/\/blackanddeckerappliances.ca\/fr\/wp-json\/wp\/v2\/product"}],"about":[{"href":"https:\/\/blackanddeckerappliances.ca\/fr\/wp-json\/wp\/v2\/types\/product"}],"wp:featuredmedia":[{"embeddable":true,"href":"https:\/\/blackanddeckerappliances.ca\/fr\/wp-json\/wp\/v2\/media\/1177"}],"wp:attachment":[{"href":"https:\/\/blackanddeckerappliances.ca\/fr\/wp-json\/wp\/v2\/media?parent=1392"}],"wp:term":[{"taxonomy":"product_brand","embeddable":true,"href":"https:\/\/blackanddeckerappliances.ca\/fr\/wp-json\/wp\/v2\/product_brand?post=1392"},{"taxonomy":"product_cat","embeddable":true,"href":"https:\/\/blackanddeckerappliances.ca\/fr\/wp-json\/wp\/v2\/product_cat?post=1392"},{"taxonomy":"product_tag","embeddable":true,"href":"https:\/\/blackanddeckerappliances.ca\/fr\/wp-json\/wp\/v2\/product_tag?post=1392"}],"curies":[{"name":"wp","href":"https:\/\/api.w.org\/{rel}","templated":true}]}}