{"id":1384,"date":"2025-10-15T18:34:49","date_gmt":"2025-10-15T18:34:49","guid":{"rendered":"https:\/\/staging.blackanddeckerappliances.ca\/product\/defroisseur-portatif-perfectionne\/"},"modified":"2025-10-15T18:34:49","modified_gmt":"2025-10-15T18:34:49","slug":"defroisseur-portatif-perfectionne","status":"publish","type":"product","link":"https:\/\/blackanddeckerappliances.ca\/fr\/produit\/defroisseur-portatif-perfectionne\/","title":{"rendered":"D\u00e9froisseur portatif perfectionn\u00e9"},"content":{"rendered":"<div>Gr\u00e2ce au d\u00e9froisseur portatif perfectionn\u00e9, effacer les plis des v\u00eatements et redonner de la souplesse aux tissus est un jeu d\u2019enfant. D\u00e9veloppant une puissance de 1 400 W et offrant un temps de pr\u00e9chauffage inf\u00e9rieur \u00e0 une minute, ce d\u00e9froisseur pugnace se joue des plis avec une rapidit\u00e9 et une efficacit\u00e9 surprenantes en g\u00e9n\u00e9rant 45 % de vapeur de plus que les d\u00e9froisseurs Conair\u00ae de la S\u00e9rie GS23*. La g\u00e2chette verrouillable vous permet de diffuser la vapeur en continu ou par petites rafales; en outre, trois accessoires sont inclus pour retirer la peluche, d\u00e9froisser \u00e0 la vapeur les \u00e9toffes d\u2019ameublement et les tissus d\u00e9licats.<br \/>Vraiment pratique, il est parfait pour d\u00e9sodoriser et rafra\u00eechir la literie, les tentures et les jouets en peluche ou nettoyer \u00e0 la vapeur les rev\u00eatements en dur r\u00e9sistants \u00e0 la chaleur et \u00e0 l\u2019humidit\u00e9, par exemple les tablettes de chaises hautes et les surfaces de jeu pour enfants, au lieu d\u2019utiliser des produits chimiques. Le d\u00e9froisseur portatif perfectionn\u00e9 BLACK+DECKERMD met \u00e0 votre disposition la puissance de la vapeur dans un appareil l\u00e9ger et pratique pour une utilisation quotidienne rapide, vous permettant ainsi de maintenir sans plis et de rafra\u00eechir vos tissus et \u00e9toffes.    <\/p>\n<p>*45 % de vapeur en plus que les d\u00e9froisseurs Conair\u00ae de la S\u00e9rie GS23, d\u2019apr\u00e8s des tests effectu\u00e9s en juillet 2016 par un organisme tiers<\/p><\/div>\n<hr class=\"product-desc-divider\">\n<div style=\"coffe-prod-bullet-container\">\n<div class=\"coffee-product-50-left\">\n<img decoding=\"async\" src=\"\/wp-content\/uploads\/2025\/10\/HGS200CPrd2_NS_HR.jpg\">\n<\/div>\n<div class=\"coffee-product-50-right\">\n<p class=\"title-bold\"><span class=\"bullet-background-number\">1<\/span> Vapeur puissante en moins d\u2019une minute<\/p>\n<p>Pressez la g\u00e2chette pour d\u00e9clencher une rafale puissante de vapeur qui lisse rapidement et compl\u00e8tement les plis.<\/p>\n<p class=\"title-bold\"><span class=\"bullet-background-number\">2<\/span> Comprend 3 accessoires<\/p>\n<p>Utilisez les accessoires inclus pour les d\u00e9froissages sp\u00e9ciaux : \u00e9toffes d\u2019ameublement, tissus d\u00e9licats et \u00e9limination des peluches.<\/p>\n<p class=\"title-bold\"><span class=\"bullet-background-number\">3<\/span> Cordon \u00e9lectrique ultra long de 15 pi<\/p>\n<p>Le cordon \u00e9lectrique de 15 pi vous permet d\u2019acc\u00e9der librement aux tentures et \u00e0 la literie \u00e0 d\u00e9froisser.<\/p>\n<\/div>\n<\/div>\n<hr class=\"product-desc-divider\">\n","protected":false},"excerpt":{"rendered":"<ul>\n<li>Voyant d\u2019alimentation<\/li>\n<li>Extinction automatique<\/li>\n<li>Interrupteur de vapeur continue<\/li>\n<li>G\u00e2chette de rafales de vapeur<\/li>\n<li>R\u00e9servoir d\u2019eau facile \u00e0 remplir<\/li>\n<li>Conception compacte et l\u00e9g\u00e8re<\/li>\n<li>R\u00e9servoir d\u2019eau amovible<\/li>\n<li>Cordon \u00e9lectrique ultra long de 15 pi <\/li>\n<li>3 cadres accessoires inclus<\/li>\n<\/ul>\n<div style=\"font-weight:700;margin-top:20px;\">Manuel d\u2019utilisation et d\u2019entretien<\/div>\n<p>\n<a href=\"\/wp-content\/uploads\/2025\/10\/HGS200C-Use-Care-Manual.pdf\">HGS200C Use Care Manual<\/a> (pdf 3.0MB)<\/p>\n","protected":false},"featured_media":1125,"template":"","meta":[],"product_brand":[],"product_cat":[94],"product_tag":[],"class_list":{"0":"post-1384","1":"product","2":"type-product","3":"status-publish","4":"has-post-thumbnail","6":"product_cat-presseurs-de-vetements-portatifs","7":"pa_color-bleu-gris","8":"pa_volts-120-volts","9":"pa_warranty-limite-a-2-ans","10":"pa_wattage-puissance","12":"first","13":"instock","14":"shipping-taxable","15":"product-type-simple"},"_links":{"self":[{"href":"https:\/\/blackanddeckerappliances.ca\/fr\/wp-json\/wp\/v2\/product\/1384","targetHints":{"allow":["GET"]}}],"collection":[{"href":"https:\/\/blackanddeckerappliances.ca\/fr\/wp-json\/wp\/v2\/product"}],"about":[{"href":"https:\/\/blackanddeckerappliances.ca\/fr\/wp-json\/wp\/v2\/types\/product"}],"wp:featuredmedia":[{"embeddable":true,"href":"https:\/\/blackanddeckerappliances.ca\/fr\/wp-json\/wp\/v2\/media\/1125"}],"wp:attachment":[{"href":"https:\/\/blackanddeckerappliances.ca\/fr\/wp-json\/wp\/v2\/media?parent=1384"}],"wp:term":[{"taxonomy":"product_brand","embeddable":true,"href":"https:\/\/blackanddeckerappliances.ca\/fr\/wp-json\/wp\/v2\/product_brand?post=1384"},{"taxonomy":"product_cat","embeddable":true,"href":"https:\/\/blackanddeckerappliances.ca\/fr\/wp-json\/wp\/v2\/product_cat?post=1384"},{"taxonomy":"product_tag","embeddable":true,"href":"https:\/\/blackanddeckerappliances.ca\/fr\/wp-json\/wp\/v2\/product_tag?post=1384"}],"curies":[{"name":"wp","href":"https:\/\/api.w.org\/{rel}","templated":true}]}}