{"id":1379,"date":"2025-10-15T18:40:52","date_gmt":"2025-10-15T18:40:52","guid":{"rendered":"https:\/\/staging.blackanddeckerappliances.ca\/product\/defroisseur-de-vetements-compact-bleu-sarcelle\/"},"modified":"2025-10-15T18:40:52","modified_gmt":"2025-10-15T18:40:52","slug":"defroisseur-de-vetements-compact-bleu-sarcelle","status":"publish","type":"product","link":"https:\/\/blackanddeckerappliances.ca\/fr\/produit\/defroisseur-de-vetements-compact-bleu-sarcelle\/","title":{"rendered":"D\u00e9froisseur de v\u00eatements compact, bleu sarcelle"},"content":{"rendered":"<div>Gr\u00e2ce au d\u00e9froisseur de v\u00eatements compact BLACK+DECKERMD, vous obtenez une vapeur puissante en moins d\u2019une minute. La conception compacte et ergonomique est parfaite pour lisser rapidement les plis et vous permettre m\u00eame d\u2019emporter votre d\u00e9froisseur en voyage. La g\u00e2chette verrouillable vous permet de diffuser de la vapeur en continu ou par petites rafales. Le d\u00e9froisseur de v\u00eatements BLACK+DECKERMD est compact et vous permet de disposer de la vapeur puissante d\u2019un appareil l\u00e9ger pour que vos tissus restent facilement sans plis et souples.   <\/p>\n<\/div>\n<hr class=\"product-desc-divider\">\n<div style=\"coffe-prod-bullet-container\">\n<div class=\"coffee-product-50-left\">\n<img decoding=\"async\" src=\"\/wp-content\/uploads\/2025\/10\/HGS100TCPrd2_NS_HR.jpg\">\n<\/div>\n<div class=\"coffee-product-50-right\">\n<p class=\"title-bold\"><span class=\"bullet-background-number\">1<\/span> Semelle en m\u00e9tal<\/p>\n<p>La t\u00eate du d\u00e9froisseur pr\u00e9sente une semelle en m\u00e9tal qui fait mieux dispara\u00eetre les plis, comme le ferait un fer \u00e0 repasser traditionnel.<\/p>\n<p class=\"title-bold\"><span class=\"bullet-background-number\">2<\/span> Vapeur continue<\/p>\n<p>Verrouillez la g\u00e2chette de vapeur pour laisser \u00e9chapper un flux de vapeur continu qui lisse les plis en quelques secondes.<\/p>\n<p class=\"title-bold\"><span class=\"bullet-background-number\">3<\/span> Temps de pr\u00e9chauffage rapide<\/p>\n<p>Sa puissance de 1 000 W permet au d\u00e9froisseur de se r\u00e9chauffer en moins de 60 secondes et un voyant vous indique quand il est pr\u00eat.<\/p>\n<\/div>\n<\/div>\n<hr class=\"product-desc-divider\">\n","protected":false},"excerpt":{"rendered":"<ul>\n<li>Semelle en m\u00e9tal : lisse simplement les plis<\/li>\n<li>Interrupteur de vapeur continue : parfait pour les tentures et les \u00e9toffes d\u2019ameublement<\/li>\n<li>Temps de pr\u00e9chauffage rapide : moins d\u2019une minute<\/li>\n<li>Conception ergonomique l\u00e9g\u00e8re : utilisation facile et confortable.<\/li>\n<li>G\u00e2chette de rafales de vapeur : un seul bouton pour une vapeur efficace<\/li>\n<\/ul>\n<div style=\"font-weight:700;margin-top:20px;\">Manuel d\u2019utilisation et d\u2019entretien<\/div>\n<p>\n<a href=\"\/wp-content\/uploads\/2025\/10\/HGS100TC-Use-Care-Manual.pdf\">HGS100TC Use Care Manual<\/a> (pdf 975KB)<\/p>\n","protected":false},"featured_media":1137,"template":"","meta":[],"product_brand":[],"product_cat":[94],"product_tag":[],"class_list":{"0":"post-1379","1":"product","2":"type-product","3":"status-publish","4":"has-post-thumbnail","6":"product_cat-presseurs-de-vetements-portatifs","7":"pa_color-bleu-sarcelle","8":"pa_volts-120-volts","9":"pa_warranty-limite-a-2-ans","10":"pa_wattage-1000-w","12":"first","13":"instock","14":"shipping-taxable","15":"product-type-simple"},"_links":{"self":[{"href":"https:\/\/blackanddeckerappliances.ca\/fr\/wp-json\/wp\/v2\/product\/1379","targetHints":{"allow":["GET"]}}],"collection":[{"href":"https:\/\/blackanddeckerappliances.ca\/fr\/wp-json\/wp\/v2\/product"}],"about":[{"href":"https:\/\/blackanddeckerappliances.ca\/fr\/wp-json\/wp\/v2\/types\/product"}],"wp:featuredmedia":[{"embeddable":true,"href":"https:\/\/blackanddeckerappliances.ca\/fr\/wp-json\/wp\/v2\/media\/1137"}],"wp:attachment":[{"href":"https:\/\/blackanddeckerappliances.ca\/fr\/wp-json\/wp\/v2\/media?parent=1379"}],"wp:term":[{"taxonomy":"product_brand","embeddable":true,"href":"https:\/\/blackanddeckerappliances.ca\/fr\/wp-json\/wp\/v2\/product_brand?post=1379"},{"taxonomy":"product_cat","embeddable":true,"href":"https:\/\/blackanddeckerappliances.ca\/fr\/wp-json\/wp\/v2\/product_cat?post=1379"},{"taxonomy":"product_tag","embeddable":true,"href":"https:\/\/blackanddeckerappliances.ca\/fr\/wp-json\/wp\/v2\/product_tag?post=1379"}],"curies":[{"name":"wp","href":"https:\/\/api.w.org\/{rel}","templated":true}]}}