{"id":1376,"date":"2025-10-15T18:27:09","date_gmt":"2025-10-15T18:27:09","guid":{"rendered":"https:\/\/staging.blackanddeckerappliances.ca\/product\/fer-a-vapeur-compact-light-n-easy\/"},"modified":"2025-10-15T18:27:09","modified_gmt":"2025-10-15T18:27:09","slug":"fer-a-vapeur-compact-light-n-easy","status":"publish","type":"product","link":"https:\/\/blackanddeckerappliances.ca\/fr\/produit\/fer-a-vapeur-compact-light-n-easy\/","title":{"rendered":"Fer \u00e0 vapeur compact Light &lsquo;N Easy\u00ae"},"content":{"rendered":"<div>Le repassage est un jeu d\u2019enfant avec le fer \u00e0 repasser \u00e0 vapeur compact BLACK+DECKERMD Light \u2018N Easy\u00ae. La technologie SmartSteamMC int\u00e8gre les commandes de temp\u00e9rature et de vapeur dans un cadran facile \u00e0 utiliser, vous offrant ainsi des r\u00e9glages parfaits pour tout type de tissu. De plus, la semelle antiadh\u00e9sive TrueGlideMC glisse facilement sur les tissus et le jet de fines gouttes facilite le lissage des faux-plis tenaces.\n<\/div>\n<hr class=\"product-desc-divider\">\n<div style=\"coffe-prod-bullet-container\">\n<div class=\"coffee-product-50-left\">\n<img decoding=\"async\" src=\"\/wp-content\/uploads\/2025\/10\/IR0820CPrd2_NS_HR.jpg\">\n<\/div>\n<div class=\"coffee-product-50-right\">\n<p class=\"title-bold\"><span class=\"bullet-background-number\">1<\/span> Technologie SmartSteamMC<\/p>\n<p>Supprimez les incertitudes du repassage. SmartSteamMC optimise automatiquement les niveaux de vapeur en fonction de la temp\u00e9rature s\u00e9lectionn\u00e9e pour chaque type de v\u00eatement. <\/p>\n<p class=\"title-bold\"><span class=\"bullet-background-number\">2<\/span> Semelle antiadh\u00e9sive<\/p>\n<p>La semelle antiadh\u00e9sive est con\u00e7ue pour glisser facilement sur tous les tissus repassables.<\/p>\n<p class=\"title-bold\"><span class=\"bullet-background-number\">3<\/span> Jet de fines gouttes<\/p>\n<p>Le bouton-poussoir aide \u00e0 humidifier les tissus pour aplanir rapidement les faux-plis profonds.<\/p>\n<\/div>\n<\/div>\n<hr class=\"product-desc-divider\">\n","protected":false},"excerpt":{"rendered":"<ul>\n<li>Technologie SmartSteamMC<\/li>\n<li>Semelle antiadh\u00e9sive<\/li>\n<li>Anti-gouttes<\/li>\n<li>Jet de fines gouttes<\/li>\n<li>Cordon pivotant \u00e0 360 \u00b0<\/li>\n<\/ul>\n<div style=\"font-weight:700;margin-top:20px;\">Manuel d\u2019utilisation et d\u2019entretien<\/div>\n<p>\n<a href=\"\/wp-content\/uploads\/2025\/10\/IR0820C-Use-Care-Manual.pdf\">IR0820C Use Care Manual<\/a> (pdf 110KB)<\/p>\n","protected":false},"featured_media":1121,"template":"","meta":[],"product_brand":[],"product_cat":[93],"product_tag":[],"class_list":{"0":"post-1376","1":"product","2":"type-product","3":"status-publish","4":"has-post-thumbnail","6":"product_cat-fers-a-repasser-compacts","7":"pa_color-bleu-sarcelle","8":"pa_volts-120-volts","9":"pa_warranty-limite-a-2-ans","10":"pa_wattage-1200-watts","12":"first","13":"instock","14":"shipping-taxable","15":"product-type-simple"},"_links":{"self":[{"href":"https:\/\/blackanddeckerappliances.ca\/fr\/wp-json\/wp\/v2\/product\/1376","targetHints":{"allow":["GET"]}}],"collection":[{"href":"https:\/\/blackanddeckerappliances.ca\/fr\/wp-json\/wp\/v2\/product"}],"about":[{"href":"https:\/\/blackanddeckerappliances.ca\/fr\/wp-json\/wp\/v2\/types\/product"}],"wp:featuredmedia":[{"embeddable":true,"href":"https:\/\/blackanddeckerappliances.ca\/fr\/wp-json\/wp\/v2\/media\/1121"}],"wp:attachment":[{"href":"https:\/\/blackanddeckerappliances.ca\/fr\/wp-json\/wp\/v2\/media?parent=1376"}],"wp:term":[{"taxonomy":"product_brand","embeddable":true,"href":"https:\/\/blackanddeckerappliances.ca\/fr\/wp-json\/wp\/v2\/product_brand?post=1376"},{"taxonomy":"product_cat","embeddable":true,"href":"https:\/\/blackanddeckerappliances.ca\/fr\/wp-json\/wp\/v2\/product_cat?post=1376"},{"taxonomy":"product_tag","embeddable":true,"href":"https:\/\/blackanddeckerappliances.ca\/fr\/wp-json\/wp\/v2\/product_tag?post=1376"}],"curies":[{"name":"wp","href":"https:\/\/api.w.org\/{rel}","templated":true}]}}