{"id":1371,"date":"2025-10-15T18:21:52","date_gmt":"2025-10-15T18:21:52","guid":{"rendered":"https:\/\/staging.blackanddeckerappliances.ca\/product\/fer-a-vapeur-traditionnel-steamadvantagemc-bleu\/"},"modified":"2025-10-15T18:21:52","modified_gmt":"2025-10-15T18:21:52","slug":"fer-a-vapeur-traditionnel-steamadvantagemc-bleu","status":"publish","type":"product","link":"https:\/\/blackanddeckerappliances.ca\/fr\/produit\/fer-a-vapeur-traditionnel-steamadvantagemc-bleu\/","title":{"rendered":"Fer \u00e0 vapeur traditionnel SteamAdvantageMC, bleu"},"content":{"rendered":"<div>Gr\u00e2ce au fer \u00e0 vapeur traditionnel SteamAdvantageMC BLACK+DECKERMD, lissez compl\u00e8tement les plis et maintenez vos tissus toujours fra\u00eechement repass\u00e9s. Les fonctions rafales de vapeur et pulv\u00e9risation de brouillard vous permettent de contr\u00f4ler le niveau d\u2019humidit\u00e9 et d\u2019obtenir ainsi la meilleure efficacit\u00e9 de repassage pour tous les types de tissus Pour plus de commodit\u00e9, la technologie antigoutte emp\u00eache la formation de taches d\u2019eau et l\u2019extinction automatique \u00e0 d\u00e9tection de mouvement refroidit le fer lorsqu\u2019il n\u2019est pas utilis\u00e9.  <\/div>\n<hr class=\"product-desc-divider\">\n<div style=\"coffe-prod-bullet-container\">\n<div class=\"coffee-product-50-left\">\n<img decoding=\"async\" src=\"\/wp-content\/uploads\/2025\/10\/IR1070SCPrd2_NS_HR.jpg\">\n<\/div>\n<div class=\"coffee-product-50-right\">\n<p class=\"title-bold\"><span class=\"bullet-background-number\">1<\/span> Technologie Smart SteamMC<\/p>\n<p>Trouvez \u00e0 chaque fois le r\u00e9glage parfait. Choisissez la quantit\u00e9 de vapeur dont vous avez besoin pour chaque repassage, que le jet soit pour un v\u00eatement \u00e0 plat sur une planche \u00e0 repasser ou qu\u2019il soit \u00e0 la verticale pour un v\u00eatement sur un cintre. <\/p>\n<p class=\"title-bold\"><span class=\"bullet-background-number\">2<\/span> Semelle en acier inoxydable INOX<\/p>\n<p>La semelle antiadh\u00e9sive glisse facilement sur tous les types de tissus et sa robustesse lui permet d\u2019avoir une long\u00e9vit\u00e9 exceptionnelle.<\/p>\n<p class=\"title-bold\"><span class=\"bullet-background-number\">3<\/span> Rafale de jets de vapeur verticaux<\/p>\n<p>Lissez compl\u00e8tement les plis rebelles avec le jet de vapeur qui fonctionne \u00e9galement \u00e0 la verticale pour d\u00e9froisser \u00e0 la vapeur les rideaux et les v\u00eatements sur un cintre.<\/p>\n<\/div>\n<\/div>\n<hr class=\"product-desc-divider\">\n","protected":false},"excerpt":{"rendered":"<ul>\n<li>Triple extinction automatique<\/li>\n<li>Rafales de vapeur et pulv\u00e9risation de brouillard<\/li>\n<li>Antigoutte<\/li>\n<li>Poign\u00e9e \u00e0 prise en main confortable Comfort GripMC<\/li>\n<li>R\u00e9servoir de grande capacit\u00e9 \u00e0 porte de remplissage facile<\/li>\n<li>Syst\u00e8me Auto-CleanMC<\/li>\n<li>Cordon \u00e9lectrique pivotant \u00e0 360\u00b0<\/li>\n<li>Talon antid\u00e9rapant<\/li>\n<\/ul>\n<div style=\"font-weight:700;margin-top:20px;\">Manuel d\u2019utilisation et d\u2019entretien<\/div>\n<p>\n<a href=\"\/wp-content\/uploads\/2025\/10\/IR1070SC-Use-Care-Manual.pdf\">IR1070SC Use Care Manual<\/a> (pdf 295KB)<\/p>\n","protected":false},"featured_media":1114,"template":"","meta":[],"product_brand":[],"product_cat":[93],"product_tag":[],"class_list":{"0":"post-1371","1":"product","2":"type-product","3":"status-publish","4":"has-post-thumbnail","6":"product_cat-fers-a-repasser-compacts","7":"pa_color-bleu","8":"pa_volts-120-volts","9":"pa_warranty-limite-a-2-ans","10":"pa_wattage-1200-watts","12":"first","13":"instock","14":"shipping-taxable","15":"product-type-simple"},"_links":{"self":[{"href":"https:\/\/blackanddeckerappliances.ca\/fr\/wp-json\/wp\/v2\/product\/1371","targetHints":{"allow":["GET"]}}],"collection":[{"href":"https:\/\/blackanddeckerappliances.ca\/fr\/wp-json\/wp\/v2\/product"}],"about":[{"href":"https:\/\/blackanddeckerappliances.ca\/fr\/wp-json\/wp\/v2\/types\/product"}],"wp:featuredmedia":[{"embeddable":true,"href":"https:\/\/blackanddeckerappliances.ca\/fr\/wp-json\/wp\/v2\/media\/1114"}],"wp:attachment":[{"href":"https:\/\/blackanddeckerappliances.ca\/fr\/wp-json\/wp\/v2\/media?parent=1371"}],"wp:term":[{"taxonomy":"product_brand","embeddable":true,"href":"https:\/\/blackanddeckerappliances.ca\/fr\/wp-json\/wp\/v2\/product_brand?post=1371"},{"taxonomy":"product_cat","embeddable":true,"href":"https:\/\/blackanddeckerappliances.ca\/fr\/wp-json\/wp\/v2\/product_cat?post=1371"},{"taxonomy":"product_tag","embeddable":true,"href":"https:\/\/blackanddeckerappliances.ca\/fr\/wp-json\/wp\/v2\/product_tag?post=1371"}],"curies":[{"name":"wp","href":"https:\/\/api.w.org\/{rel}","templated":true}]}}