{"id":1365,"date":"2025-10-15T18:15:35","date_gmt":"2025-10-15T18:15:35","guid":{"rendered":"https:\/\/staging.blackanddeckerappliances.ca\/product\/fer-a-vapeur-compact-easy-steam-bleu-sarcelle\/"},"modified":"2025-10-15T18:15:35","modified_gmt":"2025-10-15T18:15:35","slug":"fer-a-vapeur-compact-easy-steam-bleu-sarcelle","status":"publish","type":"product","link":"https:\/\/blackanddeckerappliances.ca\/fr\/produit\/fer-a-vapeur-compact-easy-steam-bleu-sarcelle\/","title":{"rendered":"Fer \u00e0 vapeur compact Easy Steam, bleu sarcelle"},"content":{"rendered":"<div>Gr\u00e2ce au fer \u00e0 vapeur compact Easy Steam BLACK+DECKERMD, r\u00e9glez la chaleur et la vapeur parfaites pour tout type de tissus repassables. Ce mod\u00e8le de conception nouvelle pr\u00e9sente une semelle antiadh\u00e9sive TrueGlideMC EvenSteam qui diffuse de fa\u00e7on plus uniforme la vapeur, du talon \u00e0 la pointe*, pour un repassage rapide et efficace. Gr\u00e2ce aux r\u00e9glages SmartSteamMC, le fer ajuste et optimise automatiquement la pression de la vapeur en se basant sur la temp\u00e9rature que vous avez choisie, en fonction du type de tissu.<br \/>La semelle \u00e0 pointe de pr\u00e9cision permet de repasser simplement autour des boutons, les cols et les plis et de rendre impeccable n\u2019importe quel v\u00eatement. Parmi les autres fonctions et accessoires figurent un r\u00e9servoir d\u2019eau facilement remplissable, une fonction rafales de vapeur et jets de vapeur verticaux. L\u2019\u00e9ventail complet de fonctions et accessoires utiles offerts renforce l\u2019excellente r\u00e9putation des fers \u00e0 repasser de BLACK+DECKERMD.     <\/p>\n<p>*compar\u00e9 au mod\u00e8le IR08X BLACK+DECKERMD<\/p>\n<\/div>\n<hr class=\"product-desc-divider\">\n<div style=\"coffe-prod-bullet-container\">\n<div class=\"coffee-product-50-left\">\n<img decoding=\"async\" src=\"\/wp-content\/uploads\/2025\/10\/IR06VCPrd2_NS_HR.jpg\">\n<\/div>\n<div class=\"coffee-product-50-right\">\n<p class=\"title-bold\"><span class=\"bullet-background-number\">1<\/span> Semelle antiadh\u00e9sive TrueGlideMC EvenSteam<\/p>\n<p>La diffusion uniforme de la vapeur de la pointe au talon permet de mieux dompter les plis, n\u2019importe o\u00f9 sur le v\u00eatement.<\/p>\n<p class=\"title-bold\"><span class=\"bullet-background-number\">2<\/span> Technologie SmartSteamMC<\/p>\n<p>Le r\u00e9glage facile \u00e0 lire ajuste et optimise automatiquement la pression de la vapeur en se basant sur la temp\u00e9rature que vous avez choisie.<\/p>\n<p class=\"title-bold\"><span class=\"bullet-background-number\">3<\/span> Boutons de rafales de vapeur et pulv\u00e9risation de brouillard<\/p>\n<p>Les boutons sont plac\u00e9s c\u00f4te \u00e0 c\u00f4te et permettent de contr\u00f4ler parfaitement l\u2019humidit\u00e9. Un bouton d\u00e9clenche une rafale de vapeur et l\u2019autre une douce pulv\u00e9risation de brouillard. <\/p>\n<\/div>\n<\/div>\n<hr class=\"product-desc-divider\">\n","protected":false},"excerpt":{"rendered":"<ul>\n<li>Conception EvenSteam<\/li>\n<li>Semelle antiadh\u00e9sive TrueGlideMC<\/li>\n<li>Technologie SmartSteamMC<\/li>\n<li>Cordon \u00e9lectrique \u00e0 double position<\/li>\n<li>Boutons de rafales de vapeur et pulv\u00e9risation de brouillard<\/li>\n<li>R\u00e9servoir d\u2019eau con\u00e7u pour se remplir facilement<\/li>\n<\/ul>\n<div style=\"font-weight:700;margin-top:20px;\">Manuel d\u2019utilisation et d\u2019entretien<\/div>\n<p>\n<a href=\"\/wp-content\/uploads\/2025\/10\/IR06VC-Use-Care-Manual.pdf\">IR06VC Use Care Manual<\/a> (pdf 336KB)<\/p>\n","protected":false},"featured_media":1105,"template":"","meta":[],"product_brand":[],"product_cat":[93],"product_tag":[],"class_list":{"0":"post-1365","1":"product","2":"type-product","3":"status-publish","4":"has-post-thumbnail","6":"product_cat-fers-a-repasser-compacts","7":"pa_color-bleu-sarcelle","8":"pa_volts-120-volts","9":"pa_warranty-limite-a-2-ans","10":"pa_wattage-1200-watts","12":"first","13":"instock","14":"shipping-taxable","15":"product-type-simple"},"_links":{"self":[{"href":"https:\/\/blackanddeckerappliances.ca\/fr\/wp-json\/wp\/v2\/product\/1365","targetHints":{"allow":["GET"]}}],"collection":[{"href":"https:\/\/blackanddeckerappliances.ca\/fr\/wp-json\/wp\/v2\/product"}],"about":[{"href":"https:\/\/blackanddeckerappliances.ca\/fr\/wp-json\/wp\/v2\/types\/product"}],"wp:featuredmedia":[{"embeddable":true,"href":"https:\/\/blackanddeckerappliances.ca\/fr\/wp-json\/wp\/v2\/media\/1105"}],"wp:attachment":[{"href":"https:\/\/blackanddeckerappliances.ca\/fr\/wp-json\/wp\/v2\/media?parent=1365"}],"wp:term":[{"taxonomy":"product_brand","embeddable":true,"href":"https:\/\/blackanddeckerappliances.ca\/fr\/wp-json\/wp\/v2\/product_brand?post=1365"},{"taxonomy":"product_cat","embeddable":true,"href":"https:\/\/blackanddeckerappliances.ca\/fr\/wp-json\/wp\/v2\/product_cat?post=1365"},{"taxonomy":"product_tag","embeddable":true,"href":"https:\/\/blackanddeckerappliances.ca\/fr\/wp-json\/wp\/v2\/product_tag?post=1365"}],"curies":[{"name":"wp","href":"https:\/\/api.w.org\/{rel}","templated":true}]}}