{"id":1359,"date":"2025-10-15T15:09:37","date_gmt":"2025-10-15T15:09:37","guid":{"rendered":"https:\/\/staging.blackanddeckerappliances.ca\/product\/batteur-a-main-a-6-vitesses-et-reglage-turbo-noir\/"},"modified":"2025-10-15T15:09:37","modified_gmt":"2025-10-15T15:09:37","slug":"batteur-a-main-a-6-vitesses-et-reglage-turbo-noir","status":"publish","type":"product","link":"https:\/\/blackanddeckerappliances.ca\/fr\/produit\/batteur-a-main-a-6-vitesses-et-reglage-turbo-noir\/","title":{"rendered":"Batteur \u00e0 main \u00e0 6 vitesses et r\u00e9glage turbo, noir"},"content":{"rendered":"<div>Le batteur \u00e0 main \u00e0 6 vitesses BLACK+DECKERMD est con\u00e7u pour tous les types de m\u00e9langes. Gr\u00e2ce \u00e0 ses cinq accessoires lavables au lave-vaisselle, vous pouvez facilement m\u00e9langer, battre, fouetter, monter des \u0153ufs en neige et m\u00eame p\u00e9trir de la p\u00e2te. Avec une puissance de 250 W et un bouton de r\u00e9glage turbo, vous pouvez tout faire en un rien de temps. En outre, la vitesse de d\u00e9marrage est plus lente* pour moins salir inutilement!   <\/p>\n<p>*par rapport aux m\u00e9langeurs MX217 BLACK+DECKERMD\n<\/p><\/div>\n<hr class=\"product-desc-divider\">\n<div style=\"coffe-prod-bullet-container\">\n<div class=\"coffee-product-50-left\">\n<img decoding=\"async\" src=\"\/wp-content\/uploads\/2025\/10\/MX3200BPrd6_HR.jpg\">\n<\/div>\n<div class=\"coffee-product-50-right\">\n<p class=\"title-bold\"><span class=\"bullet-background-number\">1<\/span> 5 accessoires de type professionnel<\/p>\n<p>Gr\u00e2ce \u00e0 deux fouets \u00e0 fil, un batteur et deux crochets p\u00e9trisseurs de type professionnel, vous pouvez vous attaquer \u00e0 un grand nombre de pr\u00e9parations culinaires. Ils sont tous lavables au lave-vaisselle. <\/p>\n<p class=\"title-bold\"><span class=\"bullet-background-number\">2<\/span> Pour moins salir inutilement!*<\/p>\n<p>La vitesse de d\u00e9marrage plus lente* r\u00e9duit les projections et les pertes d\u2019ingr\u00e9dients.<\/p>\n<p class=\"title-bold\"><span class=\"bullet-background-number\">3<\/span> Bo\u00eete de rangement<\/p>\n<p>La bo\u00eete de rangement contient tous les accessoires inclus et le batteur.<\/p>\n<\/div>\n<\/div>\n<hr class=\"product-desc-divider\">\n","protected":false},"excerpt":{"rendered":"<ul>\n<li>5 accessoires de type professionnel 2 fouets, 2 crochets p\u00e9trisseurs, 1 batteur<\/li>\n<li>R\u00e9glage turbo : Vitesse maximale pour les m\u00e9langes difficiles<\/li>\n<li>Pour moins salir inutilement!<\/li>\n<li>Bouton d\u2019\u00e9jection pratique : Accessoires amovibles pour un nettoyage facile<\/li>\n<li>250 W de puissance de m\u00e9lange<\/li>\n<\/ul>\n<div style=\"font-weight:700;margin-top:20px;\">Manuel d\u2019utilisation et d\u2019entretien<\/div>\n<p>\n<a href=\"\/wp-content\/uploads\/2025\/10\/MX3200BF-Use-Care-Manual.pdf\">MX3200BF Use Care Manual<\/a> (pdf 304KB)<br \/>\n<a href=\"\/wp-content\/uploads\/2025\/10\/Chemical-Disclosure-Statement-25.pdf\">Chemical Disclosure Statement<\/a> (pdf 99.7KB)<\/p>\n","protected":false},"featured_media":1096,"template":"","meta":[],"product_brand":[],"product_cat":[91],"product_tag":[],"class_list":{"0":"post-1359","1":"product","2":"type-product","3":"status-publish","4":"has-post-thumbnail","6":"product_cat-batteurs","7":"pa_color-noir","8":"pa_volts-120-volts","9":"pa_warranty-limite-a-2-ans","10":"pa_wattage-250-watts","12":"first","13":"instock","14":"shipping-taxable","15":"product-type-simple"},"_links":{"self":[{"href":"https:\/\/blackanddeckerappliances.ca\/fr\/wp-json\/wp\/v2\/product\/1359","targetHints":{"allow":["GET"]}}],"collection":[{"href":"https:\/\/blackanddeckerappliances.ca\/fr\/wp-json\/wp\/v2\/product"}],"about":[{"href":"https:\/\/blackanddeckerappliances.ca\/fr\/wp-json\/wp\/v2\/types\/product"}],"wp:featuredmedia":[{"embeddable":true,"href":"https:\/\/blackanddeckerappliances.ca\/fr\/wp-json\/wp\/v2\/media\/1096"}],"wp:attachment":[{"href":"https:\/\/blackanddeckerappliances.ca\/fr\/wp-json\/wp\/v2\/media?parent=1359"}],"wp:term":[{"taxonomy":"product_brand","embeddable":true,"href":"https:\/\/blackanddeckerappliances.ca\/fr\/wp-json\/wp\/v2\/product_brand?post=1359"},{"taxonomy":"product_cat","embeddable":true,"href":"https:\/\/blackanddeckerappliances.ca\/fr\/wp-json\/wp\/v2\/product_cat?post=1359"},{"taxonomy":"product_tag","embeddable":true,"href":"https:\/\/blackanddeckerappliances.ca\/fr\/wp-json\/wp\/v2\/product_tag?post=1359"}],"curies":[{"name":"wp","href":"https:\/\/api.w.org\/{rel}","templated":true}]}}