{"id":1352,"date":"2025-10-15T15:04:43","date_gmt":"2025-10-15T15:04:43","guid":{"rendered":"https:\/\/staging.blackanddeckerappliances.ca\/product\/couteau-a-decouper-electrique-de-9-po-comfortgripmc-noir\/"},"modified":"2025-10-15T15:04:43","modified_gmt":"2025-10-15T15:04:43","slug":"couteau-a-decouper-electrique-de-9-po-comfortgripmc-noir","status":"publish","type":"product","link":"https:\/\/blackanddeckerappliances.ca\/fr\/produit\/couteau-a-decouper-electrique-de-9-po-comfortgripmc-noir\/","title":{"rendered":"Couteau \u00e0 d\u00e9couper \u00e9lectrique de 9 po ComfortGripMC, noir"},"content":{"rendered":"<div>Gr\u00e2ce au couteau \u00e9lectrique de 9 po ComfortGripMC BLACK+DECKERMD, le d\u00e9coupage est d\u2019une grande simplicit\u00e9. Que ce soit pour d\u00e9couper de la viande, trancher du pain ou d\u00e9couper de la mousse pour un projet cr\u00e9atif, ce couteau permet de tout faire rapidement. Les lames de 9 po en acier inoxydable se verrouillent en place en s\u2019encliquetant et une g\u00e2chette intuitive commande la marche et l\u2019arr\u00eat du couteau. La fatigue du poignet est r\u00e9duite au minimum gr\u00e2ce au manche ComfortGripMC qui est ergonomique et facilite la prise en main. En outre, le nettoyage est un jeu d\u2019enfant : appuyez simplement sur le bouton de d\u00e9verrouillage des lames et disposez-les \u00e0 plat sur le panier sup\u00e9rieur de votre lave-vaisselle. Elles seront pr\u00eates pour leur prochaine utilisation.   <\/div>\n<hr class=\"product-desc-divider\">\n<div style=\"coffe-prod-bullet-container\">\n<div class=\"coffee-product-50-left\">\n<img decoding=\"async\" src=\"\/wp-content\/uploads\/2025\/10\/EK500BCPrd3_HR.jpg\">\n<\/div>\n<div class=\"coffee-product-50-right\">\n<p class=\"title-bold\"><span class=\"bullet-background-number\">1<\/span> Lames de 9 po en acier inoxydable<\/p>\n<p>Les lames dentel\u00e9es scient rapidement et uniform\u00e9ment la viande, le pain, la mousse, etc. En outre, elles n\u2019ont jamais besoin d\u2019\u00eatre aff\u00fbt\u00e9es. <\/p>\n<p class=\"title-bold\"><span class=\"bullet-background-number\">2<\/span> Bouton de s\u00e9curit\u00e9<\/p>\n<p>Pour votre tranquillit\u00e9 d\u2019esprit, le bouton de verrouillage emp\u00eache le couteau de se mettre en marche quand il est branch\u00e9.<\/p>\n<p class=\"title-bold\"><span class=\"bullet-background-number\">3<\/span> Bouton de d\u00e9verrouillage de lames<\/p>\n<p>Pour les d\u00e9tacher facilement, les lames se d\u00e9verrouillent en appuyant simplement sur le bouton de d\u00e9verrouillage.<\/p>\n<\/div>\n<\/div>\n<hr class=\"product-desc-divider\">\n","protected":false},"excerpt":{"rendered":"<ul>\n<li>Lames de 9 po en acier inoxydable<\/li>\n<li>Manche ComfortGripMC<\/li>\n<li>Pi\u00e8ces lavables au lave-vaisselle<\/li>\n<li>Bouton de s\u00e9curit\u00e9<\/li>\n<li>Bouton de d\u00e9verrouillage de lames<\/li>\n<\/ul>\n<div style=\"font-weight:700;margin-top:20px;\">Manuel d\u2019utilisation et d\u2019entretien<\/div>\n<p>\n<a href=\"\/wp-content\/uploads\/2025\/10\/EK500BC-Use-Care-Manual.pdf\">EK500BC Use Care Manual<\/a> (pdf 4.8MB)<\/p>\n","protected":false},"featured_media":1086,"template":"","meta":[],"product_brand":[],"product_cat":[89],"product_tag":[],"class_list":{"0":"post-1352","1":"product","2":"type-product","3":"status-publish","4":"has-post-thumbnail","6":"product_cat-couteaux-electriques","7":"pa_color-noir","8":"pa_volts-120-volts","9":"pa_warranty-limite-a-2-ans","10":"pa_wattage-70-watts","12":"first","13":"instock","14":"shipping-taxable","15":"product-type-simple"},"_links":{"self":[{"href":"https:\/\/blackanddeckerappliances.ca\/fr\/wp-json\/wp\/v2\/product\/1352","targetHints":{"allow":["GET"]}}],"collection":[{"href":"https:\/\/blackanddeckerappliances.ca\/fr\/wp-json\/wp\/v2\/product"}],"about":[{"href":"https:\/\/blackanddeckerappliances.ca\/fr\/wp-json\/wp\/v2\/types\/product"}],"wp:featuredmedia":[{"embeddable":true,"href":"https:\/\/blackanddeckerappliances.ca\/fr\/wp-json\/wp\/v2\/media\/1086"}],"wp:attachment":[{"href":"https:\/\/blackanddeckerappliances.ca\/fr\/wp-json\/wp\/v2\/media?parent=1352"}],"wp:term":[{"taxonomy":"product_brand","embeddable":true,"href":"https:\/\/blackanddeckerappliances.ca\/fr\/wp-json\/wp\/v2\/product_brand?post=1352"},{"taxonomy":"product_cat","embeddable":true,"href":"https:\/\/blackanddeckerappliances.ca\/fr\/wp-json\/wp\/v2\/product_cat?post=1352"},{"taxonomy":"product_tag","embeddable":true,"href":"https:\/\/blackanddeckerappliances.ca\/fr\/wp-json\/wp\/v2\/product_tag?post=1352"}],"curies":[{"name":"wp","href":"https:\/\/api.w.org\/{rel}","templated":true}]}}