{"id":1347,"date":"2025-10-15T14:56:50","date_gmt":"2025-10-15T14:56:50","guid":{"rendered":"https:\/\/staging.blackanddeckerappliances.ca\/product\/hachoir-electrique-a-simple-touche-capacite-de-3-tasses-ensemble-hachoir-et-couvercle-ameliores-noir\/"},"modified":"2025-10-15T14:56:50","modified_gmt":"2025-10-15T14:56:50","slug":"hachoir-electrique-a-simple-touche-capacite-de-3-tasses-ensemble-hachoir-et-couvercle-ameliores-noir","status":"publish","type":"product","link":"https:\/\/blackanddeckerappliances.ca\/fr\/produit\/hachoir-electrique-a-simple-touche-capacite-de-3-tasses-ensemble-hachoir-et-couvercle-ameliores-noir\/","title":{"rendered":"Hachoir \u00e9lectrique \u00e0 simple touche, capacit\u00e9 de 3 tasses, ensemble hachoir et couvercle am\u00e9lior\u00e9s, noir"},"content":{"rendered":"<div>La cuisine chez soi ne doit pas \u00eatre source de tracas. Le hachoir \u00e0 simple touche FreshPrep BLACK+DECKERMD vous permet d\u2019\u00e9conomiser du temps et de l\u2019\u00e9nergie dans la cuisine en hachant et en m\u00e9langeant rapidement et facilement. Le moteur de 175 W actionne une lame qui reste aff\u00fbt\u00e9e et vous permet de cr\u00e9er rapidement une trempette, de la salsa, de la vinaigrette, de la chapelure, etc. Le couvercle du bol est perc\u00e9 de petits trous pour vous permettre d\u2019ajouter lentement de l\u2019huile \u00e0 une sauce ou une vinaigrette. En outre, les pi\u00e8ces amovibles peuvent toutes \u00eatre lav\u00e9es simplement au lave-vaisselle.    <\/div>\n<hr class=\"product-desc-divider\">\n<div style=\"coffe-prod-bullet-container\">\n<div class=\"coffee-product-50-left\">\n<img decoding=\"async\" src=\"\/wp-content\/uploads\/2025\/10\/HC300BCPrd1b_HR.jpg\">\n<\/div>\n<div class=\"coffee-product-50-right\">\n<p class=\"title-bold\"><span class=\"bullet-background-number\">1<\/span> Moteur de 70 W<\/p>\n<p>La puissance qu\u2019il faut pour hacher, \u00e9mincer et trancher une vari\u00e9t\u00e9 d\u2019ingr\u00e9dients dans la cuisine.<\/p>\n<p class=\"title-bold\"><span class=\"bullet-background-number\">2<\/span> Lame toujours aff\u00fbt\u00e9e<\/p>\n<p>La lame en acier inoxydable \u00e0 double niveau offre un rendement durable.<\/p>\n<p class=\"title-bold\"><span class=\"bullet-background-number\">3<\/span> Commande \u00e0 une seule touche<\/p>\n<p>La touche d\u2019impulsion unique est pratique pour hacher.<\/p>\n<\/div>\n<\/div>\n<hr class=\"product-desc-divider\">\n","protected":false},"excerpt":{"rendered":"<ul>\n<li>Hachoir \u00e9lectrique \u00e0 simple touche<\/li>\n<li>Capacit\u00e9 de 3 tasse<\/li>\n<li>Pi\u00e8ces lavables au lave-vaisselle<\/li>\n<li>Ensemble hachoir et couvercle am\u00e9lior\u00e9s<\/li>\n<li>Lame en acier inoxydable<\/li>\n<\/ul>\n<div style=\"font-weight:700;margin-top:20px;\">Manuel d\u2019utilisation et d\u2019entretien<\/div>\n<p>\n<a href=\"\/wp-content\/uploads\/2025\/10\/HC300BC-Use-Care-Manual.pdf\">HC300BC Use Care Manual<\/a> (pdf 865KB)<br \/><a href=\"\/wp-content\/uploads\/2025\/10\/Chemical-Disclosure-Statement-25.pdf\">Chemical Disclosure Statement<\/a> (pdf 99.7KB)<\/p>\n","protected":false},"featured_media":1078,"template":"","meta":[],"product_brand":[],"product_cat":[88],"product_tag":[],"class_list":{"0":"post-1347","1":"product","2":"type-product","3":"status-publish","4":"has-post-thumbnail","6":"product_cat-hachoirs","7":"pa_color-noir","8":"pa_volts-120-volts","9":"pa_warranty-limite-a-2-ans","10":"pa_wattage-175-watts","12":"first","13":"instock","14":"shipping-taxable","15":"product-type-simple"},"_links":{"self":[{"href":"https:\/\/blackanddeckerappliances.ca\/fr\/wp-json\/wp\/v2\/product\/1347","targetHints":{"allow":["GET"]}}],"collection":[{"href":"https:\/\/blackanddeckerappliances.ca\/fr\/wp-json\/wp\/v2\/product"}],"about":[{"href":"https:\/\/blackanddeckerappliances.ca\/fr\/wp-json\/wp\/v2\/types\/product"}],"wp:featuredmedia":[{"embeddable":true,"href":"https:\/\/blackanddeckerappliances.ca\/fr\/wp-json\/wp\/v2\/media\/1078"}],"wp:attachment":[{"href":"https:\/\/blackanddeckerappliances.ca\/fr\/wp-json\/wp\/v2\/media?parent=1347"}],"wp:term":[{"taxonomy":"product_brand","embeddable":true,"href":"https:\/\/blackanddeckerappliances.ca\/fr\/wp-json\/wp\/v2\/product_brand?post=1347"},{"taxonomy":"product_cat","embeddable":true,"href":"https:\/\/blackanddeckerappliances.ca\/fr\/wp-json\/wp\/v2\/product_cat?post=1347"},{"taxonomy":"product_tag","embeddable":true,"href":"https:\/\/blackanddeckerappliances.ca\/fr\/wp-json\/wp\/v2\/product_tag?post=1347"}],"curies":[{"name":"wp","href":"https:\/\/api.w.org\/{rel}","templated":true}]}}