{"id":1344,"date":"2025-10-15T09:48:10","date_gmt":"2025-10-15T09:48:10","guid":{"rendered":"https:\/\/staging.blackanddeckerappliances.ca\/product\/robot-de-cuisine-3-en-1-a-assemblage-facile-8-tasses-noir\/"},"modified":"2025-10-15T09:48:10","modified_gmt":"2025-10-15T09:48:10","slug":"robot-de-cuisine-3-en-1-a-assemblage-facile-8-tasses-noir","status":"publish","type":"product","link":"https:\/\/blackanddeckerappliances.ca\/fr\/produit\/robot-de-cuisine-3-en-1-a-assemblage-facile-8-tasses-noir\/","title":{"rendered":"Robot de cuisine 3-en-1 \u00e0 assemblage facile, 8 tasses, noir"},"content":{"rendered":"<div>Quelques r\u00e9glages et vous voil\u00e0 pr\u00eat \u00e0 hacher, d\u00e9chiqueter, \u00e9mincer, etc.! Le robot de cuisine de 8 tasses BLACK+DECKERMD est con\u00e7u pour \u00eatre pratique : placez simplement le bol sur le socle et tournez le couvercle jusqu\u2019\u00e0 ce qu\u2019il se verrouille en s\u2019encliquetant. La lame en S est parfaite pour hacher et m\u00e9langer, et le disque r\u00e9versible permet de trancher et de d\u00e9chiqueter facilement. Choisissez entre deux vitesses et r\u00e9glez les impulsions pour pr\u00e9parer de fa\u00e7on optimale tous les types d\u2019aliments. Le bol d\u2019une capacit\u00e9 de 8 tasses permet de pr\u00e9parer une grande quantit\u00e9 d\u2019aliments et toutes les pi\u00e8ces sont lavables au lave-vaisselle, ce qui facilite le nettoyage rapide du robot.    <\/div>\n<hr class=\"product-desc-divider\">\n<div style=\"coffe-prod-bullet-container\">\n<div class=\"coffee-product-50-left\">\n<img decoding=\"async\" src=\"\/wp-content\/uploads\/2025\/10\/FP4200B_hero.jpg\">\n<\/div>\n<div class=\"coffee-product-50-right\">\n<p class=\"title-bold\"><span class=\"bullet-background-number\">1<\/span> Bol de travail 8 tasses<\/p>\n<p>La grande capacit\u00e9 vous donne beaucoup d&rsquo;espace pour cr\u00e9er des salsas, des beurres de noix, du hummus, et bien plus encore. Les possibilit\u00e9s sont infinies ! <\/p>\n<p class=\"title-bold\"><span class=\"bullet-background-number\">2<\/span> Moteur 450W<\/p>\n<p>Le moteur puissant permet de traiter les aliments rapidement et facilement.<\/p>\n<p class=\"title-bold\"><span class=\"bullet-background-number\">3<\/span> Commandes \u00e0 pav\u00e9 tactile facile \u00e0 nettoyer<\/p>\n<p>Le panneau de commande, facile \u00e0 nettoyer, comprend deux vitesses et une fonction d&rsquo;impulsion.<\/p>\n<\/div>\n<\/div>\n<div class=\"coffe-prod-bullet-container product-feature-background product-feature-width-100\">\n<div class=\"prod-feature-text\">\n<p class=\"title-bold title-upper\">ASSEMBLAGE FACILE \u00c0 INSTALLER ET \u00c0 PARTIR<\/p>\n<p>Sa conception astucieuse vous permet de fixer le bol sur la base et d&rsquo;utiliser le couvercle comme m\u00e9canisme de verrouillage. Plus besoin de vous battre pour verrouiller le bol. <\/p>\n<\/div>\n<div class=\"prod-feature-img\">\n<img decoding=\"async\" class=\"prod-feature-image\" src=\"\/wp-content\/uploads\/2025\/10\/FP4200B_SupFeat_1_SetGoEasyAssembly.jpg\">\n<\/div>\n<\/div>\n<div class=\"coffe-prod-bullet-container product-feature-background product-feature-width-100\">\n<div class=\"prod-feature-img-2\">\n<img decoding=\"async\" class=\"prod-feature-image\" src=\"\/wp-content\/uploads\/2025\/10\/FP4200B_SupFeat_2_SBlade.jpg\">\n<\/div>\n<div class=\"prod-feature-text-2\">\n<div>\n<p style=\"margin-bottom:15px;\"><b>S-BLADE<\/b><\/p>\n<p>La lame en acier inoxydable hache et m\u00e9lange rapidement pour des r\u00e9sultats rapides et uniformes.<\/div>\n<\/div>\n<\/div>\n<div class=\"coffe-prod-bullet-container product-feature-background product-feature-width-100\">\n<div class=\"prod-feature-text\">\n<p class=\"title-bold title-upper\">DISQUE R\u00c9VERSIBLE \u00c0 TRANCHER\/R\u00c2PER<\/p>\n<p>Le disque r\u00e9versible en acier inoxydable vous permet de trancher rapidement des l\u00e9gumes ou de r\u00e2per du fromage sans vous fatiguer les avant-bras. Tr\u00e8s pratique ! <\/p>\n<\/div>\n<div class=\"prod-feature-img\">\n<img decoding=\"async\" class=\"prod-feature-image\" src=\"\/wp-content\/uploads\/2025\/10\/FP4200B_SupFeat_3_ReversibleSliceShredDisc.jpg\">\n<\/div>\n<\/div>\n","protected":false},"excerpt":{"rendered":"<ul>\n<li>R\u00e9glez et allez-y ! Montage facile pour des r\u00e9sultats rapides <\/li>\n<li>Bol de travail 8 tasses<\/li>\n<li>Hachez, m\u00e9langez, r\u00e2pez, tranchez et bien plus encore !<\/li>\n<li>v<\/li>\n<li>Pi\u00e8ces lavables au lave-vaisselle<\/li>\n<\/ul>\n<div style=\"font-weight:700;margin-top:20px;\">Manuel d\u2019utilisation et d\u2019entretien<\/div>\n<p>\n<a href=\"\/wp-content\/uploads\/2025\/10\/FP4200-Use-Care-Manual.pdf\">FP4200 Use Care Manual<\/a> (pdf 1.8MB)<\/p>\n","protected":false},"featured_media":1072,"template":"","meta":[],"product_brand":[],"product_cat":[90],"product_tag":[],"class_list":{"0":"post-1344","1":"product","2":"type-product","3":"status-publish","4":"has-post-thumbnail","6":"product_cat-robot-culinaires","7":"pa_color-noir","8":"pa_speeds-2-impulsion","9":"pa_volts-120-volts","10":"pa_warranty-limite-a-2-ans","11":"pa_wattage-450-watts","13":"first","14":"instock","15":"shipping-taxable","16":"product-type-simple"},"_links":{"self":[{"href":"https:\/\/blackanddeckerappliances.ca\/fr\/wp-json\/wp\/v2\/product\/1344","targetHints":{"allow":["GET"]}}],"collection":[{"href":"https:\/\/blackanddeckerappliances.ca\/fr\/wp-json\/wp\/v2\/product"}],"about":[{"href":"https:\/\/blackanddeckerappliances.ca\/fr\/wp-json\/wp\/v2\/types\/product"}],"wp:featuredmedia":[{"embeddable":true,"href":"https:\/\/blackanddeckerappliances.ca\/fr\/wp-json\/wp\/v2\/media\/1072"}],"wp:attachment":[{"href":"https:\/\/blackanddeckerappliances.ca\/fr\/wp-json\/wp\/v2\/media?parent=1344"}],"wp:term":[{"taxonomy":"product_brand","embeddable":true,"href":"https:\/\/blackanddeckerappliances.ca\/fr\/wp-json\/wp\/v2\/product_brand?post=1344"},{"taxonomy":"product_cat","embeddable":true,"href":"https:\/\/blackanddeckerappliances.ca\/fr\/wp-json\/wp\/v2\/product_cat?post=1344"},{"taxonomy":"product_tag","embeddable":true,"href":"https:\/\/blackanddeckerappliances.ca\/fr\/wp-json\/wp\/v2\/product_tag?post=1344"}],"curies":[{"name":"wp","href":"https:\/\/api.w.org\/{rel}","templated":true}]}}