{"id":1339,"date":"2025-10-15T09:42:05","date_gmt":"2025-10-15T09:42:05","guid":{"rendered":"https:\/\/staging.blackanddeckerappliances.ca\/product\/robot-de-cuisine-de-8-tasses-a-assemblage-facile-et-2-vitesses-noir\/"},"modified":"2025-10-15T09:42:05","modified_gmt":"2025-10-15T09:42:05","slug":"robot-de-cuisine-de-8-tasses-a-assemblage-facile-et-2-vitesses-noir","status":"publish","type":"product","link":"https:\/\/blackanddeckerappliances.ca\/fr\/produit\/robot-de-cuisine-de-8-tasses-a-assemblage-facile-et-2-vitesses-noir\/","title":{"rendered":"Robot de cuisine de 8 tasses \u00e0 assemblage facile et 2 vitesses, noir"},"content":{"rendered":"<div>Quelques r\u00e9glages et vous voil\u00e0 pr\u00eat \u00e0 hacher, d\u00e9chiqueter, \u00e9mincer, etc.! Le robot de cuisine de 8 tasses BLACK+DECKERMD est con\u00e7u pour \u00eatre pratique : placez simplement le bol sur le socle et tournez le couvercle jusqu\u2019\u00e0 ce qu\u2019il se verrouille en s\u2019encliquetant. La lame en S est parfaite pour hacher et m\u00e9langer, et le disque r\u00e9versible permet de trancher et de d\u00e9chiqueter facilement. Choisissez entre deux vitesses et r\u00e9glez les impulsions pour pr\u00e9parer de fa\u00e7on optimale tous les types d\u2019aliments. Le bol d\u2019une capacit\u00e9 de 8 tasses permet de pr\u00e9parer une grande quantit\u00e9 d\u2019aliments et toutes les pi\u00e8ces sont lavables au lave-vaisselle, ce qui facilite le nettoyage rapide du robot.    <\/div>\n<hr class=\"product-desc-divider\">\n<div style=\"coffe-prod-bullet-container\">\n<div class=\"coffee-product-50-left\">\n<img decoding=\"async\" src=\"\/wp-content\/uploads\/2025\/10\/FP4150BCPrd1_HR.jpg\">\n<\/div>\n<div class=\"coffee-product-50-right\">\n<p class=\"title-bold\"><span class=\"bullet-background-number\">1<\/span> Assemblage facile<\/p>\n<p>La conception intelligente vous permet de poser le bol sur le socle et d\u2019utiliser le couvercle comme m\u00e9canisme de verrouillage. Fini de lutter pour mettre en place le bol et le verrouiller! <\/p>\n<p class=\"title-bold\"><span class=\"bullet-background-number\">2<\/span> Lame en S &amp; Disque \u00e9minceur\/d\u00e9chiqueteur r\u00e9versible<\/p>\n<p>La lame en acier inoxydable hache et m\u00e9lange pour obtenir rapidement une pr\u00e9paration homog\u00e8ne. Le disque en acier inoxydable est r\u00e9versible et vous permet de hacher menu rapidement des l\u00e9gumes ou de r\u00e2per du fromage sans solliciter vos avant-bras. <\/p>\n<p class=\"title-bold\"><span class=\"bullet-background-number\">3<\/span> Goulotte d\u2019alimentation \u00e0 poussoir<\/p>\n<p>La goulotte d\u2019alimentation est pratique et permet d\u2019ajouter des aliments quand le processeur est en marche. Le poussoir guide mieux les aliments vers le disque \u00e9minceur\/d\u00e9chiqueteur pour une meilleure homog\u00e9n\u00e9it\u00e9 de la pr\u00e9paration. <\/p>\n<\/div>\n<\/div>\n<hr class=\"product-desc-divider\">\n","protected":false},"excerpt":{"rendered":"<ul>\n<li>R\u00e9glez et vous voil\u00e0 pr\u00eat! Assemblage rapide pour des r\u00e9sultats rapides <\/li>\n<li>Bol de 8 tasses<\/li>\n<li>Hachez, m\u00e9langez, d\u00e9chiquetez, \u00e9mincez, etc.!<\/li>\n<li>Moteur de 450 W<\/li>\n<li>Pi\u00e8ces lavables au lave-vaisselle<\/li>\n<\/ul>\n<div style=\"font-weight:700;margin-top:20px;\">Manuel d\u2019utilisation et d\u2019entretien<\/div>\n<p>\n<a href=\"\/wp-content\/uploads\/2025\/10\/FP4150BC-Use-Care-Manual.pdf\">FP4150BC Use Care Manual<\/a> (pdf 266KB)<\/p>\n","protected":false},"featured_media":1061,"template":"","meta":[],"product_brand":[],"product_cat":[90],"product_tag":[],"class_list":{"0":"post-1339","1":"product","2":"type-product","3":"status-publish","4":"has-post-thumbnail","6":"product_cat-robot-culinaires","7":"pa_color-noir","8":"pa_speeds-173","9":"pa_volts-120-volts","10":"pa_warranty-limite-a-2-ans","11":"pa_wattage-450-watts","13":"first","14":"instock","15":"shipping-taxable","16":"product-type-simple"},"_links":{"self":[{"href":"https:\/\/blackanddeckerappliances.ca\/fr\/wp-json\/wp\/v2\/product\/1339","targetHints":{"allow":["GET"]}}],"collection":[{"href":"https:\/\/blackanddeckerappliances.ca\/fr\/wp-json\/wp\/v2\/product"}],"about":[{"href":"https:\/\/blackanddeckerappliances.ca\/fr\/wp-json\/wp\/v2\/types\/product"}],"wp:featuredmedia":[{"embeddable":true,"href":"https:\/\/blackanddeckerappliances.ca\/fr\/wp-json\/wp\/v2\/media\/1061"}],"wp:attachment":[{"href":"https:\/\/blackanddeckerappliances.ca\/fr\/wp-json\/wp\/v2\/media?parent=1339"}],"wp:term":[{"taxonomy":"product_brand","embeddable":true,"href":"https:\/\/blackanddeckerappliances.ca\/fr\/wp-json\/wp\/v2\/product_brand?post=1339"},{"taxonomy":"product_cat","embeddable":true,"href":"https:\/\/blackanddeckerappliances.ca\/fr\/wp-json\/wp\/v2\/product_cat?post=1339"},{"taxonomy":"product_tag","embeddable":true,"href":"https:\/\/blackanddeckerappliances.ca\/fr\/wp-json\/wp\/v2\/product_tag?post=1339"}],"curies":[{"name":"wp","href":"https:\/\/api.w.org\/{rel}","templated":true}]}}