{"id":1334,"date":"2025-10-15T09:36:00","date_gmt":"2025-10-15T09:36:00","guid":{"rendered":"https:\/\/staging.blackanddeckerappliances.ca\/product\/robot-de-cuisine-de-12-tasses-argent\/"},"modified":"2025-10-15T09:36:00","modified_gmt":"2025-10-15T09:36:00","slug":"robot-de-cuisine-de-12-tasses-argent","status":"publish","type":"product","link":"https:\/\/blackanddeckerappliances.ca\/fr\/produit\/robot-de-cuisine-de-12-tasses-argent\/","title":{"rendered":"Robot de cuisine de 12 tasses, argent"},"content":{"rendered":"<div>Le robot de cuisine de 12 tasses BLACK+DECKERMD \u00e9largit vos possibilit\u00e9s dans la cuisine. La machine \u00e0 fonctions multiples m\u00e9lange, hache et p\u00e9trit dans le tr\u00e8s grand bol de 12 tasses. La goulotte d\u2019alimentation de 3 po permet d\u2019ajouter facilement un grand nombre d\u2019ingr\u00e9dients et les r\u00e9glages num\u00e9riques simplifient l\u2019op\u00e9ration. Outre la lame-hachoir en acier inoxydable, il y a d\u2019autres accessoires utiles comme un disque \u00e9minceur\/d\u00e9chiqueteur et une lame p\u00e9trisseuse.   <\/div>\n<hr class=\"product-desc-divider\">\n<div style=\"coffe-prod-bullet-container\">\n<div class=\"coffee-product-50-left\">\n<img decoding=\"async\" src=\"\/wp-content\/uploads\/2025\/10\/FP3300SKTPrd1_NS_HR.jpg\">\n<\/div>\n<div class=\"coffee-product-50-right\">\n<p class=\"title-bold\"><span class=\"bullet-background-number\">1<\/span> Robot de cuisine \u00e0 fonctions multiples<\/p>\n<p>Pour des recettes simples, m\u00e9langez, hachez et p\u00e9trissez gr\u00e2ce aux accessoires inclus.<\/p>\n<p class=\"title-bold\"><span class=\"bullet-background-number\">2<\/span> Bol de 12 tasses<\/p>\n<p>Le bol de grande capacit\u00e9 est parfait pour les grandes ou petites quantit\u00e9s.<\/p>\n<p class=\"title-bold\"><span class=\"bullet-background-number\">3<\/span> Accessoires inclus<\/p>\n<p>Les accessoires interchangeables vous offrent un grand nombre d\u2019options : lame-hachoir en acier inoxydable, disque \u00e9minceur\/d\u00e9chiqueteur en acier inoxydable et lame p\u00e9trisseuse.<\/p>\n<\/div>\n<\/div>\n<hr class=\"product-desc-divider\">\n","protected":false},"excerpt":{"rendered":"<ul>\n<li>M\u00e9langer, hacher, p\u00e9trir : accessoires inclus pour des fonctions multiples<\/li>\n<li>Bol de 12 tasses : pr\u00e9parez de petites ou de grandes quantit\u00e9s<\/li>\n<li>Boutons de contr\u00f4le num\u00e9riques : trois vitesses et impulsion<\/li>\n<li>Large goulotte d\u2019alimentation : accommode de gros ingr\u00e9dients pour une pr\u00e9paration facile<\/li>\n<li>Pi\u00e8ces lavables au lave-vaisselle : nettoyage facile apr\u00e8s chaque utilisation<\/li>\n<\/ul>\n<div style=\"font-weight:700;margin-top:20px;\">Manuel d\u2019utilisation et d\u2019entretien<\/div>\n<p>\n<a href=\"\/wp-content\/uploads\/2025\/10\/FP3300SKT-Use-Care-Manual.pdf\">FP3300SKT Use Care Manual<\/a> (pdf 2.3MB)<\/p>\n","protected":false},"featured_media":1053,"template":"","meta":[],"product_brand":[],"product_cat":[90],"product_tag":[],"class_list":{"0":"post-1334","1":"product","2":"type-product","3":"status-publish","4":"has-post-thumbnail","6":"product_cat-robot-culinaires","7":"pa_color-argent","8":"pa_speeds-172","9":"pa_volts-120-volts","10":"pa_warranty-limite-a-2-ans","11":"pa_wattage-550-watts","13":"first","14":"instock","15":"shipping-taxable","16":"product-type-simple"},"_links":{"self":[{"href":"https:\/\/blackanddeckerappliances.ca\/fr\/wp-json\/wp\/v2\/product\/1334","targetHints":{"allow":["GET"]}}],"collection":[{"href":"https:\/\/blackanddeckerappliances.ca\/fr\/wp-json\/wp\/v2\/product"}],"about":[{"href":"https:\/\/blackanddeckerappliances.ca\/fr\/wp-json\/wp\/v2\/types\/product"}],"wp:featuredmedia":[{"embeddable":true,"href":"https:\/\/blackanddeckerappliances.ca\/fr\/wp-json\/wp\/v2\/media\/1053"}],"wp:attachment":[{"href":"https:\/\/blackanddeckerappliances.ca\/fr\/wp-json\/wp\/v2\/media?parent=1334"}],"wp:term":[{"taxonomy":"product_brand","embeddable":true,"href":"https:\/\/blackanddeckerappliances.ca\/fr\/wp-json\/wp\/v2\/product_brand?post=1334"},{"taxonomy":"product_cat","embeddable":true,"href":"https:\/\/blackanddeckerappliances.ca\/fr\/wp-json\/wp\/v2\/product_cat?post=1334"},{"taxonomy":"product_tag","embeddable":true,"href":"https:\/\/blackanddeckerappliances.ca\/fr\/wp-json\/wp\/v2\/product_tag?post=1334"}],"curies":[{"name":"wp","href":"https:\/\/api.w.org\/{rel}","templated":true}]}}