{"id":1328,"date":"2025-10-14T20:12:09","date_gmt":"2025-10-14T20:12:09","guid":{"rendered":"https:\/\/staging.blackanddeckerappliances.ca\/product\/melangeur-a-10-vitesses\/"},"modified":"2025-10-14T20:12:09","modified_gmt":"2025-10-14T20:12:09","slug":"melangeur-a-10-vitesses","status":"publish","type":"product","link":"https:\/\/blackanddeckerappliances.ca\/fr\/produit\/melangeur-a-10-vitesses\/","title":{"rendered":"M\u00e9langeur \u00e0 10 vitesses"},"content":{"rendered":"<div>Le m\u00e9langeur \u00e0 10 vitesses BLACK+DECKERMD est un classique incontournable des cuisines. Les 550 W de puissance fournissent un rendement sup\u00e9rieur pour concasser la glace, et les 10 vitesses et la fonction impulsions permettent de trouver rapidement la consistance que vous voulez. Le pichet m\u00e9langeur en plastique de 6 tasses (48 oz) est l\u00e9ger et vous pouvez verser facilement son contenu, soit plusieurs portions de votre soupe pr\u00e9f\u00e9r\u00e9e, d\u2019un smoothie, d\u2019un dessert glac\u00e9, etc. Et rien de plus facile que le nettoyage gr\u00e2ce aux pi\u00e8ces amovibles lavables au lave-vaisselle.   <\/p>\n<p>*Le rendement en pointe fait r\u00e9f\u00e9rence \u00e0 la puissance maximale d\u00e9velopp\u00e9e pendant un m\u00e9lange de 100 ms.<\/p>\n<\/div>\n<hr class=\"product-desc-divider\">\n<div style=\"coffe-prod-bullet-container\">\n<div class=\"coffee-product-50-left\">\n<img decoding=\"async\" src=\"\/wp-content\/uploads\/2025\/10\/BL2010BGCPrd2_HR.jpg\">\n<\/div>\n<div class=\"coffee-product-50-right\">\n<p class=\"title-bold\"><span class=\"bullet-background-number\">1<\/span> 550 W de puissance de m\u00e9lange!<\/p>\n<p>Le m\u00e9langeur d\u00e9veloppe jusqu\u2019\u00e0 550 W de puissance en pointe* et 350 W de puissance en utilisation continue.<\/p>\n<p class=\"title-bold\"><span class=\"bullet-background-number\">2<\/span> Lame en acier inoxydable \u00e0 4 bouts<\/p>\n<p>La lame en acier inoxydable \u00e0 diff\u00e9rents niveaux pour am\u00e9liorer l\u2019efficacit\u00e9 et optimiser la puissance de m\u00e9lange.<\/p>\n<p class=\"title-bold\"><span class=\"bullet-background-number\">3<\/span> 10 vitesses avec fonction impulsions<\/p>\n<p>Gr\u00e2ce au large \u00e9ventail de vitesses de m\u00e9langer et au moteur de 550 W, trouvez la bonne consistance pour tout ce que vous pr\u00e9parez.<\/p>\n<\/div>\n<\/div>\n<hr class=\"product-desc-divider\">\n","protected":false},"excerpt":{"rendered":"<ul>\n<li>M\u00e9lange puissant &#8211; Moteur de 550 W<\/li>\n<li>R\u00e9glage de 10 vitesses<\/li>\n<li>Pichet l\u00e9ger en plastique de 6 tasses<\/li>\n<li>Lame en acier inoxydable \u00e0 4 bouts<\/li>\n<li>Pi\u00e8ces lavables au lave-vaisselle<\/li>\n<\/ul>\n<div style=\"font-weight:700;margin-top:20px;\">Manuel d\u2019utilisation et d\u2019entretien<\/div>\n<p>\n<a href=\"\/wp-content\/uploads\/2025\/10\/BL2010BGC-Use-Care-Manual.pdf\">BL2010BGC Use Care Manual<\/a> (pdf 837KB)<\/p>\n","protected":false},"featured_media":1044,"template":"","meta":[],"product_brand":[],"product_cat":[72],"product_tag":[],"class_list":{"0":"post-1328","1":"product","2":"type-product","3":"status-publish","4":"has-post-thumbnail","6":"product_cat-melangeurs-de-comptoir","7":"pa_color-noir","8":"pa_number-of-cups-167","9":"pa_speeds-170","10":"pa_volts-120-volts","11":"pa_warranty-limite-a-2-ans","12":"pa_wattage-550-watts","14":"first","15":"instock","16":"shipping-taxable","17":"product-type-simple"},"_links":{"self":[{"href":"https:\/\/blackanddeckerappliances.ca\/fr\/wp-json\/wp\/v2\/product\/1328","targetHints":{"allow":["GET"]}}],"collection":[{"href":"https:\/\/blackanddeckerappliances.ca\/fr\/wp-json\/wp\/v2\/product"}],"about":[{"href":"https:\/\/blackanddeckerappliances.ca\/fr\/wp-json\/wp\/v2\/types\/product"}],"wp:featuredmedia":[{"embeddable":true,"href":"https:\/\/blackanddeckerappliances.ca\/fr\/wp-json\/wp\/v2\/media\/1044"}],"wp:attachment":[{"href":"https:\/\/blackanddeckerappliances.ca\/fr\/wp-json\/wp\/v2\/media?parent=1328"}],"wp:term":[{"taxonomy":"product_brand","embeddable":true,"href":"https:\/\/blackanddeckerappliances.ca\/fr\/wp-json\/wp\/v2\/product_brand?post=1328"},{"taxonomy":"product_cat","embeddable":true,"href":"https:\/\/blackanddeckerappliances.ca\/fr\/wp-json\/wp\/v2\/product_cat?post=1328"},{"taxonomy":"product_tag","embeddable":true,"href":"https:\/\/blackanddeckerappliances.ca\/fr\/wp-json\/wp\/v2\/product_tag?post=1328"}],"curies":[{"name":"wp","href":"https:\/\/api.w.org\/{rel}","templated":true}]}}