{"id":1324,"date":"2025-10-14T20:04:15","date_gmt":"2025-10-14T20:04:15","guid":{"rendered":"https:\/\/staging.blackanddeckerappliances.ca\/product\/melangeur-a-fonctions-multiples-powercrushmc-avec-pichet-melangeur-de-6-tasses-noir-2\/"},"modified":"2025-10-14T20:04:15","modified_gmt":"2025-10-14T20:04:15","slug":"melangeur-a-fonctions-multiples-powercrushmc-avec-pichet-melangeur-de-6-tasses-noir-2","status":"publish","type":"product","link":"https:\/\/blackanddeckerappliances.ca\/fr\/produit\/melangeur-a-fonctions-multiples-powercrushmc-avec-pichet-melangeur-de-6-tasses-noir-2\/","title":{"rendered":"M\u00e9langeur \u00e0 fonctions multiples PowerCrushMC avec pichet m\u00e9langeur de 6 tasses, noir"},"content":{"rendered":"<div>Le m\u00e9langeur \u00e0 fonctions multiples PowerCrushMC BLACK+DECKERMD utilise sa puissance de 700 W pour pulv\u00e9riser la glace et d\u2019autres ingr\u00e9dients solides afin de cr\u00e9er de d\u00e9licieux smoothies, des laits frapp\u00e9s, etc. La lame QuadPro est suffisamment polyvalente pour pr\u00e9parer des boissons glac\u00e9es, des soupes, des pur\u00e9es et m\u00eame de la chapelure (pain, biscuits ou c\u00e9r\u00e9ales) \u00e0 utiliser dans d\u2019autres recettes. Utilisez les quatre boutons de contr\u00f4le de vitesse intuitifs pour trouver la consistance parfaite. Puis versez facilement et sans d\u00e9versement gr\u00e2ce au bec verseur \u00e0 charni\u00e8re refermable et au pichet m\u00e9langeur PerfectPourMC. En outre, le nettoyage est facile gr\u00e2ce \u00e0 la fonction Easy Clean qui utilise le mouvement de la lame de m\u00e9lange pour d\u00e9tacher les aliments cuits, et toutes les pi\u00e8ces sont lavables au lave-vaisselle. Pour un m\u00e9lange rapide et puissant, des pr\u00e9parations sans g\u00e2chis et un nettoyage facile, le PowerCrush BLACK+DECKERMD est le seul m\u00e9langeur dont vous avez besoin.   <\/p>\n<p>*Le rendement en pointe fait r\u00e9f\u00e9rence \u00e0 la puissance maximale d\u00e9velopp\u00e9e pendant un m\u00e9lange de 100 ms.<\/p>\n<\/div>\n<hr class=\"product-desc-divider\">\n<div style=\"coffe-prod-bullet-container\">\n<div class=\"coffee-product-50-left\">\n<img decoding=\"async\" src=\"\/wp-content\/uploads\/2025\/10\/BL1210BGCPrd2_HR-2.jpg\">\n<\/div>\n<div class=\"coffee-product-50-right\">\n<p class=\"title-bold\"><span class=\"bullet-background-number\">1<\/span> Couvercle avec bec verseur et distributeur d\u2019ingr\u00e9dients<\/p>\n<p>Gr\u00e2ce au bec verseur pratique et refermable \u00e0 charni\u00e8re, le couvercle reste attach\u00e9 pendant que vous versez votre m\u00e9lange. En outre, le distributeur d\u2019ingr\u00e9dients \u00e0 charni\u00e8re vous permet d\u2019ajouter des liquides et des solides pendant le m\u00e9lange. <\/p>\n<p class=\"title-bold\"><span class=\"bullet-background-number\">2<\/span> Pichet m\u00e9langeur PerfectPourMC de 6 tasses<\/p>\n<p>Sous l\u2019allure classique de ce robuste pichet m\u00e9langeur \u00e0 paroi \u00e9paisse se cache un moteur au rendement exceptionnel; le bec est moul\u00e9 pour verser facilement et sans d\u00e9versement.<\/p>\n<p class=\"title-bold\"><span class=\"bullet-background-number\">3<\/span> Technologie de lame QuadPro \u00e0 4 bouts<\/p>\n<p>La lame de m\u00e9lange en acier inoxydable pr\u00e9sente 4 bouts et elle est adapt\u00e9e \u00e0 la forme du pichet m\u00e9langeur pour cr\u00e9er un flux et un tourbillon constants qui propulsent les ingr\u00e9dients directement sur la lame pour les m\u00e9langer rapidement et efficacement.<\/p>\n<\/div>\n<\/div>\n<hr class=\"product-desc-divider\">\n","protected":false},"excerpt":{"rendered":"<ul>\n<li>Pichet m\u00e9langeur PerfectPourMC de 6 tasses<\/li>\n<li>Moteur de 700 W<\/li>\n<li>Technologie de lame QuadPro \u00e0 4 bouts<\/li>\n<li>Pi\u00e8ces lavables au lave-vaisselle<\/li>\n<li>Smoothies, laits frapp\u00e9s, boissons glac\u00e9es, pur\u00e9es, chapelure, etc.!<\/li>\n<\/ul>\n<div style=\"font-weight:700;margin-top:20px;\">Manuel d\u2019utilisation et d\u2019entretien<\/div>\n<p>\n<a href=\"\/wp-content\/uploads\/2025\/10\/BL1210BGC-BL1220SGC-Use-Care-Manual-1.pdf\">BL1210BGC BL1220SGC Use Care Manual<\/a> (pdf 1.7MB)<\/p>\n","protected":false},"featured_media":1038,"template":"","meta":[],"product_brand":[],"product_cat":[74],"product_tag":[],"class_list":{"0":"post-1324","1":"product","2":"type-product","3":"status-publish","4":"has-post-thumbnail","6":"product_cat-melangeurs-powercrush","7":"pa_color-argent-noir","8":"pa_number-of-cups-167","9":"pa_speeds-168","10":"pa_volts-120-volts","11":"pa_warranty-limite-a-2-ans","12":"pa_wattage-700-watts","14":"first","15":"instock","16":"shipping-taxable","17":"product-type-simple"},"_links":{"self":[{"href":"https:\/\/blackanddeckerappliances.ca\/fr\/wp-json\/wp\/v2\/product\/1324","targetHints":{"allow":["GET"]}}],"collection":[{"href":"https:\/\/blackanddeckerappliances.ca\/fr\/wp-json\/wp\/v2\/product"}],"about":[{"href":"https:\/\/blackanddeckerappliances.ca\/fr\/wp-json\/wp\/v2\/types\/product"}],"wp:featuredmedia":[{"embeddable":true,"href":"https:\/\/blackanddeckerappliances.ca\/fr\/wp-json\/wp\/v2\/media\/1038"}],"wp:attachment":[{"href":"https:\/\/blackanddeckerappliances.ca\/fr\/wp-json\/wp\/v2\/media?parent=1324"}],"wp:term":[{"taxonomy":"product_brand","embeddable":true,"href":"https:\/\/blackanddeckerappliances.ca\/fr\/wp-json\/wp\/v2\/product_brand?post=1324"},{"taxonomy":"product_cat","embeddable":true,"href":"https:\/\/blackanddeckerappliances.ca\/fr\/wp-json\/wp\/v2\/product_cat?post=1324"},{"taxonomy":"product_tag","embeddable":true,"href":"https:\/\/blackanddeckerappliances.ca\/fr\/wp-json\/wp\/v2\/product_tag?post=1324"}],"curies":[{"name":"wp","href":"https:\/\/api.w.org\/{rel}","templated":true}]}}