{"id":1317,"date":"2025-10-14T19:44:02","date_gmt":"2025-10-14T19:44:02","guid":{"rendered":"https:\/\/staging.blackanddeckerappliances.ca\/product\/moulin-a-cafe-commande-a-simple-bouton-poussoir-acier-inoxydable\/"},"modified":"2025-10-14T19:44:02","modified_gmt":"2025-10-14T19:44:02","slug":"moulin-a-cafe-commande-a-simple-bouton-poussoir-acier-inoxydable","status":"publish","type":"product","link":"https:\/\/blackanddeckerappliances.ca\/fr\/produit\/moulin-a-cafe-commande-a-simple-bouton-poussoir-acier-inoxydable\/","title":{"rendered":"Moulin \u00e0 caf\u00e9, commande \u00e0 simple bouton-poussoir, acier inoxydable"},"content":{"rendered":"<div>Gr\u00e2ce au moulin \u00e0 caf\u00e9 BLACK+DECKERMD, moulez des f\u00e8ves enti\u00e8res pour votre caf\u00e9 pr\u00e9f\u00e9r\u00e9. Les lames et le bol en acier inoxydable permettent un broyage 30 % plus efficace* pour obtenir une mouture uniforme. En outre, ce moulin de grande capacit\u00e9 est dot\u00e9 d&rsquo;une commande \u00e0 simple bouton-poussoir qui vous permet de cr\u00e9er rapidement la consistance parfaite. Il est \u00e9galement id\u00e9al pour moudre les herbes, les \u00e9pices et les grains ou pour hacher les noix et les graines.   <\/p>\n<p>*bas\u00e9 sur 10 secondes de broyage, par rapport au CBG100S BLACK+DECKERMD<\/p>\n<\/div>\n<hr class=\"product-desc-divider\">\n<div style=\"coffe-prod-bullet-container\">\n<div class=\"coffee-product-50-left\">\n<img decoding=\"async\" src=\"\/wp-content\/uploads\/2025\/10\/CBG110S_01_Hero.jpg\">\n<\/div>\n<div class=\"coffee-product-50-right\">\n<p class=\"title-bold\"><span class=\"bullet-background-number\">1<\/span> Broyage 30 % plus efficace<\/p>\n<p>Ce moulin \u00e0 caf\u00e9 a \u00e9t\u00e9 con\u00e7u pour obtenir une mouture uniforme permettant de faire une d\u00e9licieuse tasse de caf\u00e9.<\/p>\n<p class=\"title-bold\"><span class=\"bullet-background-number\">2<\/span> Moulez ce que vous pr\u00e9f\u00e9rez!<\/p>\n<p>Les lames en acier inoxydable broient rapidement votre vos f\u00e8ves de caf\u00e9 favorites, des herbes, des \u00e9pices, des grains, etc.!<\/p>\n<p class=\"title-bold\"><span class=\"bullet-background-number\">3<\/span> Lames et bol en acier inoxydable<\/p>\n<p>Les lames ac\u00e9r\u00e9es et le bol \u00e0 mouture robuste sont con\u00e7us pour durer, produisant ainsi une mouture uniforme \u00e0 chaque utilisation.<\/p>\n<\/div>\n<\/div>\n<hr class=\"product-desc-divider\">\n","protected":false},"excerpt":{"rendered":"<ul>\n<li>Broyage 30 % plus efficace pour un ar\u00f4me optimal<\/li>\n<li>Moulez votre caf\u00e9 favori, des f\u00e8ves, des \u00e9pices, des herbes, des grains, etc.!<\/li>\n<li>Lames et bol en acier inoxydable<\/li>\n<li>Commande \u00e0 simple bouton-poussoir<\/li>\n<li>Couvercle \u00e0 dispositif de s\u00e9curit\u00e9 de verrouillage<\/li>\n<\/ul>\n<div style=\"font-weight:700;margin-top:20px;\">Manuel d\u2019utilisation et d\u2019entretien<\/div>\n<p>\n<a href=\"\/wp-content\/uploads\/2025\/10\/CBG110SC-Use-Care-Manual.pdf\">CBG110SC Use Care Manual<\/a> (pdf 337KB)<\/p>\n","protected":false},"featured_media":1016,"template":"","meta":[],"product_brand":[],"product_cat":[77],"product_tag":[],"class_list":{"0":"post-1317","1":"product","2":"type-product","3":"status-publish","4":"has-post-thumbnail","6":"product_cat-accessoires-de-cafe-et-de-the","7":"pa_color-argent","8":"pa_volts-120-volts","9":"pa_warranty-limite-a-2-ans","10":"pa_wattage-130-watts","12":"first","13":"instock","14":"shipping-taxable","15":"product-type-simple"},"_links":{"self":[{"href":"https:\/\/blackanddeckerappliances.ca\/fr\/wp-json\/wp\/v2\/product\/1317","targetHints":{"allow":["GET"]}}],"collection":[{"href":"https:\/\/blackanddeckerappliances.ca\/fr\/wp-json\/wp\/v2\/product"}],"about":[{"href":"https:\/\/blackanddeckerappliances.ca\/fr\/wp-json\/wp\/v2\/types\/product"}],"wp:featuredmedia":[{"embeddable":true,"href":"https:\/\/blackanddeckerappliances.ca\/fr\/wp-json\/wp\/v2\/media\/1016"}],"wp:attachment":[{"href":"https:\/\/blackanddeckerappliances.ca\/fr\/wp-json\/wp\/v2\/media?parent=1317"}],"wp:term":[{"taxonomy":"product_brand","embeddable":true,"href":"https:\/\/blackanddeckerappliances.ca\/fr\/wp-json\/wp\/v2\/product_brand?post=1317"},{"taxonomy":"product_cat","embeddable":true,"href":"https:\/\/blackanddeckerappliances.ca\/fr\/wp-json\/wp\/v2\/product_cat?post=1317"},{"taxonomy":"product_tag","embeddable":true,"href":"https:\/\/blackanddeckerappliances.ca\/fr\/wp-json\/wp\/v2\/product_tag?post=1317"}],"curies":[{"name":"wp","href":"https:\/\/api.w.org\/{rel}","templated":true}]}}