{"id":1309,"date":"2025-10-14T19:49:00","date_gmt":"2025-10-14T19:49:00","guid":{"rendered":"https:\/\/staging.blackanddeckerappliances.ca\/product\/moulin-a-cafe-a-meules\/"},"modified":"2025-10-14T19:49:00","modified_gmt":"2025-10-14T19:49:00","slug":"moulin-a-cafe-a-meules","status":"publish","type":"product","link":"https:\/\/blackanddeckerappliances.ca\/fr\/produit\/moulin-a-cafe-a-meules\/","title":{"rendered":"Moulin \u00e0 caf\u00e9 \u00e0 meules"},"content":{"rendered":"<div>Gr\u00e2ce au moulin \u00e0 caf\u00e9 \u00e0 meules BLACK+DECKERMD, savourez une bonne tasse de caf\u00e9 fra\u00eechement infus\u00e9e et \u00e0 l&rsquo;ar\u00f4me riche et puissant. Les meules permettent de moudre de fa\u00e7on homog\u00e8ne vos f\u00e8ves de caf\u00e9 favorites et d&rsquo;en extraire le maximum de leur ar\u00f4me. La capacit\u00e9 de 12 tasses* de caf\u00e9 vous permet de moudre la quantit\u00e9 parfaite de grains. En outre, le cadran de s\u00e9lection de grosseur de la mouture comprend 20 r\u00e9glages, vous permettant ainsi de choisir exactement la consistance de mouture que vous pr\u00e9f\u00e9rez, qu&rsquo;elle soit tr\u00e8s fine pour un expresso ou grossi\u00e8re pour un percolateur, ou entre les deux. Excellents pour les graines, les \u00e9pices, les herbes, etc.!  <\/p>\n<\/div>\n<hr class=\"product-desc-divider\">\n<div style=\"coffe-prod-bullet-container\">\n<div class=\"coffee-product-50-left\">\n<img decoding=\"async\" src=\"\/wp-content\/uploads\/2025\/10\/CBM310BD_NS_Prd1_HR.jpg\">\n<\/div>\n<div class=\"coffee-product-50-right\">\n<p class=\"title-bold\"><span class=\"bullet-background-number\">1<\/span> Moulez ce que vous pr\u00e9f\u00e9rez!<\/p>\n<p>Les meules broient rapidement vos grains de caf\u00e9 favoris, les herbes, les \u00e9pices, les grains, etc.!<\/p>\n<p class=\"title-bold\"><span class=\"bullet-background-number\">2<\/span> Commandes faciles \u00e0 utiliser<\/p>\n<p>Un bouton de commande unique vous permet d&rsquo;obtenir la consistance de mouture parfaite en vous laissant le choix de la quantit\u00e9 de caf\u00e9 que vous souhaitez infuser, de 2 \u00e0 12 tasses*.<\/p>\n<p class=\"title-bold\"><span class=\"bullet-background-number\">3<\/span> 20 r\u00e9glages de grosseur de mouture<\/p>\n<p>Il vous suffit de tourner le cadran pour s\u00e9lectionner votre consistance de mouture pr\u00e9f\u00e9r\u00e9e, de tr\u00e8s fine \u00e0 grossi\u00e8re.<\/p>\n<\/div>\n<\/div>\n<hr class=\"product-desc-divider\">\n","protected":false},"excerpt":{"rendered":"<ul>\n<li>Moulez votre caf\u00e9 favori, des graines, des \u00e9pices, des herbes, des grains, etc.!<\/li>\n<li>Commandes faciles \u00e0 utiliser<\/li>\n<li>Cadran de s\u00e9lection de grosseurs de mouture<\/li>\n<li>R\u00e9cepteur de caf\u00e9 moulu amovible<\/li>\n<li>Pieds antid\u00e9rapants en caoutchouc<\/li>\n<li>Range-cordon<\/li>\n<li>M\u00e9canisme de s\u00e9curit\u00e9 int\u00e9gr\u00e9<\/li>\n<\/ul>\n<div style=\"font-weight:700;margin-top:20px;\">Manuel d\u2019utilisation et d\u2019entretien<\/div>\n<p>\n<a href=\"\/wp-content\/uploads\/2025\/10\/CBM310BD-Use-Care-Manual.pdf\">CBM310BD Use Care Manual<\/a> (pdf 1.6MB)<\/p>\n","protected":false},"featured_media":1021,"template":"","meta":[],"product_brand":[],"product_cat":[77],"product_tag":[],"class_list":{"0":"post-1309","1":"product","2":"type-product","3":"status-publish","4":"has-post-thumbnail","6":"product_cat-accessoires-de-cafe-et-de-the","7":"pa_color-argent-noir","8":"pa_volts-120-volts","9":"pa_warranty-limite-a-2-ans","10":"pa_wattage-140-watts","12":"first","13":"instock","14":"shipping-taxable","15":"product-type-simple"},"_links":{"self":[{"href":"https:\/\/blackanddeckerappliances.ca\/fr\/wp-json\/wp\/v2\/product\/1309","targetHints":{"allow":["GET"]}}],"collection":[{"href":"https:\/\/blackanddeckerappliances.ca\/fr\/wp-json\/wp\/v2\/product"}],"about":[{"href":"https:\/\/blackanddeckerappliances.ca\/fr\/wp-json\/wp\/v2\/types\/product"}],"wp:featuredmedia":[{"embeddable":true,"href":"https:\/\/blackanddeckerappliances.ca\/fr\/wp-json\/wp\/v2\/media\/1021"}],"wp:attachment":[{"href":"https:\/\/blackanddeckerappliances.ca\/fr\/wp-json\/wp\/v2\/media?parent=1309"}],"wp:term":[{"taxonomy":"product_brand","embeddable":true,"href":"https:\/\/blackanddeckerappliances.ca\/fr\/wp-json\/wp\/v2\/product_brand?post=1309"},{"taxonomy":"product_cat","embeddable":true,"href":"https:\/\/blackanddeckerappliances.ca\/fr\/wp-json\/wp\/v2\/product_cat?post=1309"},{"taxonomy":"product_tag","embeddable":true,"href":"https:\/\/blackanddeckerappliances.ca\/fr\/wp-json\/wp\/v2\/product_tag?post=1309"}],"curies":[{"name":"wp","href":"https:\/\/api.w.org\/{rel}","templated":true}]}}