{"id":1306,"date":"2025-10-14T19:30:14","date_gmt":"2025-10-14T19:30:14","guid":{"rendered":"https:\/\/staging.blackanddeckerappliances.ca\/product\/rapid-boil-bouilloire-electrique-sans-fil-blanc-nid-dabeille-17-l\/"},"modified":"2025-10-14T19:30:14","modified_gmt":"2025-10-14T19:30:14","slug":"rapid-boil-bouilloire-electrique-sans-fil-blanc-nid-dabeille-17-l","status":"publish","type":"product","link":"https:\/\/blackanddeckerappliances.ca\/fr\/produit\/rapid-boil-bouilloire-electrique-sans-fil-blanc-nid-dabeille-17-l\/","title":{"rendered":"Rapid Boil Bouilloire \u00e9lectrique sans fil Blanc nid d&rsquo;abeille 1,7 l"},"content":{"rendered":"<div>Un design haut de gamme et des performances optimales. La bouilloire \u00e9lectrique sans fil de 1,7 L de BLACK+DECKERMD fait partie de la collection Honeycomb avec une finition textur\u00e9e haut de gamme et des accents en acier inoxydable qui compl\u00e8teront l&rsquo;esth\u00e9tique de votre cuisine. Et il offre des performances. La technologie Rapid Boil fait bouillir l&rsquo;eau plus de 2 fois plus vite qu&rsquo;une cuisini\u00e8re*, vous offrant de l&rsquo;eau fra\u00eeche et chaude pour le th\u00e9, le cacao chaud, les repas instantan\u00e9s, la farine d&rsquo;avoine, le caf\u00e9 de presse fran\u00e7aise, et bien plus encore. De plus, la base pivotante \u00e0 360\u00b0 vous permet de ramasser et de poser la bouilloire \u00e0 n&rsquo;importe quel angle pour un versement facile et sans fil. Autres caract\u00e9ristiques comprennent: fen\u00eatre d&rsquo;eau \u00e9clair\u00e9e, zone d&rsquo;\u00e9bullition rapide (1 \u00e0 3 tasses), protection contre l&rsquo;\u00e9bullition\/sec, interrupteur marche\/arr\u00eat, couvercle de verrouillage de s\u00e9curit\u00e9, cordon et filtre anticalcaire amovible.     <\/p>\n<p>*Bas\u00e9 sur 16 oz d&rsquo;eau bouillie sur une cuisini\u00e8re \u00e9lectrique <\/p>\n<\/div>\n<hr class=\"product-desc-divider\">\n<div style=\"coffe-prod-bullet-container\">\n<div class=\"coffee-product-50-left\">\n<img decoding=\"async\" src=\"\/wp-content\/uploads\/2025\/10\/KE1560W_BD_Extended_KE1560W_Hero.jpg\">\n<\/div>\n<div class=\"coffee-product-50-right\">\n<p class=\"title-bold\"><span class=\"bullet-background-number\">1<\/span> Bouilloire \u00e9lectrique de 1,7 l avec finition textur\u00e9e de qualit\u00e9 sup\u00e9rieure<\/p>\n<p>Cette bouilloire haute performance fait partie de la collection Honeycomb avec une finition textur\u00e9e premium et des accents en acier inoxydable pour un ajout attrayant \u00e0 votre cuisine.<\/p>\n<p class=\"title-bold\"><span class=\"bullet-background-number\">2<\/span> Technologie Rapid Boil<\/p>\n<p>Plus de 2 fois plus rapide qu&rsquo;une cuisini\u00e8re*! L&rsquo;\u00e9l\u00e9ment chauffant puissant fait bouillir l&rsquo;eau rapidement, ce qui vous fait gagner du temps dans la cuisine. <\/p>\n<p class=\"title-bold\"><span class=\"bullet-background-number\">3<\/span> Service sans cordon<\/p>\n<p>Ramassez, versez, remettez ! Vous pouvez r\u00e9gler la bouilloire sans fil sur la base pivotante \u00e0 360\u00b0 \u00e0 n&rsquo;importe quel angle. <\/p>\n<\/div>\n<\/div>\n<div class=\"coffe-prod-bullet-container product-feature-background product-feature-width-100\">\n<div class=\"prod-feature-text\">\n<p class=\"title-bold title-upper\">Zone d&rsquo;\u00e9bullition rapide<\/p>\n<p>Les marques de niveau rouge vif \u00e0 l&rsquo;int\u00e9rieur de la bouilloire vous aident \u00e0 mesurer 1, 2 ou 3 tasses pour une \u00e9bullition ultra rapide.<\/p>\n<\/div>\n<div class=\"prod-feature-img\">\n<img decoding=\"async\" class=\"prod-feature-image\" src=\"\/wp-content\/uploads\/2025\/10\/KE1560W_BD_Extended_SupFeat_1_RapidBoilZone.jpg\">\n<\/div>\n<\/div>\n<div class=\"coffe-prod-bullet-container product-feature-background product-feature-width-100\">\n<div class=\"prod-feature-img-2\">\n<img decoding=\"async\" class=\"prod-feature-image\" src=\"\/wp-content\/uploads\/2025\/10\/KE1560W_BD_Extended_SupFeat_2_RemovableAntiScaleFilter.jpg\">\n<\/div>\n<div class=\"prod-feature-text-2\">\n<div>\n<p style=\"margin-bottom:15px;\"><b>Filtre anticalcaire amovible<\/b><\/p>\n<p>Le filtre se fixe derri\u00e8re le bec verseur pour garder le calcaire hors de vos boissons, et il est amovible pour un nettoyage facile.<\/div>\n<\/div>\n<\/div>\n<div class=\"coffe-prod-bullet-container product-feature-background product-feature-width-100\">\n<div class=\"prod-feature-text\">\n<p class=\"title-bold title-upper\">Interrupteur marche\/arr\u00eat<\/p>\n<p>Le fonctionnement d\u00e9marre et peut \u00eatre arr\u00eat\u00e9 avec le simple interrupteur marche\/arr\u00eat.<\/p>\n<\/div>\n<div class=\"prod-feature-img\">\n<img decoding=\"async\" class=\"prod-feature-image\" src=\"\/wp-content\/uploads\/2025\/10\/KE1560W_BD_Extended_SupFeat_3_OnOffSwitch.jpg\">\n<\/div>\n<\/div>\n","protected":false},"excerpt":{"rendered":"<ul>\n<li>Finition textur\u00e9e de qualit\u00e9 sup\u00e9rieure &#8211; La collection Honeycomb conf\u00e8re un aspect \u00e9l\u00e9gant \u00e0 votre cuisine<\/li>\n<li>Technologie d&rsquo;\u00e9bullition rapide &#8211; \u00e9bullition deux fois plus rapide*<\/li>\n<li>Niveaux d&rsquo;eau faciles \u00e0 remplir &#8211; Marquages internes et fen\u00eatre d&rsquo;eau<\/li>\n<li>Service sans cordon &#8211; D\u00e9placement facile du comptoir \u00e0 la table<\/li>\n<li>Arr\u00eat automatique &#8211; Tranquillit\u00e9 d&rsquo;esprit \u00e0 chaque utilisation<\/li>\n<\/ul>\n<div style=\"font-weight:700;margin-top:20px;\">Manuel d\u2019utilisation et d\u2019entretien<\/div>\n<p>\n<a href=\"\/wp-content\/uploads\/2025\/10\/KE1560_Use_and_Care_Manual.pdf\">KE1560_Use_and_Care_Manual<\/a> (pdf 962KB)<br \/>\n<a href=\"\/wp-content\/uploads\/2025\/10\/Chemical-Disclosure-Statement-25-1.pdf\">Chemical Disclosure Statement<\/a> (pdf 99.7KB)<\/p>\n","protected":false},"featured_media":1010,"template":"","meta":[],"product_brand":[],"product_cat":[78],"product_tag":[],"class_list":{"0":"post-1306","1":"product","2":"type-product","3":"status-publish","4":"has-post-thumbnail","6":"product_cat-bouilloires","7":"pa_color-blanc-texture-de-qualite-superieure-et-acier-inoxydable","8":"pa_number-of-cups-162","9":"pa_volts-120-volts-60-hz","10":"pa_warranty-limite-a-2-ans","11":"pa_wattage-1500-watts","13":"first","14":"instock","15":"shipping-taxable","16":"product-type-simple"},"_links":{"self":[{"href":"https:\/\/blackanddeckerappliances.ca\/fr\/wp-json\/wp\/v2\/product\/1306","targetHints":{"allow":["GET"]}}],"collection":[{"href":"https:\/\/blackanddeckerappliances.ca\/fr\/wp-json\/wp\/v2\/product"}],"about":[{"href":"https:\/\/blackanddeckerappliances.ca\/fr\/wp-json\/wp\/v2\/types\/product"}],"wp:featuredmedia":[{"embeddable":true,"href":"https:\/\/blackanddeckerappliances.ca\/fr\/wp-json\/wp\/v2\/media\/1010"}],"wp:attachment":[{"href":"https:\/\/blackanddeckerappliances.ca\/fr\/wp-json\/wp\/v2\/media?parent=1306"}],"wp:term":[{"taxonomy":"product_brand","embeddable":true,"href":"https:\/\/blackanddeckerappliances.ca\/fr\/wp-json\/wp\/v2\/product_brand?post=1306"},{"taxonomy":"product_cat","embeddable":true,"href":"https:\/\/blackanddeckerappliances.ca\/fr\/wp-json\/wp\/v2\/product_cat?post=1306"},{"taxonomy":"product_tag","embeddable":true,"href":"https:\/\/blackanddeckerappliances.ca\/fr\/wp-json\/wp\/v2\/product_tag?post=1306"}],"curies":[{"name":"wp","href":"https:\/\/api.w.org\/{rel}","templated":true}]}}