{"id":1303,"date":"2025-10-14T19:21:56","date_gmt":"2025-10-14T19:21:56","guid":{"rendered":"https:\/\/staging.blackanddeckerappliances.ca\/product\/bouilloire-sans-cordon-electrique-en-acier-inoxydable-de-17-l-rapid-boil-2\/"},"modified":"2025-10-14T19:21:56","modified_gmt":"2025-10-14T19:21:56","slug":"bouilloire-sans-cordon-electrique-en-acier-inoxydable-de-17-l-rapid-boil-2","status":"publish","type":"product","link":"https:\/\/blackanddeckerappliances.ca\/fr\/produit\/bouilloire-sans-cordon-electrique-en-acier-inoxydable-de-17-l-rapid-boil-2\/","title":{"rendered":"Bouilloire sans cordon \u00e9lectrique en acier inoxydable de 1,7 l Rapid Boil"},"content":{"rendered":"<div>Gr\u00e2ce \u00e0 la bouilloire sans cordon \u00e9lectrique en acier inoxydable de 1,7 l BLACK+DECKERMD, faites bouillir de l&rsquo;eau en quelques minutes. Le socle pivotant \u00e0 360\u00b0 vous permet de prendre et de replacer la bouilloire sans cordon \u00e0 n&rsquo;importe quel angle. Le filtre anti-tartre amovible emp\u00eache les d\u00e9p\u00f4ts de calcaire de passer \u00e0 travers le bec verseur; vous obtenez donc de l&rsquo;eau chaude sans impuret\u00e9s pour le th\u00e9, le chocolat chaud, les plats instantan\u00e9s, le gruau, une cafeti\u00e8re \u00e0 piston, etc.! Parmi les autres caract\u00e9ristiques figurent une fen\u00eatre de rep\u00e8re de niveau d&rsquo;eau avec graduations, une protection contre l&rsquo;\u00e9vaporation totale, un interrupteur marche\/arr\u00eat, un couvercle de s\u00e9curit\u00e9 verrouillable, un enrouleur de cordon et une garantie de 2 ans.   <\/p>\n<\/div>\n<hr class=\"product-desc-divider\">\n<div style=\"coffe-prod-bullet-container\">\n<div class=\"coffee-product-50-left\">\n<img decoding=\"async\" src=\"\/wp-content\/uploads\/2025\/10\/KE1518SD_NS_Prd2_HR.jpg\">\n<\/div>\n<div class=\"coffee-product-50-right\">\n<p class=\"title-bold\"><span class=\"bullet-background-number\">1<\/span> Faites bouillir de l\u2019eau en quelques minutes<\/p>\n<p>L\u2019\u00e9l\u00e9ment de chauffage de 1 500 W de puissance porte rapidement l\u2019eau \u00e0 \u00e9bullition, vous \u00e9conomisant ainsi du temps dans la cuisine.<\/p>\n<p class=\"title-bold\"><span class=\"bullet-background-number\">2<\/span> Socle pivotant \u00e0 360\u00b0<\/p>\n<p>Prenez, versez, replacez! Le socle pivotant facilite le transfert de la bouilloire. <\/p>\n<p class=\"title-bold\"><span class=\"bullet-background-number\">3<\/span> Extinction automatique<\/p>\n<p>Pour votre tranquillit\u00e9 d\u2019esprit quand vous vous livrez \u00e0 plusieurs taches dans la cuisine, la bouilloire s\u2019\u00e9teint automatiquement lorsque l\u2019eau atteint son point d\u2019\u00e9bullition.<\/p>\n<\/div>\n<\/div>\n<hr class=\"product-desc-divider\">\n","protected":false},"excerpt":{"rendered":"<ul>\n<li>1 500 W de puissance : faites bouillir de l\u2019eau en quelques minutes<\/li>\n<li>Socle pivotant \u00e0 360\u00b0 : pour un transfert facile du comptoir \u00e0 la table<\/li>\n<li>Extinction automatique : tranquillit\u00e9 d\u2019esprit apr\u00e8s chaque utilisation<\/li>\n<li>Filtre anti-tartre amovible : pour ne pas avoir de calcaire dans vos boissons<\/li>\n<li>Couvercle articul\u00e9 pouvant rester ouvert : remplissage et versage faciles<\/li>\n<\/ul>\n<div style=\"font-weight:700;margin-top:20px;\">Manuel d\u2019utilisation et d\u2019entretien<\/div>\n<p>\n<a href=\"\/wp-content\/uploads\/2025\/10\/KE1518SD-Use-Care-Manual.pdf\">KE1518SD Use Care Manual<\/a> (pdf 330KB)<\/p>\n","protected":false},"featured_media":1000,"template":"","meta":[],"product_brand":[],"product_cat":[78],"product_tag":[],"class_list":{"0":"post-1303","1":"product","2":"type-product","3":"status-publish","4":"has-post-thumbnail","6":"product_cat-bouilloires","7":"pa_color-argent","8":"pa_number-of-cups-162","9":"pa_volts-120-volts","10":"pa_warranty-limite-a-2-ans","11":"pa_wattage-1500-watts","13":"first","14":"instock","15":"shipping-taxable","16":"product-type-simple"},"_links":{"self":[{"href":"https:\/\/blackanddeckerappliances.ca\/fr\/wp-json\/wp\/v2\/product\/1303","targetHints":{"allow":["GET"]}}],"collection":[{"href":"https:\/\/blackanddeckerappliances.ca\/fr\/wp-json\/wp\/v2\/product"}],"about":[{"href":"https:\/\/blackanddeckerappliances.ca\/fr\/wp-json\/wp\/v2\/types\/product"}],"wp:featuredmedia":[{"embeddable":true,"href":"https:\/\/blackanddeckerappliances.ca\/fr\/wp-json\/wp\/v2\/media\/1000"}],"wp:attachment":[{"href":"https:\/\/blackanddeckerappliances.ca\/fr\/wp-json\/wp\/v2\/media?parent=1303"}],"wp:term":[{"taxonomy":"product_brand","embeddable":true,"href":"https:\/\/blackanddeckerappliances.ca\/fr\/wp-json\/wp\/v2\/product_brand?post=1303"},{"taxonomy":"product_cat","embeddable":true,"href":"https:\/\/blackanddeckerappliances.ca\/fr\/wp-json\/wp\/v2\/product_cat?post=1303"},{"taxonomy":"product_tag","embeddable":true,"href":"https:\/\/blackanddeckerappliances.ca\/fr\/wp-json\/wp\/v2\/product_tag?post=1303"}],"curies":[{"name":"wp","href":"https:\/\/api.w.org\/{rel}","templated":true}]}}