{"id":1299,"date":"2025-10-14T19:11:07","date_gmt":"2025-10-14T19:11:07","guid":{"rendered":"https:\/\/staging.blackanddeckerappliances.ca\/product\/bouilloire-sans-cordon-electrique-en-acier-inoxydable-de-17-l-rapid-boil\/"},"modified":"2025-10-14T19:11:07","modified_gmt":"2025-10-14T19:11:07","slug":"bouilloire-sans-cordon-electrique-en-acier-inoxydable-de-17-l-rapid-boil","status":"publish","type":"product","link":"https:\/\/blackanddeckerappliances.ca\/fr\/produit\/bouilloire-sans-cordon-electrique-en-acier-inoxydable-de-17-l-rapid-boil\/","title":{"rendered":"Bouilloire sans cordon \u00e9lectrique en acier inoxydable de 1,7 l Rapid Boil"},"content":{"rendered":"<div>Ne vous contentez pas d&rsquo;une \u00e9bullition lente! Cette bouilloire \u00e9lectrique est dot\u00e9e de la technologie Rapid Boil qui fait bouillir rapidement sept tasses d&rsquo;eau deux fois plus vite qu&rsquo;une cuisini\u00e8re*! La bouilloire est fournie avec un filtre anti-tartre amovible qui emp\u00eache les d\u00e9p\u00f4ts de calcaire de passer \u00e0 travers le bec verseur; vous obtenez donc de l&rsquo;eau chaude sans impuret\u00e9s pour le th\u00e9, le chocolat chaud, les plats instantan\u00e9s, le gruau, une cafeti\u00e8re \u00e0 piston, etc.! Parmi d&rsquo;autres caract\u00e9ristiques figurent : double fen\u00eatre de rep\u00e8re de niveau d&rsquo;eau, zone d&rsquo;\u00e9bullition rapide (1 \u00e0 3 tasses), protection contre l&rsquo;\u00e9vaporation totale, socle pivotant \u00e0 360\u00b0, interrupteur marche\/arr\u00eat, couvercle de s\u00e9curit\u00e9 verrouillable, enrouleur de cordon, garantie de 2 ans.   <\/p>\n<p>*Bas\u00e9 sur 16 oz d&rsquo;eau bouillie sur une cuisini\u00e8re \u00e9lectrique<\/p>\n<\/div>\n<hr class=\"product-desc-divider\">\n<div style=\"coffe-prod-bullet-container\">\n<div class=\"coffee-product-50-left\">\n<img decoding=\"async\" src=\"\/wp-content\/uploads\/2025\/10\/KE1400BSC_NS_Prd2_HR.jpg\">\n<\/div>\n<div class=\"coffee-product-50-right\">\n<p class=\"title-bold\"><span class=\"bullet-background-number\">1<\/span> Technologie d\u2019\u00e9bullition rapide<\/p>\n<p>Plus rapide qu\u2019une cuisini\u00e8re* L\u2019\u00e9l\u00e9ment de chauffage est puissant et porte rapidement l\u2019eau \u00e0 \u00e9bullition, vous \u00e9conomisant ainsi du temps dans la cuisine. <\/p>\n<p class=\"title-bold\"><span class=\"bullet-background-number\">2<\/span> Niveau d\u2019eau facile \u00e0 lire pour le remplissage<\/p>\n<p>Les graduations rouge vif \u00e0 l\u2019int\u00e9rieur de la bouilloire vous indiquent la quantit\u00e9 d\u2019eau port\u00e9e \u00e0 \u00e9bullition rapide.<\/p>\n<p class=\"title-bold\"><span class=\"bullet-background-number\">3<\/span> Filtre anti-tartre amovible<\/p>\n<p>Le filtre s\u2019attache derri\u00e8re le bec verseur pour ne pas avoir de calcaire dans vos boissons. Amovible pour faciliter le nettoyage. <\/p>\n<\/div>\n<\/div>\n<hr class=\"product-desc-divider\">\n","protected":false},"excerpt":{"rendered":"<ul>\n<li>Technologie Rapid Boil : \u00e9bullition deux fois plus rapide*<\/li>\n<li>Niveau d\u2019eau facile \u00e0 lire pour le remplissage : graduations internes et fen\u00eatre de rep\u00e8re de niveau d\u2019eau<\/li>\n<li>Filtre anti-tartre amovible : pour ne pas avoir de calcaire dans vos boissons<\/li>\n<li>Socle pivotant \u00e0 360\u00b0 : pour un transfert facile du comptoir \u00e0 la table<\/li>\n<li>Extinction automatique : tranquillit\u00e9 d\u2019esprit apr\u00e8s chaque utilisation<\/li>\n<\/ul>\n<div style=\"font-weight:700;margin-top:20px;\">Manuel d\u2019utilisation et d\u2019entretien<\/div>\n<p>\n<a href=\"\/wp-content\/uploads\/2025\/10\/KE1400BSC-Use-Care-Manual.pdf\">KE1400BSC Use Care Manual<\/a> (pdf 514KB)<\/p>\n","protected":false},"featured_media":993,"template":"","meta":[],"product_brand":[],"product_cat":[78],"product_tag":[],"class_list":{"0":"post-1299","1":"product","2":"type-product","3":"status-publish","4":"has-post-thumbnail","6":"product_cat-bouilloires","7":"pa_color-noir-acier-inoxydable","8":"pa_number-of-cups-162","9":"pa_volts-120-volts","10":"pa_warranty-limite-a-2-ans","11":"pa_wattage-1500-watts","13":"first","14":"instock","15":"shipping-taxable","16":"product-type-simple"},"_links":{"self":[{"href":"https:\/\/blackanddeckerappliances.ca\/fr\/wp-json\/wp\/v2\/product\/1299","targetHints":{"allow":["GET"]}}],"collection":[{"href":"https:\/\/blackanddeckerappliances.ca\/fr\/wp-json\/wp\/v2\/product"}],"about":[{"href":"https:\/\/blackanddeckerappliances.ca\/fr\/wp-json\/wp\/v2\/types\/product"}],"wp:featuredmedia":[{"embeddable":true,"href":"https:\/\/blackanddeckerappliances.ca\/fr\/wp-json\/wp\/v2\/media\/993"}],"wp:attachment":[{"href":"https:\/\/blackanddeckerappliances.ca\/fr\/wp-json\/wp\/v2\/media?parent=1299"}],"wp:term":[{"taxonomy":"product_brand","embeddable":true,"href":"https:\/\/blackanddeckerappliances.ca\/fr\/wp-json\/wp\/v2\/product_brand?post=1299"},{"taxonomy":"product_cat","embeddable":true,"href":"https:\/\/blackanddeckerappliances.ca\/fr\/wp-json\/wp\/v2\/product_cat?post=1299"},{"taxonomy":"product_tag","embeddable":true,"href":"https:\/\/blackanddeckerappliances.ca\/fr\/wp-json\/wp\/v2\/product_tag?post=1299"}],"curies":[{"name":"wp","href":"https:\/\/api.w.org\/{rel}","templated":true}]}}