{"id":1296,"date":"2025-10-14T01:41:40","date_gmt":"2025-10-14T01:41:40","guid":{"rendered":"https:\/\/staging.blackanddeckerappliances.ca\/product\/cafetiere-thermique-programmable-12-tasses-acier-inoxydable\/"},"modified":"2025-10-14T01:41:40","modified_gmt":"2025-10-14T01:41:40","slug":"cafetiere-thermique-programmable-12-tasses-acier-inoxydable","status":"publish","type":"product","link":"https:\/\/blackanddeckerappliances.ca\/fr\/produit\/cafetiere-thermique-programmable-12-tasses-acier-inoxydable\/","title":{"rendered":"Cafeti\u00e8re thermique programmable 12 tasses*, acier inoxydable"},"content":{"rendered":"<div>Gardez le caf\u00e9 chaud jusqu&rsquo;\u00e0 2 heures** avec la cafeti\u00e8re programmable thermique BLACK+DECKERMC 12 tasses*. La carafe thermique est dot\u00e9e d&rsquo;un joint sous vide \u00e0 4 couches qui permet de maintenir une temp\u00e9rature optimale pour une dur\u00e9e allant jusqu&rsquo;\u00e0 2 heures**. Le joint sous vide retient la chaleur tout en restant frais au toucher. La technologie VortexMC sature uniform\u00e9ment le marc de caf\u00e9 pour une extraction compl\u00e8te et riche en saveurs en utilisant des temp\u00e9ratures d&rsquo;eau optimales. De plus, vous pouvez personnaliser l&rsquo;infusion en fonction de vos go\u00fbts. Les commandes num\u00e9riques faciles \u00e0 utiliser comprennent une minuterie et l&rsquo;option d&rsquo;une infusion plus forte. En outre, l&rsquo;\u00e9cran LCD comprend une minuterie d&rsquo;infusion r\u00e9cente qui indique le temps \u00e9coul\u00e9 depuis que le caf\u00e9 a \u00e9t\u00e9 infus\u00e9, jusqu&rsquo;\u00e0 120 minutes.      <\/p>\n<p>*Une tasse \u00e9quivaut \u00e0 environ 5 oz. (varie selon la technique de pr\u00e9paration)<br \/>\n**Maintient le caf\u00e9 \u00e0 une temp\u00e9rature de 154\u00b0F ou plus jusqu&rsquo;\u00e0 deux heures\n<\/p><\/div>\n<hr class=\"product-desc-divider\">\n<div style=\"coffe-prod-bullet-container\">\n<div class=\"coffee-product-50-left\">\n<img decoding=\"async\" src=\"\/wp-content\/uploads\/2025\/10\/CM2046S_Hero.jpg\">\n<\/div>\n<div class=\"coffee-product-50-right\">\n<p class=\"title-bold\"><span class=\"bullet-background-number\">1<\/span> Carafe thermique 4 couches sous vide et \u00e9tanche<\/p>\n<p>La carafe de grande capacit\u00e9 maintient le caf\u00e9 chaud jusqu&rsquo;\u00e0 2 heures** gr\u00e2ce \u00e0 notre carafe thermique scell\u00e9e sous vide \u00e0 4 couches : ext\u00e9rieur en acier inoxydable, joint isolant sous vide, rev\u00eatement en cuivre et int\u00e9rieur en acier inoxydable.<\/p>\n<p class=\"title-bold\"><span class=\"bullet-background-number\">2<\/span> Infusion programmable<\/p>\n<p>Programmez facilement la fonction d&rsquo;infusion automatique de 24 heures pour vous r\u00e9veiller avec un caf\u00e9 fra\u00eechement pr\u00e9par\u00e9.<\/p>\n<p class=\"title-bold\"><span class=\"bullet-background-number\">3<\/span> Minuterie d&rsquo;infusion de caf\u00e9 fra\u00eechement pr\u00e9par\u00e9<\/p>\n<p>Affiche le temps \u00e9coul\u00e9 depuis la fin de l&rsquo;infusion, jusqu&rsquo;\u00e0 120 minutes.<\/p>\n<\/div>\n<\/div>\n<div class=\"coffe-prod-bullet-container product-feature-background product-feature-width-100\">\n<div class=\"prod-feature-text\">\n<p class=\"title-bold title-upper\">COOL TOUCH EXTERIOR<\/p>\n<p>While the coffee inside stays hot, the exterior is cool to the touch.<\/p>\n<\/div>\n<div class=\"prod-feature-img\">\n<img decoding=\"async\" class=\"prod-feature-image\" src=\"\/wp-content\/uploads\/2025\/10\/CM2046S_SupFeat_1_CoolTouch.jpg\">\n<\/div>\n<\/div>\n<div class=\"coffe-prod-bullet-container product-feature-background product-feature-width-100\">\n<div class=\"prod-feature-img-2\">\n<img decoding=\"async\" class=\"prod-feature-image\" src=\"\/wp-content\/uploads\/2025\/10\/CM2046S_SupFeat_2_Vortex.jpg\">\n<\/div>\n<div class=\"prod-feature-text-2\">\n<div>\n<p style=\"margin-bottom:15px;\"><b>VORTEX\u2122 TECHNOLOGY<\/b><\/p>\n<p>The exclusive showerhead design evenly saturates coffee grounds, resulting in rich flavor extraction for maximum flavor.<\/div>\n<\/div>\n<\/div>\n<div class=\"coffe-prod-bullet-container product-feature-background product-feature-width-100\">\n<div class=\"prod-feature-text\">\n<p class=\"title-bold title-upper\">NO-DRIP PERFECT POUR\u2122 SPOUT<\/p>\n<p>Don\u2019t put up with annoying spills. The carafe spout is designed to prevent spills and drips while pouring. <\/p>\n<\/div>\n<div class=\"prod-feature-img\">\n<img decoding=\"async\" class=\"prod-feature-image\" src=\"\/wp-content\/uploads\/2025\/10\/CM2046S_SupFeat_3_NoDrip.jpg\">\n<\/div>\n<\/div>\n","protected":false},"excerpt":{"rendered":"<ul>\n<li>Carafe thermique &#8211; 4 couches sous vide pour maintenir la temp\u00e9rature jusqu&rsquo;\u00e0 2 heures**<\/li>\n<li>Technologie VortexMC &#8211; Un d\u00e9bit d&rsquo;eau optimal pour une saveur maximale<\/li>\n<li>Bec verseur No-Drip Perfect PourMC &#8211; Fini les gouttes emb\u00eatantes !<\/li>\n<li>Infusion programmable &#8211; R\u00e9glez la minuterie pour obtenir un caf\u00e9 chaud en fonction de votre horaire<\/li>\n<li>S\u00e9lecteur de force de l&rsquo;infusion &#8211; L&rsquo;option pour une saveur plus forte<\/li>\n<\/ul>\n<div style=\"font-weight:700;margin-top:20px;\">Manuel d\u2019utilisation et d\u2019entretien<\/div>\n<p>\n<a href=\"\/wp-content\/uploads\/2025\/10\/CM2046S-Use-and-Care-Manual.pdf\">CM2046S Use and Care Manual<\/a> (pdf 1.2MB)<\/p>\n","protected":false},"featured_media":987,"template":"","meta":[],"product_brand":[],"product_cat":[76],"product_tag":[],"class_list":{"0":"post-1296","1":"product","2":"type-product","3":"status-publish","4":"has-post-thumbnail","6":"product_cat-cafetieres","7":"pa_color-argent","8":"pa_number-of-cups-155","9":"pa_volts-120-volts","10":"pa_warranty-limite-a-2-ans","11":"pa_wattage-750-w","13":"first","14":"instock","15":"shipping-taxable","16":"product-type-simple"},"_links":{"self":[{"href":"https:\/\/blackanddeckerappliances.ca\/fr\/wp-json\/wp\/v2\/product\/1296","targetHints":{"allow":["GET"]}}],"collection":[{"href":"https:\/\/blackanddeckerappliances.ca\/fr\/wp-json\/wp\/v2\/product"}],"about":[{"href":"https:\/\/blackanddeckerappliances.ca\/fr\/wp-json\/wp\/v2\/types\/product"}],"wp:featuredmedia":[{"embeddable":true,"href":"https:\/\/blackanddeckerappliances.ca\/fr\/wp-json\/wp\/v2\/media\/987"}],"wp:attachment":[{"href":"https:\/\/blackanddeckerappliances.ca\/fr\/wp-json\/wp\/v2\/media?parent=1296"}],"wp:term":[{"taxonomy":"product_brand","embeddable":true,"href":"https:\/\/blackanddeckerappliances.ca\/fr\/wp-json\/wp\/v2\/product_brand?post=1296"},{"taxonomy":"product_cat","embeddable":true,"href":"https:\/\/blackanddeckerappliances.ca\/fr\/wp-json\/wp\/v2\/product_cat?post=1296"},{"taxonomy":"product_tag","embeddable":true,"href":"https:\/\/blackanddeckerappliances.ca\/fr\/wp-json\/wp\/v2\/product_tag?post=1296"}],"curies":[{"name":"wp","href":"https:\/\/api.w.org\/{rel}","templated":true}]}}