{"id":1293,"date":"2025-10-14T01:27:33","date_gmt":"2025-10-14T01:27:33","guid":{"rendered":"https:\/\/staging.blackanddeckerappliances.ca\/product\/cafetiere-programmable-12-tasses-avec-technologie-vortex-miel-blanc\/"},"modified":"2025-10-14T01:27:33","modified_gmt":"2025-10-14T01:27:33","slug":"cafetiere-programmable-12-tasses-avec-technologie-vortex-miel-blanc","status":"publish","type":"product","link":"https:\/\/blackanddeckerappliances.ca\/fr\/produit\/cafetiere-programmable-12-tasses-avec-technologie-vortex-miel-blanc\/","title":{"rendered":"Cafeti\u00e8re programmable 12 tasses* avec technologie Vortex Miel, Blanc"},"content":{"rendered":"<div>Le design haut de gamme rencontre une extraction riche de saveurs. La cafeti\u00e8re programmable 12 tasses* BLACK+DECKERMD fait partie de la collection Honeycomb avec une finition textur\u00e9e haut de gamme et des accents en acier inoxydable qui compl\u00e8teront l&rsquo;esth\u00e9tique de votre cuisine. Il offre \u00e9galement des performances. Le pommeau de douche Vortex Technology sature uniform\u00e9ment le marc de caf\u00e9 pour une extraction compl\u00e8te et riche de saveurs en utilisant un d\u00e9bit d&rsquo;eau optimal. Vous pouvez changer la force de brassage avec l&rsquo;option pour un processus de brassage plus lent et une tasse de caf\u00e9 plus fort. La fonction Sneak-A-Cup vous permet de verser une tasse de caf\u00e9 avant que le reste de la casserole ne soit infus\u00e9, le tout sans goutte ni d\u00e9versement. De plus, vous pouvez choisir combien de temps vous voulez la plaque chauffante pour garder votre caf\u00e9 au chaud.      <\/p>\n<p>*Une portion \u00e9quivaut \u00e0 environ 141,7 oz (varie selon la technique de brassage)<\/p>\n<\/div>\n<hr class=\"product-desc-divider\">\n<div style=\"coffe-prod-bullet-container\">\n<div class=\"coffee-product-50-left\">\n<img decoding=\"async\" src=\"\/wp-content\/uploads\/2025\/10\/CM1251W_BD_Extended_CM1251_Hero.jpg\">\n<\/div>\n<div class=\"coffee-product-50-right\">\n<p class=\"title-bold\"><span class=\"bullet-background-number\">1<\/span> Capacit\u00e9 de 12 tasses*<\/p>\n<p>Pr\u00e9paration rapide d&rsquo;un maximum de 12 tasses* de caf\u00e9.<\/p>\n<p class=\"title-bold\"><span class=\"bullet-background-number\">2<\/span> Panier filtrant amovible<\/p>\n<p>Le nettoyage est facile avec le panier de brassage lavable au lave-vaisselle, qui est compatible avec les filtres en papier style panier.<\/p>\n<p class=\"title-bold\"><span class=\"bullet-background-number\">3<\/span> Infusion programmable<\/p>\n<p>Programmez facilement la fonction de brassage automatique afin que vous puissiez vous r\u00e9veiller dans une casserole de caf\u00e9 fra\u00eeche.<\/p>\n<\/div>\n<\/div>\n<div class=\"coffe-prod-bullet-container product-feature-background product-feature-width-100\">\n<div class=\"prod-feature-text\">\n<p class=\"title-bold title-upper\">Cafeti\u00e8re 12 tasses* avec finition textur\u00e9e de qualit\u00e9 sup\u00e9rieure<\/p>\n<p>Cette cafeti\u00e8re haute capacit\u00e9 fait partie de la collection Honeycomb avec une finition textur\u00e9e premium avec des accents en acier inoxydable pour un ajout attrayant \u00e0 votre cuisine.<\/p>\n<\/div>\n<div class=\"prod-feature-img\">\n<img decoding=\"async\" class=\"prod-feature-image\" src=\"\/wp-content\/uploads\/2025\/10\/CM1251W_BD_Extended_SupFeat_1_TexturedFinish.jpg\">\n<\/div>\n<\/div>\n<div class=\"coffe-prod-bullet-container product-feature-background product-feature-width-100\">\n<div class=\"prod-feature-img-2\">\n<img decoding=\"async\" class=\"prod-feature-image\" src=\"\/wp-content\/uploads\/2025\/10\/CM1251W_BD_Extended_SupFeat_2_VortexTech.jpg\">\n<\/div>\n<div class=\"prod-feature-text-2\">\n<div>\n<p style=\"margin-bottom:15px;\"><b>Pommeau de douche Technologie Vortex<\/b><\/p>\n<p>Le design exclusif de la pomme de douche sature uniform\u00e9ment le marc de caf\u00e9, ce qui entra\u00eene une extraction riche de saveurs.<\/div>\n<\/div>\n<\/div>\n<div class=\"coffe-prod-bullet-container product-feature-background product-feature-width-100\">\n<div class=\"prod-feature-text\">\n<p class=\"title-bold title-upper\">Fonction de pause automatique Sneak-a-Cup<\/p>\n<p>Cette fonction arr\u00eate temporairement le flux de caf\u00e9 afin que vous puissiez verser votre premi\u00e8re tasse avant la fin du brassage sans faire de d\u00e9sordre.<\/p>\n<\/div>\n<div class=\"prod-feature-img\">\n<img decoding=\"async\" class=\"prod-feature-image\" src=\"\/wp-content\/uploads\/2025\/10\/CM1251WC_SupFeat_3_SneakACup_v2.jpg\">\n<\/div>\n<\/div>\n","protected":false},"excerpt":{"rendered":"<ul>\n<li>Finition textur\u00e9e de qualit\u00e9 sup\u00e9rieure &#8211; La collection Honeycomb conf\u00e8re un aspect \u00e9l\u00e9gant \u00e0 votre cuisine<\/li>\n<li>Minuterie r\u00e9glable de maintien au chaud et de fra\u00eecheur &#8211; Choisissez la dur\u00e9e de maintien au chaud du caf\u00e9 apr\u00e8s l&rsquo;infusion<\/li>\n<li>Pommeau \u00e0 technologie Vortex &#8211; Extraction compl\u00e8te et riche des ar\u00f4mes<\/li>\n<li>Fonction de pause automatique Sneak-a-CupMC &#8211; Savourez votre premi\u00e8re tasse avant la fin de l&rsquo;infusion<\/li>\n<li>S\u00e9lecteur de force d&rsquo;infusion &#8211; L&rsquo;option pour une tasse de caf\u00e9 plus fort<\/li>\n<\/ul>\n<div style=\"font-weight:700;margin-top:20px;\">Manuel d\u2019utilisation et d\u2019entretien<\/div>\n<p>\n<a href=\"\/wp-content\/uploads\/2025\/10\/CM1251WC_Use_and_Care_Manual.pdf\">CM1251WC_Use_and_Care_Manual<\/a> (pdf 1.5MB)<\/p>\n","protected":false},"featured_media":978,"template":"","meta":[],"product_brand":[],"product_cat":[76],"product_tag":[],"class_list":{"0":"post-1293","1":"product","2":"type-product","3":"status-publish","4":"has-post-thumbnail","6":"product_cat-cafetieres","7":"pa_color-blanc","8":"pa_number-of-cups-155","9":"pa_warranty-limite-a-2-ans","10":"pa_wattage-975-watts","12":"first","13":"instock","14":"shipping-taxable","15":"product-type-simple"},"_links":{"self":[{"href":"https:\/\/blackanddeckerappliances.ca\/fr\/wp-json\/wp\/v2\/product\/1293","targetHints":{"allow":["GET"]}}],"collection":[{"href":"https:\/\/blackanddeckerappliances.ca\/fr\/wp-json\/wp\/v2\/product"}],"about":[{"href":"https:\/\/blackanddeckerappliances.ca\/fr\/wp-json\/wp\/v2\/types\/product"}],"wp:featuredmedia":[{"embeddable":true,"href":"https:\/\/blackanddeckerappliances.ca\/fr\/wp-json\/wp\/v2\/media\/978"}],"wp:attachment":[{"href":"https:\/\/blackanddeckerappliances.ca\/fr\/wp-json\/wp\/v2\/media?parent=1293"}],"wp:term":[{"taxonomy":"product_brand","embeddable":true,"href":"https:\/\/blackanddeckerappliances.ca\/fr\/wp-json\/wp\/v2\/product_brand?post=1293"},{"taxonomy":"product_cat","embeddable":true,"href":"https:\/\/blackanddeckerappliances.ca\/fr\/wp-json\/wp\/v2\/product_cat?post=1293"},{"taxonomy":"product_tag","embeddable":true,"href":"https:\/\/blackanddeckerappliances.ca\/fr\/wp-json\/wp\/v2\/product_tag?post=1293"}],"curies":[{"name":"wp","href":"https:\/\/api.w.org\/{rel}","templated":true}]}}