{"id":1290,"date":"2025-10-14T01:19:43","date_gmt":"2025-10-14T01:19:43","guid":{"rendered":"https:\/\/staging.blackanddeckerappliances.ca\/product\/cafetiere-programmable-12-tasses-noir\/"},"modified":"2025-10-14T01:19:43","modified_gmt":"2025-10-14T01:19:43","slug":"cafetiere-programmable-12-tasses-noir","status":"publish","type":"product","link":"https:\/\/blackanddeckerappliances.ca\/fr\/produit\/cafetiere-programmable-12-tasses-noir\/","title":{"rendered":"Cafeti\u00e8re programmable 12 tasses, noir"},"content":{"rendered":"<div>Profitez d&rsquo;une riche saveur avec la cafeti\u00e8re programmable BLACK+DECKERMC 12 tasses*. Le pommeau \u00e0 technologie VortexMC sature uniform\u00e9ment le marc de caf\u00e9 en utilisant un d\u00e9bit d&rsquo;eau optimal pour une saveur maximale. Vous pouvez modifier l&rsquo;intensit\u00e9 de l&rsquo;infusion en optant pour un processus d&rsquo;infusion plus lent et une tasse de caf\u00e9 plus fort. La technologie Sneak-A-CupMC vous permet de verser une tasse de caf\u00e9 avant que le reste de la cafeti\u00e8re ne soit infus\u00e9, sans gouttes ni d\u00e9bordements. Les commandes num\u00e9riques sont dot\u00e9es de la fonction de programmation QuickTouch\u00ae qui vous permet de r\u00e9gler facilement l&rsquo;horloge et de programmer le syst\u00e8me d&rsquo;infusion automatique pour du caf\u00e9 maintenant ou plus tard, par simple pression d&rsquo;un bouton.    <\/p>\n<p>*Une tasse \u00e9quivaut \u00e0 environ 5 oz. (varie selon la technique de pr\u00e9paration) <\/p>\n<\/div>\n<hr class=\"product-desc-divider\">\n<div style=\"coffe-prod-bullet-container\">\n<div class=\"coffee-product-50-left\">\n<img decoding=\"async\" src=\"\/wp-content\/uploads\/2025\/10\/CM1070B_BD_Extended_CM1070B_Hero.jpg\">\n<\/div>\n<div class=\"coffee-product-50-right\">\n<p class=\"title-bold\"><span class=\"bullet-background-number\">1<\/span> Sneak-a-CupMC<\/p>\n<p>Cette fonction arr\u00eate temporairement l&rsquo;\u00e9coulement du caf\u00e9 afin que vous puissiez verser votre premi\u00e8re tasse avant la fin de l&rsquo;infusion sans faire de d\u00e9g\u00e2ts.<\/p>\n<p class=\"title-bold\"><span class=\"bullet-background-number\">2<\/span> Panier \u00e0 filtre amovible<\/p>\n<p>Le nettoyage est facile gr\u00e2ce au panier d&rsquo;infusion lavable au lave-vaisselle, qui est compatible avec les filtres en papier de type panier.<\/p>\n<p class=\"title-bold\"><span class=\"bullet-background-number\">3<\/span> Carafe en verre Duralife\u00ae<\/p>\n<p>La carafe robuste de 12 tasses comporte des marques de mesure pour un remplissage pr\u00e9cis et une poign\u00e9e facile \u00e0 saisir pour un versement confortable.<\/p>\n<\/div>\n<\/div>\n<div class=\"coffe-prod-bullet-container product-feature-background product-feature-width-100\">\n<div class=\"prod-feature-text\">\n<p class=\"title-bold title-upper\">Pommeau \u00e0 technologie Vortex<\/p>\n<p>La conception exclusive du pommeau sature uniform\u00e9ment le marc de caf\u00e9, ce qui permet une extraction riche en ar\u00f4mes.<\/p>\n<\/div>\n<div class=\"prod-feature-img\">\n<img decoding=\"async\" class=\"prod-feature-image\" src=\"\/wp-content\/uploads\/2025\/10\/CM1070B_BD_Extended_SupFeat_1_VortexTechnology.jpg\">\n<\/div>\n<\/div>\n<div class=\"coffe-prod-bullet-container product-feature-background product-feature-width-100\">\n<div class=\"prod-feature-img-2\">\n<img decoding=\"async\" class=\"prod-feature-image\" src=\"\/wp-content\/uploads\/2025\/10\/CM1070B_BD_Extended_SupFeat_2_DigitalControls.jpg\">\n<\/div>\n<div class=\"prod-feature-text-2\">\n<div>\n<p style=\"margin-bottom:15px;\"><b>COMMANDES NUM\u00c9RIQUES<\/b><\/p>\n<p>La programmation Quick Touch\u2122 vous permet de r\u00e9gler l&rsquo;horloge num\u00e9rique et de programmer la fonction d&rsquo;infusion automatique 24 heures sur 24 afin que vous puissiez pr\u00e9parer du caf\u00e9 maintenant ou plus tard.<\/div>\n<\/div>\n<\/div>\n<div class=\"coffe-prod-bullet-container product-feature-background product-feature-width-100\">\n<div class=\"prod-feature-text\">\n<p class=\"title-bold title-upper\">FEN\u00caTRE D&rsquo;EAU \u00c0 VUE FACILE<\/p>\n<p>La fen\u00eatre orient\u00e9e vers l&rsquo;avant vous indique la quantit\u00e9 exacte d&rsquo;eau qui se transformera en caf\u00e9.<\/p>\n<\/div>\n<div class=\"prod-feature-img\">\n<img decoding=\"async\" class=\"prod-feature-image\" src=\"\/wp-content\/uploads\/2025\/10\/CM1070B_BD_Extended_SupFeat_3_EasyViewWaterWindow.jpg\">\n<\/div>\n<\/div>\n","protected":false},"excerpt":{"rendered":"<ul>\n<li>Cafeti\u00e8re 12 tasses* &#8211; Pr\u00e9parez rapidement plusieurs tasses<\/li>\n<li>Pommeau \u00e0 technologie VortexMC &#8211; Extraction compl\u00e8te et riche des ar\u00f4mes<\/li>\n<li>Fonction Sneak-a-CupMC &#8211; Savourez votre premi\u00e8re tasse avant la fin de l&rsquo;infusion<\/li>\n<li>Commandes num\u00e9riques &#8211; Programmation QuickTouch\u00ae pour l&rsquo;horloge et le syst\u00e8me d&rsquo;infusion automatique<\/li>\n<li>S\u00e9lecteur de force d&rsquo;infusion du caf\u00e9 &#8211; Contr\u00f4lez la force de votre infusion<\/li>\n<\/ul>\n<div style=\"font-weight:700;margin-top:20px;\">Manuel d\u2019utilisation et d\u2019entretien<\/div>\n<p>\n<a href=\"\/wp-content\/uploads\/2025\/10\/CM1070B-Use-and-Care-Manual.pdf\">CM1070B Use and Care Manual<\/a> (pdf 683KB)<\/p>\n","protected":false},"featured_media":969,"template":"","meta":[],"product_brand":[],"product_cat":[76],"product_tag":[],"class_list":{"0":"post-1290","1":"product","2":"type-product","3":"status-publish","4":"has-post-thumbnail","6":"product_cat-cafetieres","7":"pa_color-noir","8":"pa_number-of-cups-155","9":"pa_warranty-limite-a-2-ans","11":"first","12":"instock","13":"shipping-taxable","14":"product-type-simple"},"_links":{"self":[{"href":"https:\/\/blackanddeckerappliances.ca\/fr\/wp-json\/wp\/v2\/product\/1290","targetHints":{"allow":["GET"]}}],"collection":[{"href":"https:\/\/blackanddeckerappliances.ca\/fr\/wp-json\/wp\/v2\/product"}],"about":[{"href":"https:\/\/blackanddeckerappliances.ca\/fr\/wp-json\/wp\/v2\/types\/product"}],"wp:featuredmedia":[{"embeddable":true,"href":"https:\/\/blackanddeckerappliances.ca\/fr\/wp-json\/wp\/v2\/media\/969"}],"wp:attachment":[{"href":"https:\/\/blackanddeckerappliances.ca\/fr\/wp-json\/wp\/v2\/media?parent=1290"}],"wp:term":[{"taxonomy":"product_brand","embeddable":true,"href":"https:\/\/blackanddeckerappliances.ca\/fr\/wp-json\/wp\/v2\/product_brand?post=1290"},{"taxonomy":"product_cat","embeddable":true,"href":"https:\/\/blackanddeckerappliances.ca\/fr\/wp-json\/wp\/v2\/product_cat?post=1290"},{"taxonomy":"product_tag","embeddable":true,"href":"https:\/\/blackanddeckerappliances.ca\/fr\/wp-json\/wp\/v2\/product_tag?post=1290"}],"curies":[{"name":"wp","href":"https:\/\/api.w.org\/{rel}","templated":true}]}}