{"id":1284,"date":"2025-10-14T01:13:57","date_gmt":"2025-10-14T01:13:57","guid":{"rendered":"https:\/\/staging.blackanddeckerappliances.ca\/product\/cafetiere-de-5-tasses-noir\/"},"modified":"2025-10-14T01:13:57","modified_gmt":"2025-10-14T01:13:57","slug":"cafetiere-de-5-tasses-noir","status":"publish","type":"product","link":"https:\/\/blackanddeckerappliances.ca\/fr\/produit\/cafetiere-de-5-tasses-noir\/","title":{"rendered":"Cafeti\u00e8re de 5 tasses*, noir"},"content":{"rendered":"<div>Caf\u00e9 d\u00e9licieux et facile \u00e0 pr\u00e9parer! La cafeti\u00e8re de 5 tasses* BLACK+DECKERMD se met en marche en basculant un simple interrupteur, l&rsquo;eau chauffant ensuite jusqu&rsquo;\u00e0 la temp\u00e9rature optimale pour extraire tout l\u2019ar\u00f4me des f\u00e8ves de caf\u00e9. Le caf\u00e9 s&rsquo;infuse dans la nouvelle verseuse en verre DuralifeMC qui a \u00e9t\u00e9 mise au point pour pouvoir verser ais\u00e9ment le caf\u00e9 et ne pas goutter.  <\/p>\n<p>*Une tasse \u00e9quivaut \u00e0 environ 5 oz\/150 ml (ce qui peut varier selon la technique d&rsquo;infusion)<\/p>\n<\/div>\n<hr class=\"product-desc-divider\">\n<div style=\"coffe-prod-bullet-container\">\n<div class=\"coffee-product-50-left\">\n<img decoding=\"async\" src=\"\/wp-content\/uploads\/2025\/10\/CM0700B_NS_Prd3_HR.jpg\">\n<\/div>\n<div class=\"coffee-product-50-right\">\n<p class=\"title-bold\"><span class=\"bullet-background-number\">1<\/span> Verseuse ergonomique<\/p>\n<p>La nouvelle verseuse est con\u00e7ue pour verser ais\u00e9ment le caf\u00e9 et ne pas goutter, et elle est dot\u00e9e d\u2019un couvercle amovible permettant un nettoyage facile.<\/p>\n<p class=\"title-bold\"><span class=\"bullet-background-number\">2<\/span> Fonction Sneak-a-CupMC<\/p>\n<p>Cette fonction arr\u00eate temporairement l\u2019\u00e9coulement du caf\u00e9 pour que vous puissiez verser votre premi\u00e8re tasse avant la fin de l\u2019infusion, sans salir.<\/p>\n<p class=\"title-bold\"><span class=\"bullet-background-number\">3<\/span> Conception compacte \u00e0 encombrement r\u00e9duit<\/p>\n<p>Parfait pour les appartements, les VR, les chambres d\u2019\u00e9tudiant et les petits app\u00e9tits pour le caf\u00e9.<\/p>\n<\/div>\n<\/div>\n<hr class=\"product-desc-divider\">\n","protected":false},"excerpt":{"rendered":"<ul>\n<li>Verseuse ergonomique et antigoutte<\/li>\n<li>Fonction Sneak-a-CupMC<\/li>\n<li>Conception compacte \u00e0 encombrement r\u00e9duit<\/li>\n<li>Interrupteur marche\/arr\u00eat lumineux<\/li>\n<\/ul>\n<div style=\"font-weight:700;margin-top:20px;\">Manuel d\u2019utilisation et d\u2019entretien<\/div>\n<p>\n<a href=\"\/wp-content\/uploads\/2025\/10\/CM0700BC-CM0700BZ-Use-Care-Manual.pdf\">CM0700BC CM0700BZ Use Care Manual<\/a> (pdf 352KB)<\/p>\n","protected":false},"featured_media":957,"template":"","meta":[],"product_brand":[],"product_cat":[76],"product_tag":[],"class_list":{"0":"post-1284","1":"product","2":"type-product","3":"status-publish","4":"has-post-thumbnail","6":"product_cat-cafetieres","7":"pa_color-noir","8":"pa_number-of-cups-160","9":"pa_volts-120-volts","10":"pa_warranty-limite-a-2-ans","11":"pa_wattage-650-w","13":"first","14":"instock","15":"shipping-taxable","16":"product-type-simple"},"_links":{"self":[{"href":"https:\/\/blackanddeckerappliances.ca\/fr\/wp-json\/wp\/v2\/product\/1284","targetHints":{"allow":["GET"]}}],"collection":[{"href":"https:\/\/blackanddeckerappliances.ca\/fr\/wp-json\/wp\/v2\/product"}],"about":[{"href":"https:\/\/blackanddeckerappliances.ca\/fr\/wp-json\/wp\/v2\/types\/product"}],"wp:featuredmedia":[{"embeddable":true,"href":"https:\/\/blackanddeckerappliances.ca\/fr\/wp-json\/wp\/v2\/media\/957"}],"wp:attachment":[{"href":"https:\/\/blackanddeckerappliances.ca\/fr\/wp-json\/wp\/v2\/media?parent=1284"}],"wp:term":[{"taxonomy":"product_brand","embeddable":true,"href":"https:\/\/blackanddeckerappliances.ca\/fr\/wp-json\/wp\/v2\/product_brand?post=1284"},{"taxonomy":"product_cat","embeddable":true,"href":"https:\/\/blackanddeckerappliances.ca\/fr\/wp-json\/wp\/v2\/product_cat?post=1284"},{"taxonomy":"product_tag","embeddable":true,"href":"https:\/\/blackanddeckerappliances.ca\/fr\/wp-json\/wp\/v2\/product_tag?post=1284"}],"curies":[{"name":"wp","href":"https:\/\/api.w.org\/{rel}","templated":true}]}}