{"id":1280,"date":"2025-10-14T01:08:02","date_gmt":"2025-10-14T01:08:02","guid":{"rendered":"https:\/\/staging.blackanddeckerappliances.ca\/product\/cafetiere-programmable-de-12-tasses-3\/"},"modified":"2025-10-14T01:08:02","modified_gmt":"2025-10-14T01:08:02","slug":"cafetiere-programmable-de-12-tasses-3","status":"publish","type":"product","link":"https:\/\/blackanddeckerappliances.ca\/fr\/produit\/cafetiere-programmable-de-12-tasses-3\/","title":{"rendered":"Cafeti\u00e8re programmable de 12 tasses"},"content":{"rendered":"<div>Pr\u00e9parez votre caf\u00e9 quotidien rapidement \u00e0 l&rsquo;aide de la cafeti\u00e8re programmable 12 tasses* BLACK+DECKERMD. Le tableau de commande num\u00e9rique facilite le r\u00e9glage de la fonction d&rsquo;infusion automatique de 24 heures et le panier-filtre amovible est facile \u00e0 nettoyer. Parmi les autres caract\u00e9ristiques pratiques figurent la technologie Sneak-A-CupMC, la verseuse en verre PerfectPourMC de 12 tasses, l&rsquo;option d&rsquo;infusion de 1 \u00e0 4 tasses et un s\u00e9lecteur de force de caf\u00e9.  <\/p>\n<p>*une tasse \u00e9quivaut \u00e0 environ 5 oz\/150 ml (ce qui peut varier selon la technique d&rsquo;infusion)<\/p>\n<\/div>\n<hr class=\"product-desc-divider\">\n<div style=\"coffe-prod-bullet-container\">\n<div class=\"coffee-product-50-left\">\n<img decoding=\"async\" src=\"\/wp-content\/uploads\/2025\/10\/CM1300SC_NS_Prd3_HR.jpg\">\n<\/div>\n<div class=\"coffee-product-50-right\">\n<p class=\"title-bold\"><span class=\"bullet-background-number\">1<\/span> Cafeti\u00e8re de 12 tasses*<\/p>\n<p>Infusion rapide pour 12 tasses* ou moins, avec une option pour infusion de 1 \u00e0 4 tasses.<\/p>\n<p class=\"title-bold\"><span class=\"bullet-background-number\">2<\/span> Boutons de contr\u00f4le num\u00e9rique<\/p>\n<p>Programmez facilement le dispositif d\u2019infusion automatique de 24 heures pour vous r\u00e9veiller avec une bonne tasse de caf\u00e9 fra\u00eechement infus\u00e9.<\/p>\n<p class=\"title-bold\"><span class=\"bullet-background-number\">3<\/span> Sneak-a-CupMC<\/p>\n<p>Cette fonction arr\u00eate temporairement l\u2019\u00e9coulement du caf\u00e9 pour que vous puissiez verser votre premi\u00e8re tasse avant la fin de l\u2019infusion, sans salir.<\/p>\n<\/div>\n<\/div>\n<hr class=\"product-desc-divider\">\n","protected":false},"excerpt":{"rendered":"<ul>\n<li>Cafeti\u00e8re de 12 tasses* : pr\u00e9parez plusieurs tasses \u00e0 la fois, rapidement<\/li>\n<li>Boutons de contr\u00f4le num\u00e9rique : r\u00e9glez la minuterie et programmez l\u2019infusion automatique<\/li>\n<li>Fonction Sneak-A-CupMC : savourez votre premi\u00e8re tasse de caf\u00e9 avant la fin de l\u2019infusion<\/li>\n<li>Panier-filtre amovible : le filtre r\u00e9utilisable est facile \u00e0 nettoyer<\/li>\n<li>S\u00e9lecteur de force de caf\u00e9 : contr\u00f4lez la force de l\u2019ar\u00f4me du caf\u00e9<\/li>\n<\/ul>\n<div style=\"font-weight:700;margin-top:20px;\">Manuel d\u2019utilisation et d\u2019entretien<\/div>\n<p>\n<a href=\"\/wp-content\/uploads\/2025\/10\/CM1300SC-Use-Care-Manual.pdf\">CM1300SC Use Care Manual<\/a> (pdf 458KB)<\/p>\n","protected":false},"featured_media":950,"template":"","meta":[],"product_brand":[],"product_cat":[76],"product_tag":[],"class_list":{"0":"post-1280","1":"product","2":"type-product","3":"status-publish","4":"has-post-thumbnail","6":"product_cat-cafetieres","7":"pa_color-argent","8":"pa_number-of-cups-155","9":"pa_volts-120-volts","10":"pa_warranty-limite-a-2-ans","11":"pa_wattage-975-watts","13":"first","14":"instock","15":"shipping-taxable","16":"product-type-simple"},"_links":{"self":[{"href":"https:\/\/blackanddeckerappliances.ca\/fr\/wp-json\/wp\/v2\/product\/1280","targetHints":{"allow":["GET"]}}],"collection":[{"href":"https:\/\/blackanddeckerappliances.ca\/fr\/wp-json\/wp\/v2\/product"}],"about":[{"href":"https:\/\/blackanddeckerappliances.ca\/fr\/wp-json\/wp\/v2\/types\/product"}],"wp:featuredmedia":[{"embeddable":true,"href":"https:\/\/blackanddeckerappliances.ca\/fr\/wp-json\/wp\/v2\/media\/950"}],"wp:attachment":[{"href":"https:\/\/blackanddeckerappliances.ca\/fr\/wp-json\/wp\/v2\/media?parent=1280"}],"wp:term":[{"taxonomy":"product_brand","embeddable":true,"href":"https:\/\/blackanddeckerappliances.ca\/fr\/wp-json\/wp\/v2\/product_brand?post=1280"},{"taxonomy":"product_cat","embeddable":true,"href":"https:\/\/blackanddeckerappliances.ca\/fr\/wp-json\/wp\/v2\/product_cat?post=1280"},{"taxonomy":"product_tag","embeddable":true,"href":"https:\/\/blackanddeckerappliances.ca\/fr\/wp-json\/wp\/v2\/product_tag?post=1280"}],"curies":[{"name":"wp","href":"https:\/\/api.w.org\/{rel}","templated":true}]}}