{"id":1271,"date":"2025-10-14T00:32:10","date_gmt":"2025-10-14T00:32:10","guid":{"rendered":"https:\/\/staging.blackanddeckerappliances.ca\/product\/cafetiere-personnelle-avec-tasse-de-voyage-noir\/"},"modified":"2025-10-14T00:32:10","modified_gmt":"2025-10-14T00:32:10","slug":"cafetiere-personnelle-avec-tasse-de-voyage-noir","status":"publish","type":"product","link":"https:\/\/blackanddeckerappliances.ca\/fr\/produit\/cafetiere-personnelle-avec-tasse-de-voyage-noir\/","title":{"rendered":"Cafeti\u00e8re personnelle avec tasse de voyage, noir"},"content":{"rendered":"<div>Excellente pour ceux qui ont une vie active et se d\u00e9placent beaucoup, voici la cafeti\u00e8re personnelle BLACK+DECKERMD. Elle infuse votre caf\u00e9 pr\u00e9f\u00e9r\u00e9 directement dans la tasse de voyage de 16 oz qui est compatible avec les porte-gobelets de la plupart des voitures. Le filtre \u00e0 caf\u00e9 r\u00e9utilisable est compatible avec le caf\u00e9 moulu et les dosettes pr\u00e9conditionn\u00e9es, et il se rince facilement dans l&rsquo;\u00e9vier. La commande \u00e0 simple bouton permet d&rsquo;obtenir rapidement votre caf\u00e9 matinal, la conception compacte de la cafeti\u00e8re \u00e9tant parfaite pour les petites cuisines, les appartements et les chambres d\u2019\u00e9tudiant.    <\/p>\n<p>*<\/p>\n<\/div>\n<hr class=\"product-desc-divider\">\n<div style=\"coffe-prod-bullet-container\">\n<div class=\"coffee-product-50-left\">\n<img decoding=\"async\" src=\"\/wp-content\/uploads\/2025\/10\/CM618_Prd1.jpg\">\n<\/div>\n<div class=\"coffee-product-50-right\">\n<p class=\"title-bold\"><span class=\"bullet-background-number\">1<\/span> Cafeti\u00e8re personnelle<\/p>\n<p>Le moyen rapide et sans souci pour pr\u00e9parer votre caf\u00e9 du matin! La cafeti\u00e8re d\u2019une tasse infuse le caf\u00e9 directement dans la tasse de voyage incluse pour vous aider \u00e0 d\u00e9marrer votre journ\u00e9e. <\/p>\n<p class=\"title-bold\"><span class=\"bullet-background-number\">2<\/span> Tasse de voyage incluse<\/p>\n<p>La tasse de voyage de 16 oz est parfaite pour savourer sur le pouce votre petit caf\u00e9 quotidien. Sa taille est compatible avec les porte-gobelets de la plupart des voitures.  <\/p>\n<p class=\"title-bold\"><span class=\"bullet-background-number\">3<\/span> Filtre \u00e0 caf\u00e9 r\u00e9utilisable<\/p>\n<p>Pas besoin d\u2019acheter des filtres en papier jetables. Le filtre en maille m\u00e9tallique est compatible avec le caf\u00e9 moulu et les dosettes et il se rince facilement pour se nettoyer. <\/p>\n<\/div>\n<\/div>\n<hr class=\"product-desc-divider\">\n","protected":false},"excerpt":{"rendered":"<ul>\n<li>Cafeti\u00e8re personnelle<\/li>\n<li>Tasse de voyage de 16 oz incluse<\/li>\n<li>Filtre \u00e0 caf\u00e9 r\u00e9utilisable<\/li>\n<li>Extinction automatique<\/li>\n<\/ul>\n<div style=\"font-weight:700;margin-top:20px;\">Manuel d\u2019utilisation et d\u2019entretien<\/div>\n<p>\n<a href=\"\/wp-content\/uploads\/2025\/10\/CM618C-Use-Care-Manual.pdf\">CM618C Use Care Manual<\/a> (pdf 340KB)<\/p>\n","protected":false},"featured_media":925,"template":"","meta":[],"product_brand":[],"product_cat":[76],"product_tag":[],"class_list":{"0":"post-1271","1":"product","2":"type-product","3":"status-publish","4":"has-post-thumbnail","6":"product_cat-cafetieres","7":"pa_color-noir","8":"pa_number-of-cups-158","9":"pa_volts-120-volts","10":"pa_warranty-limite-a-2-ans","11":"pa_wattage-650-w","13":"first","14":"instock","15":"shipping-taxable","16":"product-type-simple"},"_links":{"self":[{"href":"https:\/\/blackanddeckerappliances.ca\/fr\/wp-json\/wp\/v2\/product\/1271","targetHints":{"allow":["GET"]}}],"collection":[{"href":"https:\/\/blackanddeckerappliances.ca\/fr\/wp-json\/wp\/v2\/product"}],"about":[{"href":"https:\/\/blackanddeckerappliances.ca\/fr\/wp-json\/wp\/v2\/types\/product"}],"wp:featuredmedia":[{"embeddable":true,"href":"https:\/\/blackanddeckerappliances.ca\/fr\/wp-json\/wp\/v2\/media\/925"}],"wp:attachment":[{"href":"https:\/\/blackanddeckerappliances.ca\/fr\/wp-json\/wp\/v2\/media?parent=1271"}],"wp:term":[{"taxonomy":"product_brand","embeddable":true,"href":"https:\/\/blackanddeckerappliances.ca\/fr\/wp-json\/wp\/v2\/product_brand?post=1271"},{"taxonomy":"product_cat","embeddable":true,"href":"https:\/\/blackanddeckerappliances.ca\/fr\/wp-json\/wp\/v2\/product_cat?post=1271"},{"taxonomy":"product_tag","embeddable":true,"href":"https:\/\/blackanddeckerappliances.ca\/fr\/wp-json\/wp\/v2\/product_tag?post=1271"}],"curies":[{"name":"wp","href":"https:\/\/api.w.org\/{rel}","templated":true}]}}