{"id":1266,"date":"2025-10-14T00:24:09","date_gmt":"2025-10-14T00:24:09","guid":{"rendered":"https:\/\/staging.blackanddeckerappliances.ca\/product\/cafetiere-programmable-de-12-tasses-a-moulin-integre-mill-brew-noir-acier-inoxydable\/"},"modified":"2025-10-14T00:24:09","modified_gmt":"2025-10-14T00:24:09","slug":"cafetiere-programmable-de-12-tasses-a-moulin-integre-mill-brew-noir-acier-inoxydable","status":"publish","type":"product","link":"https:\/\/blackanddeckerappliances.ca\/fr\/produit\/cafetiere-programmable-de-12-tasses-a-moulin-integre-mill-brew-noir-acier-inoxydable\/","title":{"rendered":"Cafeti\u00e8re programmable de 12 tasses* \u00e0 moulin int\u00e9gr\u00e9 Mill &amp; Brew, noir\/acier inoxydable"},"content":{"rendered":"<div>D\u00e9couvrez la cafeti\u00e8re qui est aussi sophistiqu\u00e9e que votre go\u00fbt. La cafeti\u00e8re Mill &amp; Brew de 12 tasses* BLACK+DECKERMD transforme \u00e0 votre enti\u00e8re satisfaction vos f\u00e8ves pr\u00e9f\u00e9r\u00e9es en caf\u00e9 aussi fort ou aussi l\u00e9ger que vous le souhaitez. Le tableau de programmation QuickTouch comprend des r\u00e9glages de la force du caf\u00e9, de l&rsquo;heure, et une fonction d&rsquo;infusion automatique pour vous r\u00e9veiller avec une bonne tasse de caf\u00e9 fra\u00eechement infus\u00e9. Le filtre \u00e0 caf\u00e9 r\u00e9utilisable de couleur bronze vous \u00e9vite d&rsquo;acheter des filtres en papier jetables et il est attach\u00e9 au moulin int\u00e9gr\u00e9. Les deux sont enti\u00e8rement amovibles et faciles \u00e0 nettoyer. La verseuse Duralife contient jusqu&rsquo;\u00e0 12 tasses* et la fen\u00eatre bien visible vous permet de constater facilement la quantit\u00e9 d&rsquo;eau dans la machine.     <\/p>\n<p>*Une tasse \u00e9quivaut \u00e0 environ \u00e0 5 oz\/150 ml (ce qui peut varier selon la technique d\u2019infusion)<\/p>\n<\/div>\n<hr class=\"product-desc-divider\">\n<div style=\"coffe-prod-bullet-container\">\n<div class=\"coffee-product-50-left\">\n<img decoding=\"async\" src=\"\/wp-content\/uploads\/2025\/10\/CM5000Bprd2_HR.jpg\">\n<\/div>\n<div class=\"coffee-product-50-right\">\n<p class=\"title-bold\"><span class=\"bullet-background-number\">1<\/span> Moulin\/panier-filtre int\u00e9gr\u00e9<\/p>\n<p>La conception innovante regroupe en une seule unit\u00e9 le moulin \u00e0 caf\u00e9 et le panier-filtre pour l\u2019infusion rapide de caf\u00e9 fra\u00eechement moulu et le nettoyage simplifi\u00e9.<\/p>\n<p class=\"title-bold\"><span class=\"bullet-background-number\">2<\/span> Broyage et infusion rationalis\u00e9s<\/p>\n<p>Caf\u00e9 frais, rapide. La conception tout-en-un facilite le broyage des f\u00e8ves, vous permettant ainsi de savourer \u00e0 chaque fois toute la puissance et l\u2019ar\u00f4me de vos f\u00e8ves pr\u00e9f\u00e9r\u00e9es. <\/p>\n<p class=\"title-bold\"><span class=\"bullet-background-number\">3<\/span> F\u00e8ves ou caf\u00e9 moulu<\/p>\n<p>Infusez votre caf\u00e9 pr\u00e9f\u00e9r\u00e9. Le moulin pr\u00e9pare rapidement les f\u00e8ves de caf\u00e9 et il peut \u00eatre arr\u00eat\u00e9 pour une infusion normale de caf\u00e9 pr\u00e9moulu. <\/p>\n<\/div>\n<\/div>\n<hr class=\"product-desc-divider\">\n","protected":false},"excerpt":{"rendered":"<ul>\n<li>Moulin\/panier-filtre int\u00e9gr\u00e9<\/li>\n<li>Broyage et infusion rationalis\u00e9s<\/li>\n<li>Utilisez des f\u00e8ves ou du caf\u00e9 moulu.<\/li>\n<li>Option de personnalisation de l\u2019infusion<\/li>\n<li>Programmation QuickTouch<\/li>\n<li>Plaque de carafe antiadh\u00e9sive \u00ab Maintien au chaud \u00bb<\/li>\n<li>Carafe en verre Duralife\u2122<\/li>\n<li>Garantie limit\u00e9e de 2 ans<\/li>\n<\/ul>\n<div style=\"font-weight:700;margin-top:20px;\">Manuel d\u2019utilisation et d\u2019entretien<\/div>\n<p>\n<a href=\"\/wp-content\/uploads\/2025\/10\/CM5000BD-Use-Care-Manual.pdf\">CM5000BD Use Care Manual<\/a> (pdf 1.9MB)<\/p>\n","protected":false},"featured_media":917,"template":"","meta":[],"product_brand":[],"product_cat":[76],"product_tag":[],"class_list":{"0":"post-1266","1":"product","2":"type-product","3":"status-publish","4":"has-post-thumbnail","6":"product_cat-cafetieres","7":"pa_color-noir","8":"pa_number-of-cups-155","9":"pa_volts-120-volts","10":"pa_warranty-limite-a-2-ans","11":"pa_wattage-1025-watts","13":"first","14":"instock","15":"shipping-taxable","16":"product-type-simple"},"_links":{"self":[{"href":"https:\/\/blackanddeckerappliances.ca\/fr\/wp-json\/wp\/v2\/product\/1266","targetHints":{"allow":["GET"]}}],"collection":[{"href":"https:\/\/blackanddeckerappliances.ca\/fr\/wp-json\/wp\/v2\/product"}],"about":[{"href":"https:\/\/blackanddeckerappliances.ca\/fr\/wp-json\/wp\/v2\/types\/product"}],"wp:featuredmedia":[{"embeddable":true,"href":"https:\/\/blackanddeckerappliances.ca\/fr\/wp-json\/wp\/v2\/media\/917"}],"wp:attachment":[{"href":"https:\/\/blackanddeckerappliances.ca\/fr\/wp-json\/wp\/v2\/media?parent=1266"}],"wp:term":[{"taxonomy":"product_brand","embeddable":true,"href":"https:\/\/blackanddeckerappliances.ca\/fr\/wp-json\/wp\/v2\/product_brand?post=1266"},{"taxonomy":"product_cat","embeddable":true,"href":"https:\/\/blackanddeckerappliances.ca\/fr\/wp-json\/wp\/v2\/product_cat?post=1266"},{"taxonomy":"product_tag","embeddable":true,"href":"https:\/\/blackanddeckerappliances.ca\/fr\/wp-json\/wp\/v2\/product_tag?post=1266"}],"curies":[{"name":"wp","href":"https:\/\/api.w.org\/{rel}","templated":true}]}}