{"id":1261,"date":"2025-10-14T00:17:45","date_gmt":"2025-10-14T00:17:45","guid":{"rendered":"https:\/\/staging.blackanddeckerappliances.ca\/product\/cafetiere-de-12-tasses-programmable-technologie-exclusive-vortexmc-fini-acier-inoxydable\/"},"modified":"2025-10-14T00:17:45","modified_gmt":"2025-10-14T00:17:45","slug":"cafetiere-de-12-tasses-programmable-technologie-exclusive-vortexmc-fini-acier-inoxydable","status":"publish","type":"product","link":"https:\/\/blackanddeckerappliances.ca\/fr\/produit\/cafetiere-de-12-tasses-programmable-technologie-exclusive-vortexmc-fini-acier-inoxydable\/","title":{"rendered":"Cafeti\u00e8re de 12 tasses*, programmable, technologie exclusive VORTEXMC, fini acier inoxydable"},"content":{"rendered":"<div>Pr\u00e9parez le caf\u00e9 comme vous l&rsquo;aimez. Cette cafeti\u00e8re de 12 tasses* est dot\u00e9e de la technologie VORTEXMC qui sature uniform\u00e9ment le caf\u00e9 moulu pour en extraire un ar\u00f4me riche et puissant \u00e0 une temp\u00e9rature optimale de l\u2019eau. Vous pouvez modifier la force du caf\u00e9 en optant pour un processus d&rsquo;infusion plus lent et un caf\u00e9 plus fort. R\u00e9glez la dur\u00e9e de maintien chaud du caf\u00e9 apr\u00e8s l&rsquo;infusion \u00e0 l&rsquo;aide de la minuterie r\u00e9glable (au choix entre 30, 60, 90, 120 minutes et extinction). La technologie Sneak-A-Cup vous permet de verser une tasse de caf\u00e9 avant que le reste de la cafeti\u00e8re ne soit infus\u00e9, sans qu\u2019il ne coule ni ne se renverse. Les autres caract\u00e9ristiques utiles comprennent: cycle de nettoyage automatique Smart-Clean, verseuse en verre de 12 tasses* Duralife, panier-filtre lavable et plaque chauffante \u00ab maintien chaud \u00bb pour que le caf\u00e9 soit chaud quand vous \u00eates pr\u00eat \u00e0 le boire.     <\/p>\n<p>*une tasse \u00e9quivaut \u00e0 environ 5 oz\/150 ml (ce qui peut selon la technique d&rsquo;nfusion)<\/p>\n<\/div>\n<hr class=\"product-desc-divider\">\n<div style=\"coffe-prod-bullet-container\">\n<div class=\"coffee-product-50-left\">\n<img decoding=\"async\" src=\"\/wp-content\/uploads\/2025\/10\/CM1331BS_NS_Prd1_HR_V2.jpg\">\n<\/div>\n<div class=\"coffee-product-50-right\">\n<p class=\"title-bold\"><span class=\"bullet-background-number\">1<\/span> Technologie de d\u00e9bit d\u2019eau VORTEXMC<\/p>\n<p>La conception exclusive de la pomme de diffuseur permet de saturer uniform\u00e9ment le caf\u00e9 moulu et d\u2019en extraire un ar\u00f4me riche.<\/p>\n<p class=\"title-bold\"><span class=\"bullet-background-number\">2<\/span> Syst\u00e8me de nettoyage intelligent<\/p>\n<p>Le cycle de nettoyage automatique am\u00e9liore le rendement de votre cafeti\u00e8re.<\/p>\n<p class=\"title-bold\"><span class=\"bullet-background-number\">3<\/span> Temps de maintien chaud r\u00e9glable<\/p>\n<p>Choisissez le temps pendant lequel la plaque chauffante de la verseuse maintient le caf\u00e9 chaud apr\u00e8s son infusion, de 30 \u00e0 120 minutes ou extinction.<\/p>\n<\/div>\n<\/div>\n<hr class=\"product-desc-divider\">\n","protected":false},"excerpt":{"rendered":"<ul>\n<li>D\u00e9bit d\u2019eau VORTEX : d\u00e9bit d\u2019eau optimal pour une extraction maximale de l\u2019ar\u00f4me<\/li>\n<li>Fini acier inoxydable noir haut de gamme<\/li>\n<li>Syst\u00e8me de nettoyage intelligent : cycle de nettoyage automatique<\/li>\n<li>Temps de maintien chaud r\u00e9glable<\/li>\n<li>S\u00e9lecteur de force de caf\u00e9<\/li>\n<li>Plaque de maintien chaud de verseuse<\/li>\n<\/ul>\n<div style=\"font-weight:700;margin-top:20px;\">Manuel d\u2019utilisation et d\u2019entretien<\/div>\n<p>\n<a href=\"\/wp-content\/uploads\/2025\/10\/CM1331SC-Use-Care-Manual.pdf\">CM1331SC Use Care Manual<\/a> (pdf 587KB)<\/p>\n","protected":false},"featured_media":909,"template":"","meta":[],"product_brand":[],"product_cat":[76],"product_tag":[],"class_list":{"0":"post-1261","1":"product","2":"type-product","3":"status-publish","4":"has-post-thumbnail","6":"product_cat-cafetieres","7":"pa_color-noir","8":"pa_number-of-cups-155","9":"pa_volts-120-volts","10":"pa_warranty-limite-a-2-ans","11":"pa_wattage-1000-w","13":"first","14":"instock","15":"shipping-taxable","16":"product-type-simple"},"_links":{"self":[{"href":"https:\/\/blackanddeckerappliances.ca\/fr\/wp-json\/wp\/v2\/product\/1261","targetHints":{"allow":["GET"]}}],"collection":[{"href":"https:\/\/blackanddeckerappliances.ca\/fr\/wp-json\/wp\/v2\/product"}],"about":[{"href":"https:\/\/blackanddeckerappliances.ca\/fr\/wp-json\/wp\/v2\/types\/product"}],"wp:featuredmedia":[{"embeddable":true,"href":"https:\/\/blackanddeckerappliances.ca\/fr\/wp-json\/wp\/v2\/media\/909"}],"wp:attachment":[{"href":"https:\/\/blackanddeckerappliances.ca\/fr\/wp-json\/wp\/v2\/media?parent=1261"}],"wp:term":[{"taxonomy":"product_brand","embeddable":true,"href":"https:\/\/blackanddeckerappliances.ca\/fr\/wp-json\/wp\/v2\/product_brand?post=1261"},{"taxonomy":"product_cat","embeddable":true,"href":"https:\/\/blackanddeckerappliances.ca\/fr\/wp-json\/wp\/v2\/product_cat?post=1261"},{"taxonomy":"product_tag","embeddable":true,"href":"https:\/\/blackanddeckerappliances.ca\/fr\/wp-json\/wp\/v2\/product_tag?post=1261"}],"curies":[{"name":"wp","href":"https:\/\/api.w.org\/{rel}","templated":true}]}}