{"id":1253,"date":"2025-10-14T00:08:39","date_gmt":"2025-10-14T00:08:39","guid":{"rendered":"https:\/\/staging.blackanddeckerappliances.ca\/product\/cafetiere-programmable-isotherme-de-12-tasses-et-en-acier-inoxydable\/"},"modified":"2025-10-14T00:08:39","modified_gmt":"2025-10-14T00:08:39","slug":"cafetiere-programmable-isotherme-de-12-tasses-et-en-acier-inoxydable","status":"publish","type":"product","link":"https:\/\/blackanddeckerappliances.ca\/fr\/produit\/cafetiere-programmable-isotherme-de-12-tasses-et-en-acier-inoxydable\/","title":{"rendered":"Cafeti\u00e8re programmable isotherme de 12 tasses* et en acier inoxydable"},"content":{"rendered":"<div>Le caf\u00e9 chaud est un bon caf\u00e9. C&rsquo;est ce que vous obtenez avec la cafeti\u00e8re programmable isotherme de 12 asses* CM2036S BLACK+DECKERMD. La verseuse isotherme en acier inoxydable est sertie sous vide pour maintenir le caf\u00e9 chaud jusqu&rsquo;\u00e0 deux heures. En outre, vous pouvez personnaliser la mouture \u00e0 votre go\u00fbt. Les commandes num\u00e9riques faciles \u00e0 utiliser comprennent diff\u00e9rentes options de force du caf\u00e9 et un r\u00e9glage pour les quantit\u00e9s de 1 \u00e0 4 asses*, ce qui vous permet d&rsquo;obtenir la m\u00eame intensit\u00e9 d&rsquo;ar\u00f4me que pour une infusion plus grande. L&rsquo;afficheur \u00e0 cristaux liquides est un \u00e9l\u00e9ment suppl\u00e9mentaire utile qui comprend une minuterie de mouture fra\u00eeche indiquant le temps qui s&rsquo;est \u00e9coul\u00e9 depuis que le caf\u00e9 a \u00e9t\u00e9 infus\u00e9, jusqu&rsquo;\u00e0 120 minutes.     <\/p>\n<p>*Une tasse \u00e9quivaut \u00e0 environ 5 oz\/150 ml (ce qui peut varier selon la technique d&rsquo;infusion)<\/p>\n<\/div>\n<hr class=\"product-desc-divider\">\n<div style=\"coffe-prod-bullet-container\">\n<div class=\"coffee-product-50-left\">\n<img decoding=\"async\" src=\"\/wp-content\/uploads\/2025\/10\/CM2036S_NS_Pdr1_HR-1.jpg\">\n<\/div>\n<div class=\"coffee-product-50-right\">\n<p class=\"title-bold\"><span class=\"bullet-background-number\">1<\/span> Verseuse isotherme de 12 tasses*<\/p>\n<p>La carafe de grande capacit\u00e9 est \u00e0 double paroi et sertie sous vide pour maintenir votre caf\u00e9 \u00e0 la temp\u00e9rature id\u00e9ale de d\u00e9gustation pendant des heures.<\/p>\n<p class=\"title-bold\"><span class=\"bullet-background-number\">2<\/span> Ouverture de verseuse \u00e0 large l\u00e8vre<\/p>\n<p>La verseuse est con\u00e7ue avec une large ouverture pour se nettoyer facilement et rapidement \u00e0 l\u2019aide d\u2019un torchon mouill\u00e9.<\/p>\n<p class=\"title-bold\"><span class=\"bullet-background-number\">3<\/span> Bec verseur Perfect Pour antigoutte<\/p>\n<p>Pour ne plus jamais avoir de d\u00e9versements ennuyeux. Le bec de la verseuse est con\u00e7u pour emp\u00eacher le caf\u00e9 de goutter et de se d\u00e9verser quand vous remplissez une tasse. <\/p>\n<\/div>\n<\/div>\n<hr class=\"product-desc-divider\">\n","protected":false},"excerpt":{"rendered":"<ul>\n<li>Verseuse isotherme de 12 tasses<\/li>\n<li>Ouverture de verseuse \u00e0 l\u00e8vre large<\/li>\n<li>Bec verseur Perfect Pour antigoutte<\/li>\n<li>Pomme de diffuseur Evenstream<\/li>\n<li>Options d\u2019infusion personnalisable<\/li>\n<li>Option d&rsquo;infusion de 1 \u00e0 4 tasses*<\/li>\n<li>S\u00e9lecteur de force d&rsquo;infusion<\/li>\n<li>Bec verseur Perfect Pour\u2122<\/li>\n<li>Commandes num\u00e9riques<\/li>\n<li>Panier \u00e0 infusion lavable<\/li>\n<\/ul>\n<div style=\"font-weight:700;margin-top:20px;\">Manuel d\u2019utilisation et d\u2019entretien<\/div>\n<p>\n<a href=\"\/wp-content\/uploads\/2025\/10\/CM2036SC-Use-Care-Manual.pdf\">CM2036SC Use Care Manual<\/a> (pdf 1.6MB)<\/p>\n","protected":false},"featured_media":897,"template":"","meta":[],"product_brand":[],"product_cat":[76],"product_tag":[],"class_list":{"0":"post-1253","1":"product","2":"type-product","3":"status-publish","4":"has-post-thumbnail","6":"product_cat-cafetieres","7":"pa_color-argent-noir","8":"pa_number-of-cups-155","9":"pa_volts-120-volts","10":"pa_warranty-limite-a-2-ans","11":"pa_wattage-750-w","13":"first","14":"instock","15":"shipping-taxable","16":"product-type-simple"},"_links":{"self":[{"href":"https:\/\/blackanddeckerappliances.ca\/fr\/wp-json\/wp\/v2\/product\/1253","targetHints":{"allow":["GET"]}}],"collection":[{"href":"https:\/\/blackanddeckerappliances.ca\/fr\/wp-json\/wp\/v2\/product"}],"about":[{"href":"https:\/\/blackanddeckerappliances.ca\/fr\/wp-json\/wp\/v2\/types\/product"}],"wp:featuredmedia":[{"embeddable":true,"href":"https:\/\/blackanddeckerappliances.ca\/fr\/wp-json\/wp\/v2\/media\/897"}],"wp:attachment":[{"href":"https:\/\/blackanddeckerappliances.ca\/fr\/wp-json\/wp\/v2\/media?parent=1253"}],"wp:term":[{"taxonomy":"product_brand","embeddable":true,"href":"https:\/\/blackanddeckerappliances.ca\/fr\/wp-json\/wp\/v2\/product_brand?post=1253"},{"taxonomy":"product_cat","embeddable":true,"href":"https:\/\/blackanddeckerappliances.ca\/fr\/wp-json\/wp\/v2\/product_cat?post=1253"},{"taxonomy":"product_tag","embeddable":true,"href":"https:\/\/blackanddeckerappliances.ca\/fr\/wp-json\/wp\/v2\/product_tag?post=1253"}],"curies":[{"name":"wp","href":"https:\/\/api.w.org\/{rel}","templated":true}]}}