{"id":1244,"date":"2025-10-13T23:58:19","date_gmt":"2025-10-13T23:58:19","guid":{"rendered":"https:\/\/staging.blackanddeckerappliances.ca\/product\/cafetiere-programmable-12-tasses-blackdeckermd-noir\/"},"modified":"2025-10-13T23:58:19","modified_gmt":"2025-10-13T23:58:19","slug":"cafetiere-programmable-12-tasses-blackdeckermd-noir","status":"publish","type":"product","link":"https:\/\/blackanddeckerappliances.ca\/fr\/produit\/cafetiere-programmable-12-tasses-blackdeckermd-noir\/","title":{"rendered":"Cafeti\u00e8re programmable 12 tasses* BLACK+DECKERMD, noir"},"content":{"rendered":"<div>Profitez d&rsquo;une extraction de saveur riche avec la cafeti\u00e8re programmable de 12 tasses* BLACK+DECKERMC. Le d\u00e9bit d&rsquo;eau de la technologie VortexMC sature uniform\u00e9ment le marc de caf\u00e9 en utilisant un d\u00e9bit d&rsquo;eau optimal pour un maximum de saveur. Vous pouvez modifier la force d&rsquo;infusion pour une tasse de caf\u00e9 plus forte. La technologie Sneak-A-CupMC vous permet de servir une tasse de caf\u00e9 avant que le reste du pot ne soit infus\u00e9, le tout sans gouttes ni d\u00e9versements. Les commandes num\u00e9riques sont dot\u00e9es de la programmation QuickTouchMC afin que vous puissiez facilement r\u00e9gler l&rsquo;horloge et programmer le syst\u00e8me d&rsquo;infusion automatique, pour du caf\u00e9 maintenant ou plus tard, en appuyant simplement sur un bouton.    <\/p>\n<p>*tasse \u00e9quivaut \u00e0 environ 5 oz. (varie selon la technique d\u2019infusion) <\/p>\n<\/div>\n<hr class=\"product-desc-divider\">\n<div style=\"coffe-prod-bullet-container\">\n<div class=\"coffee-product-50-left\">\n<img decoding=\"async\" src=\"\/wp-content\/uploads\/2025\/10\/CM1110B_BD_Extended_SKU_Hero-1.jpg\">\n<\/div>\n<div class=\"coffee-product-50-right\">\n<p class=\"title-bold\"><span class=\"bullet-background-number\">1<\/span> Cafeti\u00e8re 12 Tasses<\/p>\n<p>Infusion rapide de jusqu&rsquo;\u00e0 12 tasses* de caf\u00e9.<\/p>\n<p class=\"title-bold\"><span class=\"bullet-background-number\">2<\/span> S\u00e9lecteur de Force d&rsquo;infusion<\/p>\n<p>Personnalisez votre tasse avec une option pour ralentir le processus d&rsquo;infusion pour un caf\u00e9 plus fort.<\/p>\n<p class=\"title-bold\"><span class=\"bullet-background-number\">3<\/span> Panier d&rsquo;infusion amovible<\/p>\n<p>La conception exclusive en pomme de douche sature uniform\u00e9ment le marc de caf\u00e9, pour un maximum de saveur.<\/p>\n<\/div>\n<\/div>\n<div class=\"coffe-prod-bullet-container product-feature-background product-feature-width-100\">\n<div class=\"prod-feature-text\">\n<p class=\"title-bold title-upper\">COMMANDES NUM\u00c9RIQUES<\/p>\n<p>La programmation QUICKTOUCHMC vous permet de r\u00e9gler l&rsquo;horloge num\u00e9rique et de programmer la fonction d&rsquo;infusion automatique sur 24 heures afin que vous puissiez pr\u00e9parer du caf\u00e9 maintenant ou plus tard.<\/p>\n<\/div>\n<div class=\"prod-feature-img\">\n<img decoding=\"async\" class=\"prod-feature-image\" src=\"\/wp-content\/uploads\/2025\/10\/CM1110B_Ext_SupFeat_1_DigitalControls_LoRes.jpg\">\n<\/div>\n<\/div>\n<div class=\"coffe-prod-bullet-container product-feature-background product-feature-width-100\">\n<div class=\"prod-feature-img-2\">\n<img decoding=\"async\" class=\"prod-feature-image\" src=\"\/wp-content\/uploads\/2025\/10\/CM1110B_BD_Extended_SupFeat_2_VortexTech.jpg\">\n<\/div>\n<div class=\"prod-feature-text-2\">\n<div>\n<p style=\"margin-bottom:15px;\"><b>TECHNOLOGIE VORTEXMC<\/b><\/p>\n<p>La conception exclusive en pomme de douche sature uniform\u00e9ment le marc de caf\u00e9, pour un maximum de saveur.<\/div>\n<\/div>\n<\/div>\n<div class=\"coffe-prod-bullet-container product-feature-background product-feature-width-100\">\n<div class=\"prod-feature-text\">\n<p class=\"title-bold title-upper\">CARAFE EN VERRE DURALIFEMC<\/p>\n<p>La carafe robuste de 12 tasses* a des rep\u00e8res de mesure pour un remplissage pr\u00e9cis et une poign\u00e9e facile \u00e0 saisir pour un versement confortable.<\/p>\n<p>* tasse \u00e9quivaut \u00e0 environ 5 oz. (varie selon la technique d\u2019infusion)  <\/p>\n<\/div>\n<div class=\"prod-feature-img\">\n<img decoding=\"async\" class=\"prod-feature-image\" src=\"\/wp-content\/uploads\/2025\/10\/CM1110B_Ext_SupFeat_3_GlassCarafe_LoRes.jpg\">\n<\/div>\n<\/div>\n","protected":false},"excerpt":{"rendered":"<ul>\n<li>Cafeti\u00e8re 12 tasses* \u2013 Infusez plusieurs portions, rapidement<\/li>\n<li>D\u00e9bit d&rsquo;eau de la technologie VortexMC &#8211; Extraction compl\u00e8te et riche des saveurs<\/li>\n<li>Fonction Sneak-A-CupMC &#8211; Profitez de votre premi\u00e8re tasse avant la fin de l&rsquo;infusion<\/li>\n<li>Commandes num\u00e9riques \u2013 Programmation QuickTouchMC pour l&rsquo;horloge et le syst\u00e8me d&rsquo;infusion automatique<\/li>\n<li>S\u00e9lecteur de force d&rsquo;infusion &#8211; Contr\u00f4lez la force de votre infusion<\/li>\n<\/ul>\n","protected":false},"featured_media":886,"template":"","meta":[],"product_brand":[],"product_cat":[76],"product_tag":[],"class_list":{"0":"post-1244","1":"product","2":"type-product","3":"status-publish","4":"has-post-thumbnail","6":"product_cat-cafetieres","7":"pa_color-noir","8":"pa_number-of-cups-155","9":"pa_warranty-limite-a-2-ans","11":"first","12":"instock","13":"shipping-taxable","14":"product-type-simple"},"_links":{"self":[{"href":"https:\/\/blackanddeckerappliances.ca\/fr\/wp-json\/wp\/v2\/product\/1244","targetHints":{"allow":["GET"]}}],"collection":[{"href":"https:\/\/blackanddeckerappliances.ca\/fr\/wp-json\/wp\/v2\/product"}],"about":[{"href":"https:\/\/blackanddeckerappliances.ca\/fr\/wp-json\/wp\/v2\/types\/product"}],"wp:featuredmedia":[{"embeddable":true,"href":"https:\/\/blackanddeckerappliances.ca\/fr\/wp-json\/wp\/v2\/media\/886"}],"wp:attachment":[{"href":"https:\/\/blackanddeckerappliances.ca\/fr\/wp-json\/wp\/v2\/media?parent=1244"}],"wp:term":[{"taxonomy":"product_brand","embeddable":true,"href":"https:\/\/blackanddeckerappliances.ca\/fr\/wp-json\/wp\/v2\/product_brand?post=1244"},{"taxonomy":"product_cat","embeddable":true,"href":"https:\/\/blackanddeckerappliances.ca\/fr\/wp-json\/wp\/v2\/product_cat?post=1244"},{"taxonomy":"product_tag","embeddable":true,"href":"https:\/\/blackanddeckerappliances.ca\/fr\/wp-json\/wp\/v2\/product_tag?post=1244"}],"curies":[{"name":"wp","href":"https:\/\/api.w.org\/{rel}","templated":true}]}}