{"id":1236,"date":"2025-10-13T00:40:06","date_gmt":"2025-10-13T00:40:06","guid":{"rendered":"https:\/\/staging.blackanddeckerappliances.ca\/product\/gaufrier-gril-traditionnel-de-type-belge\/"},"modified":"2025-10-13T00:40:06","modified_gmt":"2025-10-13T00:40:06","slug":"gaufrier-gril-traditionnel-de-type-belge","status":"publish","type":"product","link":"https:\/\/blackanddeckerappliances.ca\/fr\/produit\/gaufrier-gril-traditionnel-de-type-belge\/","title":{"rendered":"Gaufrier-gril traditionnel de type belge"},"content":{"rendered":"<div>Gr\u00e2ce \u00e0 ce gaufrier-gril traditionnel de type belge, le d\u00e9jeuner est plus savoureux que jamais. Les grilles antiadh\u00e9sives sont ultra profondes et permettent de pr\u00e9parer des gaufres \u00e9paisses et l\u00e9g\u00e8res, avec suffisamment de place pour ajouter votre garniture pr\u00e9f\u00e9r\u00e9e. En outre, les plaques antiadh\u00e9sives sont faciles \u00e0 nettoyer et sont parfaites pour pr\u00e9parer un grand nombre d\u2019aliments : essayez donc les paillassons de pommes de terre, les sandwichs grill\u00e9s, les brownies, les petits pains \u00e0 la cannelle, etc.! Le gaufrier-gril de type belge BLACK+DECKERMD est polyvalent et vous permet de cr\u00e9er de nouvelles g\u00e2teries ou de pr\u00e9parer les grands classiques que vous adorez.   <\/div>\n<hr class=\"product-desc-divider\">\n<div style=\"coffe-prod-bullet-container\">\n<div class=\"coffee-product-50-left\">\n<img decoding=\"async\" src=\"\/wp-content\/uploads\/2025\/10\/WMB505.jpg\">\n<\/div>\n<div class=\"coffee-product-50-right\">\n<p class=\"title-bold\"><span class=\"bullet-background-number\">1<\/span> Voyant \u00ab Pr\u00eat \u00bb<\/p>\n<p>Know when your waffles are ready.<br \/>\nThe handy indicator light lets you know when the waffles are ready. <\/p>\n<p class=\"title-bold\"><span class=\"bullet-background-number\">2<\/span> Poign\u00e9e froide au toucher<\/p>\n<p>Une grande poign\u00e9e vous permet d\u2019ouvrir en toute s\u00e9curit\u00e9 le gaufrier-gril quand il est chaud.<\/p>\n<p class=\"title-bold\"><span class=\"bullet-background-number\">3<\/span> Gaufres \u00e0 la mode belge de 7,25 po<\/p>\n<p>Pr\u00e9parez des gaufres traditionnelles rondes de 7,25 po \u00e0 la mode belge, la taille parfaite pour une personne.<\/p>\n<\/div>\n<\/div>\n","protected":false},"excerpt":{"rendered":"<ul>\n<li>Les grilles de cuisson antiadh\u00e9sives s\u2019essuient pour se nettoyer rapidement<\/li>\n<li>Grilles antiadh\u00e9sives et ultra profondes<\/li>\n<li>Voyant \u00ab Pr\u00eat \u00bb<\/li>\n<li>Socle de rangement vertical<\/li>\n<li>Enrouleur de cordon pratique<\/li>\n<\/ul>\n<div style=\"font-weight:700;margin-top:20px;\">Manuel d\u2019utilisation et d\u2019entretien<\/div>\n<p>\n<a href=\"\/wp-content\/uploads\/2025\/10\/WMB500WMB505-Use-and-Care-Manual.pdf\">WMB500WMB505 Use and Care Manual<\/a> (pdf 188KB)<\/p>\n","protected":false},"featured_media":876,"template":"","meta":[],"product_brand":[],"product_cat":[85],"product_tag":[],"class_list":{"0":"post-1236","1":"product","2":"type-product","3":"status-publish","4":"has-post-thumbnail","6":"product_cat-gaufriers","7":"pa_color-argent","8":"pa_volts-120-volts","9":"pa_warranty-limite-a-2-ans","10":"pa_wattage-650-w","12":"first","13":"instock","14":"shipping-taxable","15":"product-type-simple"},"_links":{"self":[{"href":"https:\/\/blackanddeckerappliances.ca\/fr\/wp-json\/wp\/v2\/product\/1236","targetHints":{"allow":["GET"]}}],"collection":[{"href":"https:\/\/blackanddeckerappliances.ca\/fr\/wp-json\/wp\/v2\/product"}],"about":[{"href":"https:\/\/blackanddeckerappliances.ca\/fr\/wp-json\/wp\/v2\/types\/product"}],"wp:featuredmedia":[{"embeddable":true,"href":"https:\/\/blackanddeckerappliances.ca\/fr\/wp-json\/wp\/v2\/media\/876"}],"wp:attachment":[{"href":"https:\/\/blackanddeckerappliances.ca\/fr\/wp-json\/wp\/v2\/media?parent=1236"}],"wp:term":[{"taxonomy":"product_brand","embeddable":true,"href":"https:\/\/blackanddeckerappliances.ca\/fr\/wp-json\/wp\/v2\/product_brand?post=1236"},{"taxonomy":"product_cat","embeddable":true,"href":"https:\/\/blackanddeckerappliances.ca\/fr\/wp-json\/wp\/v2\/product_cat?post=1236"},{"taxonomy":"product_tag","embeddable":true,"href":"https:\/\/blackanddeckerappliances.ca\/fr\/wp-json\/wp\/v2\/product_tag?post=1236"}],"curies":[{"name":"wp","href":"https:\/\/api.w.org\/{rel}","templated":true}]}}