{"id":1231,"date":"2025-10-13T00:25:33","date_gmt":"2025-10-13T00:25:33","guid":{"rendered":"https:\/\/staging.blackanddeckerappliances.ca\/product\/cuiseur-a-riz-et-cuit-vapeur-de-6-tasses\/"},"modified":"2025-10-13T00:25:33","modified_gmt":"2025-10-13T00:25:33","slug":"cuiseur-a-riz-et-cuit-vapeur-de-6-tasses","status":"publish","type":"product","link":"https:\/\/blackanddeckerappliances.ca\/fr\/produit\/cuiseur-a-riz-et-cuit-vapeur-de-6-tasses\/","title":{"rendered":"Cuiseur \u00e0 riz et cuit-vapeur de 6 tasses"},"content":{"rendered":"<div>Gr\u00e2ce au cuiseur \u00e0 riz de 6 tasses BLACK+DECKERMD, le souper est plus facile \u00e0 pr\u00e9parer. La cuisson ne prend que 20 \u00e0 30 minutes et, gr\u00e2ce \u00e0 une fonction automatique de \u00ab maintien au chaud \u00bb, l\u2019appareil conserve toute la saveur et la fluidit\u00e9 du riz pr\u00eat \u00e0 servir longtemps apr\u00e8s la fin de la cuisson. Utilisez-le \u00e9galement comme cuit-vapeur! Le panier cuit-vapeur inclus vous permet de pr\u00e9parer des plats sant\u00e9 avec des l\u00e9gumes, du poisson, etc. Le nettoyage est un jeu d\u2019enfant gr\u00e2ce au bol antiadh\u00e9sif et au couvercle en verre tremp\u00e9 lavables au lave-vaisselle. En outre, vous pouvez utiliser le cuiseur pour pr\u00e9parer des soupes, des rago\u00fbts et m\u00eame du gruau!     <\/div>\n<hr class=\"product-desc-divider\">\n<div style=\"coffe-prod-bullet-container\">\n<div class=\"coffee-product-50-left\">\n<img decoding=\"async\" src=\"\/wp-content\/uploads\/2025\/10\/RC506_Hero.jpg\">\n<\/div>\n<div class=\"coffee-product-50-right\">\n<p class=\"title-bold\"><span class=\"bullet-background-number\">1<\/span> Couvercle en verre tremp\u00e9<\/p>\n<p>Le couvercle en verre tremp\u00e9 vous permet de voir le riz pendant sa cuisson, une poign\u00e9e en plastique froide au toucher permettant de le retirer facilement.<\/p>\n<p class=\"title-bold\"><span class=\"bullet-background-number\">2<\/span> Panier cuit-vapeur<\/p>\n<p>Le panier cuit-vapeur inclus vous permet de pr\u00e9parer des plats sant\u00e9 avec des l\u00e9gumes, du poisson, etc.<\/p>\n<p class=\"title-bold\"><span class=\"bullet-background-number\">3<\/span> Bol antiadh\u00e9sif amovible<\/p>\n<p>Le bol de cuisson antiadh\u00e9sif est totalement amovible pour faciliter le lavage au lave-vaisselle.<\/p>\n<\/div>\n<\/div>\n","protected":false},"excerpt":{"rendered":"<ul>\n<li>Capacit\u00e9 de 6 tasses<\/li>\n<li>Maintien au chaud automatique<\/li>\n<li>Bol antiadh\u00e9sif amovible<\/li>\n<li>Bol et couvercle en verre lavables au lave-vaisselle<\/li>\n<li>Panier cuit-vapeur, tasse \u00e0 mesurer et cuill\u00e8re inclus<\/li>\n<li>Porte-couvercle int\u00e9gr\u00e9 au couvercle en verre tremp\u00e9<\/li>\n<li>.<\/li>\n<li>.<\/li>\n<li>.<\/li>\n<\/ul>\n","protected":false},"featured_media":858,"template":"","meta":[],"product_brand":[],"product_cat":[83],"product_tag":[],"class_list":{"0":"post-1231","1":"product","2":"type-product","3":"status-publish","4":"has-post-thumbnail","6":"product_cat-cuiseurs-a-riz-et-marmites-a-vapeur","7":"pa_color-blanc","8":"pa_volts-120-volts","9":"pa_warranty-limite-a-2-ans","10":"pa_wattage-300-w","12":"first","13":"instock","14":"shipping-taxable","15":"product-type-simple"},"_links":{"self":[{"href":"https:\/\/blackanddeckerappliances.ca\/fr\/wp-json\/wp\/v2\/product\/1231","targetHints":{"allow":["GET"]}}],"collection":[{"href":"https:\/\/blackanddeckerappliances.ca\/fr\/wp-json\/wp\/v2\/product"}],"about":[{"href":"https:\/\/blackanddeckerappliances.ca\/fr\/wp-json\/wp\/v2\/types\/product"}],"wp:featuredmedia":[{"embeddable":true,"href":"https:\/\/blackanddeckerappliances.ca\/fr\/wp-json\/wp\/v2\/media\/858"}],"wp:attachment":[{"href":"https:\/\/blackanddeckerappliances.ca\/fr\/wp-json\/wp\/v2\/media?parent=1231"}],"wp:term":[{"taxonomy":"product_brand","embeddable":true,"href":"https:\/\/blackanddeckerappliances.ca\/fr\/wp-json\/wp\/v2\/product_brand?post=1231"},{"taxonomy":"product_cat","embeddable":true,"href":"https:\/\/blackanddeckerappliances.ca\/fr\/wp-json\/wp\/v2\/product_cat?post=1231"},{"taxonomy":"product_tag","embeddable":true,"href":"https:\/\/blackanddeckerappliances.ca\/fr\/wp-json\/wp\/v2\/product_tag?post=1231"}],"curies":[{"name":"wp","href":"https:\/\/api.w.org\/{rel}","templated":true}]}}