{"id":1223,"date":"2025-10-13T00:31:38","date_gmt":"2025-10-13T00:31:38","guid":{"rendered":"https:\/\/staging.blackanddeckerappliances.ca\/product\/cuiseur-a-riz-de-16-tasses\/"},"modified":"2025-10-13T00:31:38","modified_gmt":"2025-10-13T00:31:38","slug":"cuiseur-a-riz-de-16-tasses","status":"publish","type":"product","link":"https:\/\/blackanddeckerappliances.ca\/fr\/produit\/cuiseur-a-riz-de-16-tasses\/","title":{"rendered":"Cuiseur \u00e0 riz de 16 tasses"},"content":{"rendered":"<div>Le cuiseur \u00e0 riz de 16 tasses BLACK+DECKERMD facilite la pr\u00e9paration de riz et d\u2019autres aliments pour les soupers en famille ou les grandes r\u00e9unions entre amis. Le bol de cuisson antiadh\u00e9sif et amovible offre une grande capacit\u00e9 pour le riz et les grains, les soupes et les rago\u00fbts, ou m\u00eame le gruau et les p\u00e2tes. Le panier cuit-vapeur inclus augmente les possibilit\u00e9s de pr\u00e9parer des repas sant\u00e9 de poisson, l\u00e9gumes, etc. En outre, le bol de cuisson, le couvercle en verre tremp\u00e9 et les accessoires inclus sont pratiques, car ils sont tous lavables au lave-vaisselle.     <\/div>\n<hr class=\"product-desc-divider\">\n<div style=\"coffe-prod-bullet-container\">\n<div class=\"coffee-product-50-left\">\n<img decoding=\"async\" src=\"\/wp-content\/uploads\/2025\/10\/RC506_Hero.jpg\">\n<\/div>\n<div class=\"coffee-product-50-right\">\n<p class=\"title-bold\"><span class=\"bullet-background-number\">1<\/span> Couvercle en verre tremp\u00e9<\/p>\n<p>Le couvercle en verre tremp\u00e9 vous permet de voir le riz pendant sa cuisson, une poign\u00e9e en plastique froide au toucher permettant de le retirer facilement.<\/p>\n<p class=\"title-bold\"><span class=\"bullet-background-number\">2<\/span> Panier cuit-vapeur<\/p>\n<p>Le panier cuit-vapeur inclus vous permet de pr\u00e9parer des plats sant\u00e9 avec des l\u00e9gumes, du poisson, etc.<\/p>\n<p class=\"title-bold\"><span class=\"bullet-background-number\">3<\/span> Bol antiadh\u00e9sif amovible<\/p>\n<p>Le bol de cuisson antiadh\u00e9sif est totalement amovible pour faciliter le lavage au lave-vaisselle.<\/p>\n<\/div>\n<\/div>\n","protected":false},"excerpt":{"rendered":"<ul>\n<li>Capacit\u00e9 de 16 tasses<\/li>\n<li>Maintien au chaud automatique<\/li>\n<li>Bol antiadh\u00e9sif amovible<\/li>\n<li>Bol et couvercle en verre lavables au lave-vaisselle<\/li>\n<li>Panier cuit-vapeur, tasse \u00e0 mesurer et cuill\u00e8re inclus<\/li>\n<li>Couvercle en verre tremp\u00e9<\/li>\n<li>.<\/li>\n<li>.<\/li>\n<li>.<\/li>\n<\/ul>\n<div style=\"font-weight:700;margin-top:20px;\">Manuel d\u2019utilisation et d\u2019entretien<\/div>\n<p>\n<a href=\"\/wp-content\/uploads\/2025\/10\/RC516-Use-And-Care-Manual.pdf\">RC516 Use And Care Manual<\/a> (pdf 607KB)<\/p>\n","protected":false},"featured_media":865,"template":"","meta":[],"product_brand":[],"product_cat":[83],"product_tag":[],"class_list":{"0":"post-1223","1":"product","2":"type-product","3":"status-publish","4":"has-post-thumbnail","6":"product_cat-cuiseurs-a-riz-et-marmites-a-vapeur","7":"pa_color-blanc","8":"pa_volts-120-volts","9":"pa_warranty-limite-a-2-ans","10":"pa_wattage-500-w","12":"first","13":"instock","14":"shipping-taxable","15":"product-type-simple"},"_links":{"self":[{"href":"https:\/\/blackanddeckerappliances.ca\/fr\/wp-json\/wp\/v2\/product\/1223","targetHints":{"allow":["GET"]}}],"collection":[{"href":"https:\/\/blackanddeckerappliances.ca\/fr\/wp-json\/wp\/v2\/product"}],"about":[{"href":"https:\/\/blackanddeckerappliances.ca\/fr\/wp-json\/wp\/v2\/types\/product"}],"wp:featuredmedia":[{"embeddable":true,"href":"https:\/\/blackanddeckerappliances.ca\/fr\/wp-json\/wp\/v2\/media\/865"}],"wp:attachment":[{"href":"https:\/\/blackanddeckerappliances.ca\/fr\/wp-json\/wp\/v2\/media?parent=1223"}],"wp:term":[{"taxonomy":"product_brand","embeddable":true,"href":"https:\/\/blackanddeckerappliances.ca\/fr\/wp-json\/wp\/v2\/product_brand?post=1223"},{"taxonomy":"product_cat","embeddable":true,"href":"https:\/\/blackanddeckerappliances.ca\/fr\/wp-json\/wp\/v2\/product_cat?post=1223"},{"taxonomy":"product_tag","embeddable":true,"href":"https:\/\/blackanddeckerappliances.ca\/fr\/wp-json\/wp\/v2\/product_tag?post=1223"}],"curies":[{"name":"wp","href":"https:\/\/api.w.org\/{rel}","templated":true}]}}