{"id":1220,"date":"2025-10-13T00:17:16","date_gmt":"2025-10-13T00:17:16","guid":{"rendered":"https:\/\/staging.blackanddeckerappliances.ca\/product\/machine-a-pain-de-3-lb\/"},"modified":"2025-10-13T00:17:16","modified_gmt":"2025-10-13T00:17:16","slug":"machine-a-pain-de-3-lb","status":"publish","type":"product","link":"https:\/\/blackanddeckerappliances.ca\/fr\/produit\/machine-a-pain-de-3-lb\/","title":{"rendered":"Machine \u00e0 pain de 3 lb"},"content":{"rendered":"<p>BLACK+DECKERMD simplifie le processus de cuisson. La machine \u00e0 pain de 3 lb est facile \u00e0 utiliser gr\u00e2ce \u00e0 l\u2019afficheur num\u00e9rique et \u00e0 10 r\u00e9glages pr\u00e9programm\u00e9s. Vous pouvez choisir la taille de vos pains, 2,0, 2,5 et 3,0 lb, ainsi que la teinte de cro\u00fbte que vous souhaitez, p\u00e2le, normale, fonc\u00e9e. Le retardateur de cuisson de 13 heures permet de garantir que chaque miche produite sera cuite \u00e0 point et au bon moment. Gr\u00e2ce \u00e0 la plaque de cuisson et \u00e0 la palette de p\u00e9trissage antiadh\u00e9sives, le nettoyage est un jeu d\u2019enfant. En outre, le livret de recettes inclus offre un grand nombre de d\u00e9licieuses recettes que toute la famille adorera.       <\/p>\n","protected":false},"excerpt":{"rendered":"<ul>\n<li>R\u00e9glage de cuisson rapide : des r\u00e9sultats d\u00e9licieux, rapides!<\/li>\n<li>Retardateur de 13 heures : fabriquez votre pain quand vous le souhaitez<\/li>\n<li>10 modes pr\u00e9programm\u00e9s : pain aux grains entiers, pain sucr\u00e9, fougasse, etc.<\/li>\n<li>3 tailles de miche : 2,0, 2,5 et 3,0 lb<\/li>\n<li>Plaque horizontale antiadh\u00e9sive : pour les miches de forme traditionnelle<\/li>\n<\/ul>\n<div style=\"font-weight:700;margin-top:20px;\">Manuel d\u2019utilisation et d\u2019entretien<\/div>\n<p>\n<a href=\"\/wp-content\/uploads\/2025\/10\/B2300-Use-Care-Manual.pdf\">B2300 Use Care Manual<\/a> (pdf 1.1MB)<\/p>\n","protected":false},"featured_media":854,"template":"","meta":[],"product_brand":[],"product_cat":[80],"product_tag":[],"class_list":{"0":"post-1220","1":"product","2":"type-product","3":"status-publish","4":"has-post-thumbnail","6":"product_cat-machines-a-pain","7":"pa_color-blanc","8":"pa_volts-120-volts","9":"pa_warranty-limite-a-2-ans","10":"pa_wattage-800-watts","12":"first","13":"instock","14":"shipping-taxable","15":"product-type-simple"},"_links":{"self":[{"href":"https:\/\/blackanddeckerappliances.ca\/fr\/wp-json\/wp\/v2\/product\/1220","targetHints":{"allow":["GET"]}}],"collection":[{"href":"https:\/\/blackanddeckerappliances.ca\/fr\/wp-json\/wp\/v2\/product"}],"about":[{"href":"https:\/\/blackanddeckerappliances.ca\/fr\/wp-json\/wp\/v2\/types\/product"}],"wp:featuredmedia":[{"embeddable":true,"href":"https:\/\/blackanddeckerappliances.ca\/fr\/wp-json\/wp\/v2\/media\/854"}],"wp:attachment":[{"href":"https:\/\/blackanddeckerappliances.ca\/fr\/wp-json\/wp\/v2\/media?parent=1220"}],"wp:term":[{"taxonomy":"product_brand","embeddable":true,"href":"https:\/\/blackanddeckerappliances.ca\/fr\/wp-json\/wp\/v2\/product_brand?post=1220"},{"taxonomy":"product_cat","embeddable":true,"href":"https:\/\/blackanddeckerappliances.ca\/fr\/wp-json\/wp\/v2\/product_cat?post=1220"},{"taxonomy":"product_tag","embeddable":true,"href":"https:\/\/blackanddeckerappliances.ca\/fr\/wp-json\/wp\/v2\/product_tag?post=1220"}],"curies":[{"name":"wp","href":"https:\/\/api.w.org\/{rel}","templated":true}]}}