{"id":1216,"date":"2025-10-13T00:05:12","date_gmt":"2025-10-13T00:05:12","guid":{"rendered":"https:\/\/staging.blackanddeckerappliances.ca\/product\/plaque-chauffante-electrique-avec-sonde-de-temperature-amovible\/"},"modified":"2025-10-13T00:05:12","modified_gmt":"2025-10-13T00:05:12","slug":"plaque-chauffante-electrique-avec-sonde-de-temperature-amovible","status":"publish","type":"product","link":"https:\/\/blackanddeckerappliances.ca\/fr\/produit\/plaque-chauffante-electrique-avec-sonde-de-temperature-amovible\/","title":{"rendered":"Plaque chauffante \u00e9lectrique avec sonde de temp\u00e9rature amovible"},"content":{"rendered":"<div>La plaque chauffante \u00e9lectrique familiale BLACK+DECKERMD associe un chauffage rapide et uniforme \u00e0 des contr\u00f4les de temp\u00e9rature variables, ce qui facilite la cr\u00e9ation de tous vos plats favoris pour le d\u00e9jeuner, du bacon aux \u0153ufs en passant par les cr\u00eapes am\u00e9ricaines et les pommes de terre rissol\u00e9es. La sonde de temp\u00e9rature passe de \u00abgarde au chaud\u00bb \u00e0 400 \u00b0 F et elle est amovible pour vous permettre de plonger la plaque chauffante dans de l\u2019eau. De plus, la grande surface antiadh\u00e9sive et le ramasse-gouttes coulissant facilitent le nettoyage.\n<\/div>\n<hr class=\"product-desc-divider\">\n<div style=\"coffe-prod-bullet-container\">\n<div class=\"coffee-product-50-left\">\n<img decoding=\"async\" src=\"\/wp-content\/uploads\/2025\/10\/GD1810BC_Main_Images_prd1.jpg\">\n<\/div>\n<div class=\"coffee-product-50-right\">\n<p class=\"title-bold\"><span class=\"bullet-background-number\">1<\/span> Surface de cuisson antiadh\u00e9sive<\/p>\n<p>La surface de cuisson antiadh\u00e9sive durable permet une cuisson facile et un nettoyage rapide. <\/p>\n<p class=\"title-bold\"><span class=\"bullet-background-number\">2<\/span> Froides au Toucher<\/p>\n<p>D\u00e9placez la plaque chauffante en toute s\u00e9curit\u00e9 \u00e0 l\u2019aide des poign\u00e9es froides. <\/p>\n<p class=\"title-bold\"><span class=\"bullet-background-number\">3<\/span> Sonde de contr\u00f4le de temp\u00e9rature r\u00e9glable<\/p>\n<p>La sonde amovible comporte un bouton de temp\u00e9rature r\u00e9glable, fournissant la chaleur id\u00e9ale pour chaque t\u00e2che de cuisson. <\/p>\n<\/div>\n<\/div>\n","protected":false},"excerpt":{"rendered":"<ul>\n<li>Tr\u00e8s grande capacit\u00e9 (18 po x 10 po)<\/li>\n<li>Surface de cuisson antiadh\u00e9sive<\/li>\n<li>Sonde de contr\u00f4le de temp\u00e9rature r\u00e9glable<\/li>\n<li>Ramasse-gouttes amovible<\/li>\n<li>froides au toucher<\/li>\n<\/ul>\n<div style=\"font-weight:700;margin-top:20px;\">Manuel d\u2019utilisation et d\u2019entretien<\/div>\n<p>\n<a href=\"\/wp-content\/uploads\/2025\/10\/GD1810BC-Use-Care-Manual.pdf\">GD1810BC Use Care Manual<\/a> (pdf 139KB)<\/p>\n","protected":false},"featured_media":840,"template":"","meta":[],"product_brand":[],"product_cat":[82],"product_tag":[],"class_list":{"0":"post-1216","1":"product","2":"type-product","3":"status-publish","4":"has-post-thumbnail","6":"product_cat-plaques-chauffantes-poelons","7":"pa_color-noir","8":"pa_volts-120-volts","9":"pa_warranty-limite-a-2-ans","10":"pa_wattage-1440-watts","12":"first","13":"instock","14":"shipping-taxable","15":"product-type-simple"},"_links":{"self":[{"href":"https:\/\/blackanddeckerappliances.ca\/fr\/wp-json\/wp\/v2\/product\/1216","targetHints":{"allow":["GET"]}}],"collection":[{"href":"https:\/\/blackanddeckerappliances.ca\/fr\/wp-json\/wp\/v2\/product"}],"about":[{"href":"https:\/\/blackanddeckerappliances.ca\/fr\/wp-json\/wp\/v2\/types\/product"}],"wp:featuredmedia":[{"embeddable":true,"href":"https:\/\/blackanddeckerappliances.ca\/fr\/wp-json\/wp\/v2\/media\/840"}],"wp:attachment":[{"href":"https:\/\/blackanddeckerappliances.ca\/fr\/wp-json\/wp\/v2\/media?parent=1216"}],"wp:term":[{"taxonomy":"product_brand","embeddable":true,"href":"https:\/\/blackanddeckerappliances.ca\/fr\/wp-json\/wp\/v2\/product_brand?post=1216"},{"taxonomy":"product_cat","embeddable":true,"href":"https:\/\/blackanddeckerappliances.ca\/fr\/wp-json\/wp\/v2\/product_cat?post=1216"},{"taxonomy":"product_tag","embeddable":true,"href":"https:\/\/blackanddeckerappliances.ca\/fr\/wp-json\/wp\/v2\/product_tag?post=1216"}],"curies":[{"name":"wp","href":"https:\/\/api.w.org\/{rel}","templated":true}]}}