{"id":1212,"date":"2025-10-13T00:11:03","date_gmt":"2025-10-13T00:11:03","guid":{"rendered":"https:\/\/staging.blackanddeckerappliances.ca\/product\/plaque-a-griller-electrique-de-taille-familiale-avec-plateau-chauffant-noir\/"},"modified":"2025-10-13T00:11:03","modified_gmt":"2025-10-13T00:11:03","slug":"plaque-a-griller-electrique-de-taille-familiale-avec-plateau-chauffant-noir","status":"publish","type":"product","link":"https:\/\/blackanddeckerappliances.ca\/fr\/produit\/plaque-a-griller-electrique-de-taille-familiale-avec-plateau-chauffant-noir\/","title":{"rendered":"Plaque \u00e0 griller \u00e9lectrique de taille familiale avec plateau chauffant, Noir"},"content":{"rendered":"<div>La plaque chauffante \u00e9lectrique de format familial BLACK+DECKERMD allie un chauffage rapide et uniforme \u00e0 un r\u00e9glage de la temp\u00e9rature, ce qui vous facilitera la t\u00e2che pour pr\u00e9parer vos d\u00e9jeuners favoris, que ce soit du bacon et des \u0153ufs, des cr\u00eapes ou des paillassons de pommes de terre. Ce nouveau mod\u00e8le de plaque chauffante est fourni avec un chauffe-plat int\u00e9gr\u00e9 qui vous permet de maintenir au chaud les aliments cuits pendant que vous finissez votre pr\u00e9paration. Tout est servi ensemble \u00e0 une temp\u00e9rature parfaite. En outre, gr\u00e2ce \u00e0 sa grande surface antiadh\u00e9sive et son ramasse-gouttes coulissant, le nettoyage de la plaque est un jeu d\u2019enfant. <\/div>\n<hr class=\"product-desc-divider\">\n<div style=\"coffe-prod-bullet-container\">\n<div class=\"coffee-product-50-left\">\n<img decoding=\"async\" src=\"\/wp-content\/uploads\/2025\/10\/GD2011B.jpg\">\n<\/div>\n<div class=\"coffee-product-50-right\">\n<p class=\"title-bold\"><span class=\"bullet-background-number\">1<\/span> Surface de cuisson antiadh\u00e9sive<\/p>\n<p>La surface de cuisson antiadh\u00e9sive durable permet une cuisson facile et un nettoyage rapide.<\/p>\n<p class=\"title-bold\"><span class=\"bullet-background-number\">2<\/span> Poign\u00e9es Cool-Touch (toucher froid)<\/p>\n<p>D\u00e9placez la plaque en toute s\u00e9curit\u00e9 \u00e0 l&rsquo;aide des c\u00f4t\u00e9s et des poign\u00e9es \u00e0 toucher froid.<\/p>\n<p class=\"title-bold\"><span class=\"bullet-background-number\">3<\/span> Contr\u00f4le de la temp\u00e9rature r\u00e9glable<\/p>\n<p>Stabilit\u00e9 et assurance de parvenir \u00e0 la bonne temp\u00e9rature. La commande de temp\u00e9rature r\u00e9glable se verrouille facilement en place. <\/p>\n<\/div>\n<\/div>\n","protected":false},"excerpt":{"rendered":"<ul>\n<li>Taille familiale &#8211; Zone de cuisson de 8 portions (10 po x 20 po)<\/li>\n<li>Surface de cuisson antiadh\u00e9sive<\/li>\n<li>Thermostat cliquer-verrouiller avec temp\u00e9rature r\u00e9glable<\/li>\n<li>Base enti\u00e8rement immergeable (lorsque la sonde est retir\u00e9e) &#8211; Nettoyage facile<\/li>\n<li>Plateau d&rsquo;\u00e9gouttage amovible &#8211; \u00c9vacuation des graisses<\/li>\n<\/ul>\n<div style=\"font-weight:700;margin-top:20px;\">Manuel d\u2019utilisation et d\u2019entretien<\/div>\n<p>\n<a href=\"\/wp-content\/uploads\/2025\/10\/GD2011B-Use-and-Care-Manual.pdf\">GD2011B Use and Care Manual<\/a> (pdf 242KB)<\/p>\n","protected":false},"featured_media":846,"template":"","meta":[],"product_brand":[],"product_cat":[82],"product_tag":[],"class_list":{"0":"post-1212","1":"product","2":"type-product","3":"status-publish","4":"has-post-thumbnail","6":"product_cat-plaques-chauffantes-poelons","7":"pa_color-noir","8":"pa_warranty-limite-a-2-ans","10":"first","11":"instock","12":"shipping-taxable","13":"product-type-simple"},"_links":{"self":[{"href":"https:\/\/blackanddeckerappliances.ca\/fr\/wp-json\/wp\/v2\/product\/1212","targetHints":{"allow":["GET"]}}],"collection":[{"href":"https:\/\/blackanddeckerappliances.ca\/fr\/wp-json\/wp\/v2\/product"}],"about":[{"href":"https:\/\/blackanddeckerappliances.ca\/fr\/wp-json\/wp\/v2\/types\/product"}],"wp:featuredmedia":[{"embeddable":true,"href":"https:\/\/blackanddeckerappliances.ca\/fr\/wp-json\/wp\/v2\/media\/846"}],"wp:attachment":[{"href":"https:\/\/blackanddeckerappliances.ca\/fr\/wp-json\/wp\/v2\/media?parent=1212"}],"wp:term":[{"taxonomy":"product_brand","embeddable":true,"href":"https:\/\/blackanddeckerappliances.ca\/fr\/wp-json\/wp\/v2\/product_brand?post=1212"},{"taxonomy":"product_cat","embeddable":true,"href":"https:\/\/blackanddeckerappliances.ca\/fr\/wp-json\/wp\/v2\/product_cat?post=1212"},{"taxonomy":"product_tag","embeddable":true,"href":"https:\/\/blackanddeckerappliances.ca\/fr\/wp-json\/wp\/v2\/product_tag?post=1212"}],"curies":[{"name":"wp","href":"https:\/\/api.w.org\/{rel}","templated":true}]}}