{"id":1195,"date":"2025-10-12T23:47:23","date_gmt":"2025-10-12T23:47:23","guid":{"rendered":"https:\/\/staging.blackanddeckerappliances.ca\/product\/grille-pain-de-2-tranches\/"},"modified":"2025-10-12T23:47:23","modified_gmt":"2025-10-12T23:47:23","slug":"grille-pain-de-2-tranches","status":"publish","type":"product","link":"https:\/\/blackanddeckerappliances.ca\/fr\/produit\/grille-pain-de-2-tranches\/","title":{"rendered":"Grille-pain de 2 tranches"},"content":{"rendered":"<div>Le grille-pain de 2 tranches TR2900SSD BLACK+DECKERMD se r\u00e8gle facilement et offre des r\u00e9sultats rapides. Vous pouvez griller tous les types de pains, gaufres et p\u00e2tisseries, frais ou directement sortis du cong\u00e9lateur, gr\u00e2ce \u00e0 des r\u00e9glages faciles \u00e0 utiliser pour les modes baguel et congel\u00e9. En outre, les fentes ultra larges permettent de griller des tranches \u00e9paisses de pain fantaisie et des baguels, la pr\u00e9sentation ultra haute des r\u00f4ties chaudes permettant de les saisir facilement. Le fini en acier inoxydable bross\u00e9 est superbe sur n\u2019importe quel comptoir de cuisine.   <\/div>\n<hr class=\"product-desc-divider\">\n<div style=\"coffe-prod-bullet-container\">\n<div class=\"coffee-product-50-left\">\n<img decoding=\"async\" src=\"\/wp-content\/uploads\/2025\/10\/TR2900SSD_Hero.jpg\">\n<\/div>\n<div class=\"coffee-product-50-right\">\n<p class=\"title-bold\"><span class=\"bullet-background-number\">1Trois modes<\/span><\/p>\n<p>Les touches \u00e0 effleurement permettent d\u2019activer facilement les modes baguel, congel\u00e9 ou annulation.<\/p>\n<p class=\"title-bold\"><span class=\"bullet-background-number\">2<\/span> Fentes ultra larges<\/p>\n<p>Rendez croustillants \u00e0 souhait les baguels, les tranches de pain \u00e9paisses, etc. Les fentes ultra larges accommodent tous les types de g\u00e2teries grill\u00e9es. <\/p>\n<p class=\"title-bold\"><span class=\"bullet-background-number\">3<\/span> 7 r\u00e9glages de brunissage<\/p>\n<p>Choisissez l\u2019un des sept r\u00e9glages de minuterie \u00e0 l\u2019aide du bouton de s\u00e9lection facile \u00e0 utiliser.<\/p>\n<\/div>\n<\/div>\n","protected":false},"excerpt":{"rendered":"<ul>\n<li>Trois modes<\/li>\n<li>Fentes ultra larges<\/li>\n<li>Pr\u00e9sentation ultra haute des r\u00f4ties chaudes<\/li>\n<li>7 r\u00e9glages de brunissage<\/li>\n<li>Tiroir-ramasse-miettes<\/li>\n<li>Fini en acier inoxydable bross\u00e9<\/li>\n<\/ul>\n<div style=\"font-weight:700;margin-top:20px;\">Manuel d\u2019utilisation et d\u2019entretien<\/div>\n<p>\n<a href=\"\/wp-content\/uploads\/2025\/10\/TR2900SSD-Use-and-Care-Manual.pdf\">TR2900SSD Use and Care Manual<\/a> (pdf 396KB)<br \/>\n<a href=\"\/wp-content\/uploads\/2025\/10\/Chemical-Disclosure-Statement-25.pdf\">Chemical Disclosure Statement<\/a> (pdf 99.7KB)<\/p>\n","protected":false},"featured_media":814,"template":"","meta":[],"product_brand":[],"product_cat":[84],"product_tag":[],"class_list":{"0":"post-1195","1":"product","2":"type-product","3":"status-publish","4":"has-post-thumbnail","6":"product_cat-grille-pain","7":"pa_color-argent","8":"pa_slices-146","9":"pa_volts-120-volts","10":"pa_warranty-limite-a-2-ans","11":"pa_wattage-850-watts","13":"first","14":"instock","15":"shipping-taxable","16":"product-type-simple"},"_links":{"self":[{"href":"https:\/\/blackanddeckerappliances.ca\/fr\/wp-json\/wp\/v2\/product\/1195","targetHints":{"allow":["GET"]}}],"collection":[{"href":"https:\/\/blackanddeckerappliances.ca\/fr\/wp-json\/wp\/v2\/product"}],"about":[{"href":"https:\/\/blackanddeckerappliances.ca\/fr\/wp-json\/wp\/v2\/types\/product"}],"wp:featuredmedia":[{"embeddable":true,"href":"https:\/\/blackanddeckerappliances.ca\/fr\/wp-json\/wp\/v2\/media\/814"}],"wp:attachment":[{"href":"https:\/\/blackanddeckerappliances.ca\/fr\/wp-json\/wp\/v2\/media?parent=1195"}],"wp:term":[{"taxonomy":"product_brand","embeddable":true,"href":"https:\/\/blackanddeckerappliances.ca\/fr\/wp-json\/wp\/v2\/product_brand?post=1195"},{"taxonomy":"product_cat","embeddable":true,"href":"https:\/\/blackanddeckerappliances.ca\/fr\/wp-json\/wp\/v2\/product_cat?post=1195"},{"taxonomy":"product_tag","embeddable":true,"href":"https:\/\/blackanddeckerappliances.ca\/fr\/wp-json\/wp\/v2\/product_tag?post=1195"}],"curies":[{"name":"wp","href":"https:\/\/api.w.org\/{rel}","templated":true}]}}