{"id":1187,"date":"2025-10-12T23:33:15","date_gmt":"2025-10-12T23:33:15","guid":{"rendered":"https:\/\/staging.blackanddeckerappliances.ca\/product\/grille-pain-4-tranches-avec-fentes-extra-larges-nid-dabeille-blanc\/"},"modified":"2025-10-12T23:33:15","modified_gmt":"2025-10-12T23:33:15","slug":"grille-pain-4-tranches-avec-fentes-extra-larges-nid-dabeille-blanc","status":"publish","type":"product","link":"https:\/\/blackanddeckerappliances.ca\/fr\/produit\/grille-pain-4-tranches-avec-fentes-extra-larges-nid-dabeille-blanc\/","title":{"rendered":"Grille-pain 4 tranches avec fentes extra larges, nid d&rsquo;abeille blanc"},"content":{"rendered":"<div>Fabriqu\u00e9 pour votre cuisine. Le grille-pain 4 couches BLACK+DECKERMD fait partie de la collection Honeycomb avec une finition textur\u00e9e haut de gamme et des accents en acier inoxydable qui compl\u00e8teront l&rsquo;esth\u00e9tique de votre cuisine. Il apporte des performances de toasting fiables avec des fentes extra-larges pour s&rsquo;adapter aux bagels \u00e9pais et au pain, des leviers \u00e0 \u00e9l\u00e9vation \u00e9lev\u00e9e pour enlever en toute s\u00e9curit\u00e9 les toasts chauds, et des boutons ind\u00e9pendants de s\u00e9lection d&rsquo;ombres allant de 1 \u00e0 7. Les fonctions one-touch pour un bagel, d\u00e9congeler et annuler vont ajuster ou mettre fin au toasting pour des r\u00e9sultats id\u00e9aux. De plus, les bacs \u00e0 miettes extractibles permettent de garder le grille-pain propre \u00e0 l&rsquo;int\u00e9rieur.    <\/div>\n<hr class=\"product-desc-divider\">\n<div style=\"coffe-prod-bullet-container\">\n<div class=\"coffee-product-50-left\">\n<img decoding=\"async\" src=\"\/wp-content\/uploads\/2025\/10\/TR1450WD_BD_Extended_TR1450WD_Hero.jpg\">\n<\/div>\n<div class=\"coffee-product-50-right\">\n<p class=\"title-bold\"><span class=\"bullet-background-number\">1<\/span> Fentes extra larges<\/p>\n<p>Sacs pour toast et pain artisanal \u00e9pais. Les fentes extra larges permettent une grande vari\u00e9t\u00e9 de pains, avec des guides de centrage automatique qui s&rsquo;adaptent \u00e0 n&rsquo;importe quelle \u00e9paisseur. <\/p>\n<p class=\"title-bold\"><span class=\"bullet-background-number\">2<\/span> Boutons One-Touch<\/p>\n<p>Boutons en une seule touche pour les fonctions Bagel, D\u00e9givrage et Annuler.<\/p>\n<p class=\"title-bold\"><span class=\"bullet-background-number\">3<\/span> S\u00e9lecteur d&rsquo;ombres Toast<\/p>\n<p>Avec des options chronom\u00e9tr\u00e9es allant de 1 \u00e0 7, vous pouvez griller du pain, des bagels et des gaufres pour les pr\u00e9f\u00e9rences de chacun.<\/p>\n<\/div>\n<\/div>\n<div class=\"coffe-prod-bullet-container product-feature-background product-feature-width-100\">\n<div class=\"prod-feature-text\">\n<p class=\"title-bold title-upper\">Ascenseur suppl\u00e9mentaire<\/p>\n<p>Le levier prolong\u00e9 offre un lift, ce qui facilite la r\u00e9cup\u00e9ration de vos friandises tout en restant loin de la chaleur.<\/p>\n<\/div>\n<div class=\"prod-feature-img\">\n<img decoding=\"async\" class=\"prod-feature-image\" src=\"\/wp-content\/uploads\/2025\/10\/TR1450WD_BD_Extended_SupFeat_1_ExtraLift.jpg\">\n<\/div>\n<\/div>\n<div class=\"coffe-prod-bullet-container product-feature-background product-feature-width-100\">\n<div class=\"prod-feature-img-2\">\n<img decoding=\"async\" class=\"prod-feature-image\" src=\"\/wp-content\/uploads\/2025\/10\/TR1450WD_BD_Extended_SupFeat_2_PullOutCrumbTray.jpg\">\n<\/div>\n<div class=\"prod-feature-text-2\">\n<div>\n<p style=\"margin-bottom:15px;\"><b>Bac \u00e0 miettes extractible<\/b><\/p>\n<p>Gardez le grille-pain et le plan de travail bien rang\u00e9s avec les bacs \u00e0 miettes.<\/div>\n<\/div>\n<\/div>\n<div class=\"coffe-prod-bullet-container product-feature-background product-feature-width-100\">\n<div class=\"prod-feature-text\">\n<p class=\"title-bold title-upper\">Enveloppement de cordon<\/p>\n<p>Gardez le cordon s\u00e9curis\u00e9 pour un rangement rapide et facile.<\/p>\n<\/div>\n<div class=\"prod-feature-img\">\n<img decoding=\"async\" class=\"prod-feature-image\" src=\"\/wp-content\/uploads\/2025\/10\/TR1450WD_BD_Extended_SupFeat_3_CordWrap.jpg\">\n<\/div>\n<\/div>\n","protected":false},"excerpt":{"rendered":"<ul>\n<li>Finition textur\u00e9e de qualit\u00e9 sup\u00e9rieure &#8211; La collection Honeycomb conf\u00e8re un aspect \u00e9l\u00e9gant \u00e0 votre cuisine<\/li>\n<li>Quatre fentes extra-larges &#8211; pour les bagels et le pain artisanal<\/li>\n<li>Guides auto-centreurs &#8211; Maintiennent le pain dans la position de grillage parfaite<\/li>\n<li>S\u00e9lecteur de teintes &#8211; Choisissez parmi sept teintes grill\u00e9es \u00e0 l&rsquo;aide de simples boutons<\/li>\n<li>Boutons \u00e0 touche unique : bagel, d\u00e9cong\u00e9lation et annulation sur chaque c\u00f4t\u00e9 du grille-pain<\/li>\n<\/ul>\n","protected":false},"featured_media":800,"template":"","meta":[],"product_brand":[],"product_cat":[84],"product_tag":[],"class_list":{"0":"post-1187","1":"product","2":"type-product","3":"status-publish","4":"has-post-thumbnail","6":"product_cat-grille-pain","7":"pa_color-blanc","8":"pa_slices-145","10":"first","11":"instock","12":"shipping-taxable","13":"product-type-simple"},"_links":{"self":[{"href":"https:\/\/blackanddeckerappliances.ca\/fr\/wp-json\/wp\/v2\/product\/1187","targetHints":{"allow":["GET"]}}],"collection":[{"href":"https:\/\/blackanddeckerappliances.ca\/fr\/wp-json\/wp\/v2\/product"}],"about":[{"href":"https:\/\/blackanddeckerappliances.ca\/fr\/wp-json\/wp\/v2\/types\/product"}],"wp:featuredmedia":[{"embeddable":true,"href":"https:\/\/blackanddeckerappliances.ca\/fr\/wp-json\/wp\/v2\/media\/800"}],"wp:attachment":[{"href":"https:\/\/blackanddeckerappliances.ca\/fr\/wp-json\/wp\/v2\/media?parent=1187"}],"wp:term":[{"taxonomy":"product_brand","embeddable":true,"href":"https:\/\/blackanddeckerappliances.ca\/fr\/wp-json\/wp\/v2\/product_brand?post=1187"},{"taxonomy":"product_cat","embeddable":true,"href":"https:\/\/blackanddeckerappliances.ca\/fr\/wp-json\/wp\/v2\/product_cat?post=1187"},{"taxonomy":"product_tag","embeddable":true,"href":"https:\/\/blackanddeckerappliances.ca\/fr\/wp-json\/wp\/v2\/product_tag?post=1187"}],"curies":[{"name":"wp","href":"https:\/\/api.w.org\/{rel}","templated":true}]}}