{"id":275,"date":"2025-10-01T14:48:16","date_gmt":"2025-10-01T14:48:16","guid":{"rendered":"https:\/\/staging.blackanddeckerappliances.ca\/ou-acheter\/"},"modified":"2025-10-18T23:55:43","modified_gmt":"2025-10-18T23:55:43","slug":"ou-acheter","status":"publish","type":"page","link":"https:\/\/blackanddeckerappliances.ca\/fr\/ou-acheter\/","title":{"rendered":"O\u00f9 Acheter"},"content":{"rendered":"\t\t<div data-elementor-type=\"wp-page\" data-elementor-id=\"275\" class=\"elementor elementor-275 elementor-123\" data-elementor-post-type=\"page\">\n\t\t\t\t<div class=\"elementor-element elementor-element-cb330b1 e-flex e-con-boxed e-con e-parent\" data-id=\"cb330b1\" data-element_type=\"container\">\n\t\t\t\t\t<div class=\"e-con-inner\">\n\t\t\t\t<div class=\"elementor-element elementor-element-4aaa747 elementor-widget elementor-widget-text-editor\" data-id=\"4aaa747\" data-element_type=\"widget\" data-widget_type=\"text-editor.default\">\n\t\t\t\t\t\t\t\t\t<h1 style=\"font-size:2.5rem;\">Achetez Black+Decker maintenant\u00ae Now<\/h1>\t\t\t\t\t\t\t\t<\/div>\n\t\t\t\t\t<\/div>\n\t\t\t\t<\/div>\n\t\t<div class=\"elementor-element elementor-element-0bb7090 e-flex e-con-boxed e-con e-parent\" data-id=\"0bb7090\" data-element_type=\"container\">\n\t\t\t\t\t<div class=\"e-con-inner\">\n\t\t\t\t<div class=\"elementor-element elementor-element-83772da elementor-widget elementor-widget-text-editor\" data-id=\"83772da\" data-element_type=\"widget\" data-widget_type=\"text-editor.default\">\n\t\t\t\t\t\t\t\t\t<p>Obtenez les produits black+decker de votre d\u00e9taillant en ligne pr\u00e9f\u00e9r\u00e9 d\u00e8s aujourd&rsquo;hui:<\/p>\t\t\t\t\t\t\t\t<\/div>\n\t\t\t\t\t<\/div>\n\t\t\t\t<\/div>\n\t\t<div class=\"elementor-element elementor-element-9cd7609 e-flex e-con-boxed e-con e-parent\" data-id=\"9cd7609\" data-element_type=\"container\">\n\t\t\t\t\t<div class=\"e-con-inner\">\n\t\t<div class=\"elementor-element elementor-element-b59c825 e-con-full e-flex e-con e-child\" data-id=\"b59c825\" data-element_type=\"container\">\n\t\t\t\t<div class=\"elementor-element elementor-element-78ccda7 elementor-widget elementor-widget-image\" data-id=\"78ccda7\" data-element_type=\"widget\" data-widget_type=\"image.default\">\n\t\t\t\t\t\t\t\t\t\t\t\t\t\t\t<img fetchpriority=\"high\" decoding=\"async\" width=\"800\" height=\"189\" src=\"https:\/\/blackanddeckerappliances.ca\/wp-content\/uploads\/2025\/10\/Walmart_logo_2008.webp\" class=\"attachment-large size-large wp-image-323\" alt=\"\" srcset=\"https:\/\/blackanddeckerappliances.ca\/wp-content\/uploads\/2025\/10\/Walmart_logo_2008.webp 1000w, https:\/\/blackanddeckerappliances.ca\/wp-content\/uploads\/2025\/10\/Walmart_logo_2008-300x71.webp 300w, https:\/\/blackanddeckerappliances.ca\/wp-content\/uploads\/2025\/10\/Walmart_logo_2008-768x181.webp 768w, https:\/\/blackanddeckerappliances.ca\/wp-content\/uploads\/2025\/10\/Walmart_logo_2008-600x142.webp 600w\" sizes=\"(max-width: 800px) 100vw, 800px\" \/>\t\t\t\t\t\t\t\t\t\t\t\t\t\t\t<\/div>\n\t\t\t\t<div class=\"elementor-element elementor-element-cac50ca elementor-align-center elementor-widget elementor-widget-button\" data-id=\"cac50ca\" data-element_type=\"widget\" data-widget_type=\"button.default\">\n\t\t\t\t\t\t\t\t\t\t<a class=\"elementor-button elementor-button-link elementor-size-sm\" href=\"https:\/\/www.walmart.ca\/search?q=black+decker+kitchen&#038;cstrackid=0ca6c323-82e0-4c1d-b59c-357288e5fc70&#038;cmpid=AF_CA_3166276_1&#038;utm_source=rakuten&#038;utm_medium=affiliate&#038;utm_campaign=always_on&#038;utm_content=10&#038;utm_id=AF_CA_3166276_1&#038;siteID=0fT3wBnEvfQ-znhZMgzWVAV9mxXkXmKVrQ&#038;wmlspartner=0fT3wBnEvfQ\">\n\t\t\t\t\t\t<span class=\"elementor-button-content-wrapper\">\n\t\t\t\t\t\t\t\t\t<span class=\"elementor-button-text\">MAGASINER LES \u00c9LECTROM\u00c9NAGERS DE CUISINE<\/span>\n\t\t\t\t\t<\/span>\n\t\t\t\t\t<\/a>\n\t\t\t\t\t\t\t\t<\/div>\n\t\t\t\t<div class=\"elementor-element elementor-element-024d710 elementor-align-center elementor-widget elementor-widget-button\" data-id=\"024d710\" data-element_type=\"widget\" data-widget_type=\"button.default\">\n\t\t\t\t\t\t\t\t\t\t<a class=\"elementor-button elementor-button-link elementor-size-sm\" href=\"https:\/\/click.channelsight.com\/c\/1a25f687-c85a-4f2a-9e64-b2c18172d67d\/2537edfd-72df-486f-b81c-f1fc9fceeae8\/274117eb-21fe-4df1-9c7b-3cbd732d2939\/en-CA\/?csi_bannerid=utm-medium%3Dwebsite_utm-source%3Dother_utm-campaign%3DBlack+and+Decker+Canada_utm-content%3DLanding+page&#038;csi_utm_campaign=Black+and+Decker+Canada&#038;csi_utm_content=Landing+page&#038;csi_utm_medium=website&#038;csi_utm_source=other&#038;csi_cscampaignid=1173\">\n\t\t\t\t\t\t<span class=\"elementor-button-content-wrapper\">\n\t\t\t\t\t\t\t\t\t<span class=\"elementor-button-text\">MAGASINEZ LES FERS \u00c0 REPASSER ET LES D\u00c9FROISSEURS<\/span>\n\t\t\t\t\t<\/span>\n\t\t\t\t\t<\/a>\n\t\t\t\t\t\t\t\t<\/div>\n\t\t\t\t<\/div>\n\t\t<div class=\"elementor-element elementor-element-f5b015b e-con-full e-flex e-con e-child\" data-id=\"f5b015b\" data-element_type=\"container\">\n\t\t\t\t<div class=\"elementor-element elementor-element-c624e15 elementor-widget elementor-widget-image\" data-id=\"c624e15\" data-element_type=\"widget\" data-widget_type=\"image.default\">\n\t\t\t\t\t\t\t\t\t\t\t\t\t\t\t<img decoding=\"async\" width=\"800\" height=\"173\" src=\"https:\/\/blackanddeckerappliances.ca\/wp-content\/uploads\/2025\/10\/canadian-tire-logo.webp\" class=\"attachment-large size-large wp-image-324\" alt=\"\" srcset=\"https:\/\/blackanddeckerappliances.ca\/wp-content\/uploads\/2025\/10\/canadian-tire-logo.webp 1000w, https:\/\/blackanddeckerappliances.ca\/wp-content\/uploads\/2025\/10\/canadian-tire-logo-300x65.webp 300w, https:\/\/blackanddeckerappliances.ca\/wp-content\/uploads\/2025\/10\/canadian-tire-logo-768x166.webp 768w, https:\/\/blackanddeckerappliances.ca\/wp-content\/uploads\/2025\/10\/canadian-tire-logo-600x130.webp 600w\" sizes=\"(max-width: 800px) 100vw, 800px\" \/>\t\t\t\t\t\t\t\t\t\t\t\t\t\t\t<\/div>\n\t\t\t\t<div class=\"elementor-element elementor-element-4db59f2 elementor-align-center elementor-widget elementor-widget-button\" data-id=\"4db59f2\" data-element_type=\"widget\" data-widget_type=\"button.default\">\n\t\t\t\t\t\t\t\t\t\t<a class=\"elementor-button elementor-button-link elementor-size-sm\" href=\"https:\/\/www.canadiantire.ca\/en\/search-results.html?q=black%20decker%20kitchen&#038;irclickid=QiVxcQ0o%3AxyNU%3Abx1xW5C1TZUkD16SVT3Xr-xo0&#038;irgwc=1&#038;utm_source=impact&#038;utm_medium=affiliate&#038;utm_term=842367&#038;id=impact_ChannelSight%28USD%29_2481278&#038;utm_campaign=ChannelSight%28USD%29&#038;utm_content=2481278\">\n\t\t\t\t\t\t<span class=\"elementor-button-content-wrapper\">\n\t\t\t\t\t\t\t\t\t<span class=\"elementor-button-text\">MAGASINER LES \u00c9LECTROM\u00c9NAGERS DE CUISINE<\/span>\n\t\t\t\t\t<\/span>\n\t\t\t\t\t<\/a>\n\t\t\t\t\t\t\t\t<\/div>\n\t\t\t\t<div class=\"elementor-element elementor-element-0377465 elementor-align-center elementor-widget elementor-widget-button\" data-id=\"0377465\" data-element_type=\"widget\" data-widget_type=\"button.default\">\n\t\t\t\t\t\t\t\t\t\t<a class=\"elementor-button elementor-button-link elementor-size-sm\" href=\"https:\/\/www.canadiantire.ca\/en\/search-results.html?q=black%20decker%20iron&#038;irclickid=QiVxcQ0o%3AxyNU%3Abx1xW5C1TZUkD16k3q3Xr-xo0&#038;irgwc=1&#038;utm_source=impact&#038;utm_medium=affiliate&#038;utm_term=842367&#038;id=impact_ChannelSight%28USD%29_2481278&#038;utm_campaign=ChannelSight%28USD%29&#038;utm_content=2481278\">\n\t\t\t\t\t\t<span class=\"elementor-button-content-wrapper\">\n\t\t\t\t\t\t\t\t\t<span class=\"elementor-button-text\">MAGASINEZ LES FERS \u00c0 REPASSER ET LES D\u00c9FROISSEURS<\/span>\n\t\t\t\t\t<\/span>\n\t\t\t\t\t<\/a>\n\t\t\t\t\t\t\t\t<\/div>\n\t\t\t\t<\/div>\n\t\t<div class=\"elementor-element elementor-element-192ad8b e-con-full e-flex e-con e-child\" data-id=\"192ad8b\" data-element_type=\"container\">\n\t\t\t\t<div class=\"elementor-element elementor-element-bd24ed7 elementor-widget elementor-widget-image\" data-id=\"bd24ed7\" data-element_type=\"widget\" data-widget_type=\"image.default\">\n\t\t\t\t\t\t\t\t\t\t\t\t\t\t\t<img decoding=\"async\" width=\"800\" height=\"242\" src=\"https:\/\/blackanddeckerappliances.ca\/wp-content\/uploads\/2025\/10\/Amazon_logo.svg.webp\" class=\"attachment-large size-large wp-image-325\" alt=\"\" srcset=\"https:\/\/blackanddeckerappliances.ca\/wp-content\/uploads\/2025\/10\/Amazon_logo.svg.webp 1000w, https:\/\/blackanddeckerappliances.ca\/wp-content\/uploads\/2025\/10\/Amazon_logo.svg-300x91.webp 300w, https:\/\/blackanddeckerappliances.ca\/wp-content\/uploads\/2025\/10\/Amazon_logo.svg-768x233.webp 768w, https:\/\/blackanddeckerappliances.ca\/wp-content\/uploads\/2025\/10\/Amazon_logo.svg-600x182.webp 600w\" sizes=\"(max-width: 800px) 100vw, 800px\" \/>\t\t\t\t\t\t\t\t\t\t\t\t\t\t\t<\/div>\n\t\t\t\t<div class=\"elementor-element elementor-element-a9c1cf4 elementor-align-center elementor-widget elementor-widget-button\" data-id=\"a9c1cf4\" data-element_type=\"widget\" data-widget_type=\"button.default\">\n\t\t\t\t\t\t\t\t\t\t<a class=\"elementor-button elementor-button-link elementor-size-sm\" href=\"https:\/\/www.amazon.ca\/stores\/node\/23748660011\/?language=en_CA&#038;cstrackid=cc6bfb0d-423a-4654-a876-741a77bc525c&#038;tag=spectrumcsca02-20\">\n\t\t\t\t\t\t<span class=\"elementor-button-content-wrapper\">\n\t\t\t\t\t\t\t\t\t<span class=\"elementor-button-text\">MAGASINER LES \u00c9LECTROM\u00c9NAGERS DE CUISINE<\/span>\n\t\t\t\t\t<\/span>\n\t\t\t\t\t<\/a>\n\t\t\t\t\t\t\t\t<\/div>\n\t\t\t\t<div class=\"elementor-element elementor-element-5ea9a69 elementor-align-center elementor-widget elementor-widget-button\" data-id=\"5ea9a69\" data-element_type=\"widget\" data-widget_type=\"button.default\">\n\t\t\t\t\t\t\t\t\t\t<a class=\"elementor-button elementor-button-link elementor-size-sm\" href=\"https:\/\/www.amazon.ca\/stores\/page\/76EF64B0-CDAD-49B2-B03F-308724CAC12A\/?language=en_CA&#038;cstrackid=f4e8ceb8-8436-4221-9034-d29b0e719d05&#038;tag=spectrumcsca01-20\">\n\t\t\t\t\t\t<span class=\"elementor-button-content-wrapper\">\n\t\t\t\t\t\t\t\t\t<span class=\"elementor-button-text\">MAGASINEZ LES FERS \u00c0 REPASSER ET LES D\u00c9FROISSEURS<\/span>\n\t\t\t\t\t<\/span>\n\t\t\t\t\t<\/a>\n\t\t\t\t\t\t\t\t<\/div>\n\t\t\t\t<\/div>\n\t\t\t\t\t<\/div>\n\t\t\t\t<\/div>\n\t\t\t\t<\/div>\n\t\t","protected":false},"excerpt":{"rendered":"<p>Achetez Black+Decker maintenant\u00ae Now Obtenez les produits black+decker de votre d\u00e9taillant en ligne pr\u00e9f\u00e9r\u00e9 d\u00e8s aujourd&rsquo;hui: MAGASINER LES \u00c9LECTROM\u00c9NAGERS DE CUISINE MAGASINEZ LES FERS \u00c0 REPASSER ET LES D\u00c9FROISSEURS MAGASINER LES \u00c9LECTROM\u00c9NAGERS DE CUISINE MAGASINEZ LES FERS \u00c0 REPASSER ET LES D\u00c9FROISSEURS MAGASINER LES \u00c9LECTROM\u00c9NAGERS DE CUISINE MAGASINEZ LES FERS \u00c0 REPASSER ET LES D\u00c9FROISSEURS<\/p>\n","protected":false},"author":1,"featured_media":0,"parent":0,"menu_order":0,"comment_status":"closed","ping_status":"closed","template":"","meta":{"footnotes":""},"class_list":["post-275","page","type-page","status-publish","hentry"],"_links":{"self":[{"href":"https:\/\/blackanddeckerappliances.ca\/fr\/wp-json\/wp\/v2\/pages\/275","targetHints":{"allow":["GET"]}}],"collection":[{"href":"https:\/\/blackanddeckerappliances.ca\/fr\/wp-json\/wp\/v2\/pages"}],"about":[{"href":"https:\/\/blackanddeckerappliances.ca\/fr\/wp-json\/wp\/v2\/types\/page"}],"author":[{"embeddable":true,"href":"https:\/\/blackanddeckerappliances.ca\/fr\/wp-json\/wp\/v2\/users\/1"}],"replies":[{"embeddable":true,"href":"https:\/\/blackanddeckerappliances.ca\/fr\/wp-json\/wp\/v2\/comments?post=275"}],"version-history":[{"count":3,"href":"https:\/\/blackanddeckerappliances.ca\/fr\/wp-json\/wp\/v2\/pages\/275\/revisions"}],"predecessor-version":[{"id":1416,"href":"https:\/\/blackanddeckerappliances.ca\/fr\/wp-json\/wp\/v2\/pages\/275\/revisions\/1416"}],"wp:attachment":[{"href":"https:\/\/blackanddeckerappliances.ca\/fr\/wp-json\/wp\/v2\/media?parent=275"}],"curies":[{"name":"wp","href":"https:\/\/api.w.org\/{rel}","templated":true}]}}