{"id":273,"date":"2025-10-01T14:49:16","date_gmt":"2025-10-01T14:49:16","guid":{"rendered":"https:\/\/staging.blackanddeckerappliances.ca\/assistance\/"},"modified":"2025-10-19T00:06:27","modified_gmt":"2025-10-19T00:06:27","slug":"assistance","status":"publish","type":"page","link":"https:\/\/blackanddeckerappliances.ca\/fr\/assistance\/","title":{"rendered":"Assistance"},"content":{"rendered":"\t\t<div data-elementor-type=\"wp-page\" data-elementor-id=\"273\" class=\"elementor elementor-273 elementor-128\" data-elementor-post-type=\"page\">\n\t\t\t\t<div class=\"elementor-element elementor-element-297cc22 e-con-full e-flex e-con e-parent\" data-id=\"297cc22\" data-element_type=\"container\">\n\t\t\t\t<div class=\"elementor-element elementor-element-2d74436 elementor-widget elementor-widget-image\" data-id=\"2d74436\" data-element_type=\"widget\" data-widget_type=\"image.default\">\n\t\t\t\t\t\t\t\t\t\t\t\t\t\t\t<img fetchpriority=\"high\" decoding=\"async\" width=\"1600\" height=\"417\" src=\"https:\/\/blackanddeckerappliances.ca\/wp-content\/uploads\/2025\/10\/Support.jpg\" class=\"attachment-full size-full wp-image-1417\" alt=\"\" srcset=\"https:\/\/blackanddeckerappliances.ca\/wp-content\/uploads\/2025\/10\/Support.jpg 1600w, https:\/\/blackanddeckerappliances.ca\/wp-content\/uploads\/2025\/10\/Support-300x78.jpg 300w, https:\/\/blackanddeckerappliances.ca\/wp-content\/uploads\/2025\/10\/Support-1024x267.jpg 1024w, https:\/\/blackanddeckerappliances.ca\/wp-content\/uploads\/2025\/10\/Support-768x200.jpg 768w, https:\/\/blackanddeckerappliances.ca\/wp-content\/uploads\/2025\/10\/Support-1536x400.jpg 1536w, https:\/\/blackanddeckerappliances.ca\/wp-content\/uploads\/2025\/10\/Support-600x156.jpg 600w\" sizes=\"(max-width: 1600px) 100vw, 1600px\" \/>\t\t\t\t\t\t\t\t\t\t\t\t\t\t\t<\/div>\n\t\t\t\t<\/div>\n\t\t<div class=\"elementor-element elementor-element-18fe49a e-flex e-con-boxed e-con e-parent\" data-id=\"18fe49a\" data-element_type=\"container\">\n\t\t\t\t\t<div class=\"e-con-inner\">\n\t\t\t\t<div class=\"elementor-element elementor-element-7c3ce43 elementor-widget elementor-widget-text-editor\" data-id=\"7c3ce43\" data-element_type=\"widget\" data-widget_type=\"text-editor.default\">\n\t\t\t\t\t\t\t\t\t<h2 style=\"font-size:2.5rem;\">Services \u00e0 la client\u00e8le<\/h2>\t\t\t\t\t\t\t\t<\/div>\n\t\t\t\t<div class=\"elementor-element elementor-element-2f1a58a elementor-widget elementor-widget-text-editor\" data-id=\"2f1a58a\" data-element_type=\"widget\" data-widget_type=\"text-editor.default\">\n\t\t\t\t\t\t\t\t\t<h3 class=\"h2\">Des questions?<\/h3><h5>Assistance technique et garantie<\/h5><p>Devez-vous enregistrer votre produit, t\u00e9l\u00e9charger un nouveau manuel d\u2019utilisation ou parler avec un sp\u00e9cialiste en appareils m\u00e9nagers? Veuillez vous rendre sur la page : <a href=\"https:\/\/staging.blackanddeckerappliances.ca\/fr\/assistance-technique-et-garantie\/\">Assistance technique et garantie<\/a> <\/p>\t\t\t\t\t\t\t\t<\/div>\n\t\t\t\t<div class=\"elementor-element elementor-element-1595234 elementor-widget elementor-widget-text-editor\" data-id=\"1595234\" data-element_type=\"widget\" data-widget_type=\"text-editor.default\">\n\t\t\t\t\t\t\t\t\t<h3 class=\"h2\">Nous joindre<\/h3><p>Appeler le <a href=\"tel:1-800-465-6070\">1-800-465-6070<\/a><br>Notre \u00e9quipe d\u2019assistance technique est \u00e0 votre service : Lundi &#8211; vendredi | 7 h 30 \u2013 18 h &#8211; Heure normale du Centre<\/p><p>Pour les exp\u00e9ditions de colis et le courrier des \u00c9.-U. (lettres)<\/p><address class=\"vcard\">Consumer Support Center<div class=\"street-address\">23645 Mercantile Rd., Ste B<\/div><span class=\"locality\">Beachwood<\/span>, <abbr class=\"region\" title=\"Ohio\">OH<\/abbr> <span class=\"postal-code\">44122<\/span> <\/address>\t\t\t\t\t\t\t\t<\/div>\n\t\t\t\t\t<\/div>\n\t\t\t\t<\/div>\n\t\t\t\t<\/div>\n\t\t","protected":false},"excerpt":{"rendered":"<p>Services \u00e0 la client\u00e8le Des questions? Assistance technique et garantie Devez-vous enregistrer votre produit, t\u00e9l\u00e9charger un nouveau manuel d\u2019utilisation ou parler avec un sp\u00e9cialiste en appareils m\u00e9nagers? Veuillez vous rendre sur la page : Assistance technique et garantie Nous joindre Appeler le 1-800-465-6070Notre \u00e9quipe d\u2019assistance technique est \u00e0 votre service : Lundi &#8211; vendredi | [&hellip;]<\/p>\n","protected":false},"author":1,"featured_media":0,"parent":0,"menu_order":0,"comment_status":"closed","ping_status":"closed","template":"","meta":{"footnotes":""},"class_list":["post-273","page","type-page","status-publish","hentry"],"_links":{"self":[{"href":"https:\/\/blackanddeckerappliances.ca\/fr\/wp-json\/wp\/v2\/pages\/273","targetHints":{"allow":["GET"]}}],"collection":[{"href":"https:\/\/blackanddeckerappliances.ca\/fr\/wp-json\/wp\/v2\/pages"}],"about":[{"href":"https:\/\/blackanddeckerappliances.ca\/fr\/wp-json\/wp\/v2\/types\/page"}],"author":[{"embeddable":true,"href":"https:\/\/blackanddeckerappliances.ca\/fr\/wp-json\/wp\/v2\/users\/1"}],"replies":[{"embeddable":true,"href":"https:\/\/blackanddeckerappliances.ca\/fr\/wp-json\/wp\/v2\/comments?post=273"}],"version-history":[{"count":5,"href":"https:\/\/blackanddeckerappliances.ca\/fr\/wp-json\/wp\/v2\/pages\/273\/revisions"}],"predecessor-version":[{"id":1424,"href":"https:\/\/blackanddeckerappliances.ca\/fr\/wp-json\/wp\/v2\/pages\/273\/revisions\/1424"}],"wp:attachment":[{"href":"https:\/\/blackanddeckerappliances.ca\/fr\/wp-json\/wp\/v2\/media?parent=273"}],"curies":[{"name":"wp","href":"https:\/\/api.w.org\/{rel}","templated":true}]}}