{"id":1719,"date":"2025-11-13T00:39:02","date_gmt":"2025-11-13T00:39:02","guid":{"rendered":"https:\/\/blackanddeckerappliances.ca\/test\/"},"modified":"2026-04-22T15:44:09","modified_gmt":"2026-04-22T15:44:09","slug":"test","status":"publish","type":"page","link":"https:\/\/blackanddeckerappliances.ca\/fr\/test\/","title":{"rendered":"test"},"content":{"rendered":"\t\t<div data-elementor-type=\"wp-page\" data-elementor-id=\"1719\" class=\"elementor elementor-1719 elementor-1711\" data-elementor-post-type=\"page\">\n\t\t\t\t<div class=\"elementor-element elementor-element-28c11a4 e-flex e-con-boxed e-con e-parent\" data-id=\"28c11a4\" data-element_type=\"container\">\n\t\t\t\t\t<div class=\"e-con-inner\">\n\t\t\t\t<div class=\"elementor-element elementor-element-bdad5bd elementor-widget elementor-widget-image\" data-id=\"bdad5bd\" data-element_type=\"widget\" data-widget_type=\"image.default\">\n\t\t\t\t\t\t\t\t\t\t\t\t\t\t\t<img fetchpriority=\"high\" decoding=\"async\" width=\"768\" height=\"192\" src=\"https:\/\/blackanddeckerappliances.ca\/wp-content\/uploads\/2026\/04\/vacusteam-frent-title2-768x192.webp\" class=\"attachment-medium_large size-medium_large wp-image-1908\" alt=\"\" srcset=\"https:\/\/blackanddeckerappliances.ca\/wp-content\/uploads\/2026\/04\/vacusteam-frent-title2-768x192.webp 768w, https:\/\/blackanddeckerappliances.ca\/wp-content\/uploads\/2026\/04\/vacusteam-frent-title2-300x75.webp 300w, https:\/\/blackanddeckerappliances.ca\/wp-content\/uploads\/2026\/04\/vacusteam-frent-title2-600x150.webp 600w, https:\/\/blackanddeckerappliances.ca\/wp-content\/uploads\/2026\/04\/vacusteam-frent-title2.webp 800w\" sizes=\"(max-width: 768px) 100vw, 768px\" \/>\t\t\t\t\t\t\t\t\t\t\t\t\t\t\t<\/div>\n\t\t\t\t<div class=\"elementor-element elementor-element-329b3f3 elementor-widget elementor-widget-html\" data-id=\"329b3f3\" data-element_type=\"widget\" data-widget_type=\"html.default\">\n\t\t\t\t\t\r\n\r\n<div class=\"vacusteam-box2\">\r\nNotre technologie innovante maintient le tissu en place et combine vapeur et chaleur pour \u00e9liminer les plis sans effort.\r\n<\/div>\r\n\r\n\r\n<div class=\"vacusteam-box1\">\r\nUn d\u00e9froissement \u00e0 la vapeur plus intelligent, sans travailler plus fort. Voici toutes les fa\u00e7ons de tirer le meilleur parti de votre d\u00e9froisseur \u00e0 vapeur VacuSteam\u2122 \r\n<\/div>\r\n\r\n\r\n<div class=\"vacusteam-video\">\r\n\r\n<iframe src=\"https:\/\/www.youtube.com\/embed\/1f4F2GBP37E?si=yTkWseyeU1OBcDGk\" title=\"test\" frameborder=\"0\" allow=\"accelerometer; autoplay; clipboard-write; encrypted-media; gyroscope; picture-in-picture; web-share\" referrerpolicy=\"strict-origin-when-cross-origin\" allowfullscreen=\"\"><\/iframe>\r\n\r\n<\/div>\r\n\r\n\r\n<div class=\"vacusteam-box3\">\r\n\r\n<p style=\"font-weight:bold;\">CONSEILS ET ASTUCES<\/p>\r\n\r\n<p class=\"vacusteam-block-title\">NOTRE TECHNOLOGIE INNOVANTE VACUSTEAM\u2122<\/p>\r\n\r\n<p style=\"font-weight:500;line-height:1.4;\">Au revoir les plis et bonjour aspiration puissante \u2013 voici des conseils et astuces rapides pour utiliser le d\u00e9froisseur \u00e0 la vapeur VacuSteam\u2122 et faire dispara\u00eetre les plis avec facilit\u00e9. \u00c9limination des plis en un seul passage gr\u00e2ce \u00e0 la combinaison d\u2019aspiration, de chaleur et de vapeur. <\/p>\r\n\r\n<\/div>\r\n\r\n\r\n\r\n<div class=\"vacusteam-4-container\">\r\n\r\n<div class=\"vacusteam-4-container-single\">\r\n<img decoding=\"async\" src=\"\/wp-content\/uploads\/2026\/04\/GS0541_6582596_LP_Baked_Stone_1.webp\">\r\n<br>Les plis n\u2019ont aucune chance : 23 g de vapeur puissante pendant 7 minutes\r\n<\/div>\r\n<div class=\"vacusteam-4-container-single\">\r\n<img decoding=\"async\" src=\"\/wp-content\/uploads\/2026\/04\/GS0541_6582596_LP_Baked_Stone_2.webp\">\r\n<br>Choix de 3 r\u00e9glages faciles\r\n<\/div>\r\n<div class=\"vacusteam-4-container-single\">\r\n<img decoding=\"async\" src=\"\/wp-content\/uploads\/2026\/04\/GS0541_6582596_LP_Baked_Stone_3.webp\">\r\n<br>Les plis disparaissent en un seul passage vers le bas \u2014 gr\u00e2ce \u00e0 la puissance de la vapeur, \u00e0 l'aspiration et \u00e0 la pr\u00e9cision d'une surface chauffante en c\u00e9ramique.\r\n<\/div>\r\n<div class=\"vacusteam-4-container-single\">\r\n<img decoding=\"async\" src=\"\/wp-content\/uploads\/2026\/04\/GS0541_6582596_LP_Baked_Stone_4.webp\">\r\n<br>Brosse de nettoyage incluse pour faciliter l\u2019entretien du filtre.\r\n<\/div>\r\n\r\n<\/div>\r\n\r\n\r\n<div class=\"vacusteam-box4\">\r\n\r\n<p style=\"font-weight:500;\">Les tissus se transforment gr\u00e2ce \u00e0 la puissance de la vapeur et de l\u2019aspiration \u2013 nul besoin d\u2019utiliser une planche \u00e0 repasser \u2013 pour une allure et une maison fra\u00eeches et sans plis tous les jours, sans effort.<\/p>\r\n\r\n<\/div>\r\n\r\n\r\n\r\n\r\n\r\n<div class=\"vacusteam-4-container\">\r\n\r\n<div class=\"vacusteam-4-container-single\">\r\n<img decoding=\"async\" src=\"\/wp-content\/uploads\/2026\/04\/vacusteam-man-450.jpg\">\r\n<br>Votre \u00e9conomie de temps : d\u00e9froissement \u00e0 la vapeur 45 % plus rapide, pr\u00eat en 35 secondes.*<br>* Par rapport au HGS350 de B+D. \r\n<\/div>\r\n<div class=\"vacusteam-4-container-single\">\r\n<img decoding=\"async\" src=\"\/wp-content\/uploads\/2026\/04\/GS0541_6582596_LP_Baked_Stone_6.webp\">\r\n<br>Doux pour les tissus, dur pour les plis \u2013 utiliser le r\u00e9glage VacuSteam\u2122 Low (faible aspiration) pour les tissus les plus d\u00e9licats.\r\n<\/div>\r\n<div class=\"vacusteam-4-container-single\">\r\n<img decoding=\"async\" src=\"\/wp-content\/uploads\/2026\/04\/GS0541_6582596_LP_Baked_Stone_7.webp\">\r\n<br>Pour les plis tenaces, augmenter la puissance avec le r\u00e9glage VacuSteam\u2122 High (aspiration \u00e9lev\u00e9e), qui fait partie de notre syst\u00e8me \u00e0 3 r\u00e9glages convenant \u00e0 tous les tissus.\r\n<\/div>\r\n<div class=\"vacusteam-4-container-single\">\r\n<img decoding=\"async\" src=\"\/wp-content\/uploads\/2026\/04\/GS0541_6582596_LP_Baked_Stone_8.webp\">\r\n<br>Les tissus reprennent vie et votre maison para\u00eet encore plus confortable.\r\n<\/div>\r\n\r\n<\/div>\t\t\t\t<\/div>\n\t\t\t\t\t<\/div>\n\t\t\t\t<\/div>\n\t\t\t\t<\/div>\n\t\t","protected":false},"excerpt":{"rendered":"<p>Notre technologie innovante maintient le tissu en place et combine vapeur et chaleur pour \u00e9liminer les plis sans effort. Un d\u00e9froissement \u00e0 la vapeur plus intelligent, sans travailler plus fort. Voici toutes les fa\u00e7ons de tirer le meilleur parti de votre d\u00e9froisseur \u00e0 vapeur VacuSteam\u2122 CONSEILS ET ASTUCES NOTRE TECHNOLOGIE INNOVANTE VACUSTEAM\u2122 Au revoir les [&hellip;]<\/p>\n","protected":false},"author":1,"featured_media":0,"parent":0,"menu_order":0,"comment_status":"closed","ping_status":"closed","template":"","meta":{"footnotes":""},"class_list":["post-1719","page","type-page","status-publish","hentry"],"_links":{"self":[{"href":"https:\/\/blackanddeckerappliances.ca\/fr\/wp-json\/wp\/v2\/pages\/1719","targetHints":{"allow":["GET"]}}],"collection":[{"href":"https:\/\/blackanddeckerappliances.ca\/fr\/wp-json\/wp\/v2\/pages"}],"about":[{"href":"https:\/\/blackanddeckerappliances.ca\/fr\/wp-json\/wp\/v2\/types\/page"}],"author":[{"embeddable":true,"href":"https:\/\/blackanddeckerappliances.ca\/fr\/wp-json\/wp\/v2\/users\/1"}],"replies":[{"embeddable":true,"href":"https:\/\/blackanddeckerappliances.ca\/fr\/wp-json\/wp\/v2\/comments?post=1719"}],"version-history":[{"count":5,"href":"https:\/\/blackanddeckerappliances.ca\/fr\/wp-json\/wp\/v2\/pages\/1719\/revisions"}],"predecessor-version":[{"id":1925,"href":"https:\/\/blackanddeckerappliances.ca\/fr\/wp-json\/wp\/v2\/pages\/1719\/revisions\/1925"}],"wp:attachment":[{"href":"https:\/\/blackanddeckerappliances.ca\/fr\/wp-json\/wp\/v2\/media?parent=1719"}],"curies":[{"name":"wp","href":"https:\/\/api.w.org\/{rel}","templated":true}]}}