{"id":1452,"date":"2025-10-19T19:38:23","date_gmt":"2025-10-19T19:38:23","guid":{"rendered":"https:\/\/staging.blackanddeckerappliances.ca\/produits-3\/"},"modified":"2025-10-20T01:15:40","modified_gmt":"2025-10-20T01:15:40","slug":"produits-3","status":"publish","type":"page","link":"https:\/\/blackanddeckerappliances.ca\/fr\/produits-3\/","title":{"rendered":"Produits"},"content":{"rendered":"\t\t<div data-elementor-type=\"wp-page\" data-elementor-id=\"1452\" class=\"elementor elementor-1452 elementor-1449\" data-elementor-post-type=\"page\">\n\t\t\t\t<div class=\"elementor-element elementor-element-5b7aa2b e-con-full e-flex e-con e-parent\" data-id=\"5b7aa2b\" data-element_type=\"container\">\n\t\t\t\t<div class=\"elementor-element elementor-element-4ff3f08 elementor-widget elementor-widget-image\" data-id=\"4ff3f08\" data-element_type=\"widget\" data-widget_type=\"image.default\">\n\t\t\t\t\t\t\t\t\t\t\t\t\t\t\t<img fetchpriority=\"high\" decoding=\"async\" width=\"1536\" height=\"400\" src=\"https:\/\/blackanddeckerappliances.ca\/wp-content\/uploads\/2025\/10\/BDCookingAppliancesEnglish-1-1536x400-1.webp\" class=\"attachment-full size-full wp-image-1679\" alt=\"\" srcset=\"https:\/\/blackanddeckerappliances.ca\/wp-content\/uploads\/2025\/10\/BDCookingAppliancesEnglish-1-1536x400-1.webp 1536w, https:\/\/blackanddeckerappliances.ca\/wp-content\/uploads\/2025\/10\/BDCookingAppliancesEnglish-1-1536x400-1-300x78.webp 300w, https:\/\/blackanddeckerappliances.ca\/wp-content\/uploads\/2025\/10\/BDCookingAppliancesEnglish-1-1536x400-1-1024x267.webp 1024w, https:\/\/blackanddeckerappliances.ca\/wp-content\/uploads\/2025\/10\/BDCookingAppliancesEnglish-1-1536x400-1-768x200.webp 768w, https:\/\/blackanddeckerappliances.ca\/wp-content\/uploads\/2025\/10\/BDCookingAppliancesEnglish-1-1536x400-1-600x156.webp 600w\" sizes=\"(max-width: 1536px) 100vw, 1536px\" \/>\t\t\t\t\t\t\t\t\t\t\t\t\t\t\t<\/div>\n\t\t\t\t<\/div>\n\t\t<div class=\"elementor-element elementor-element-fc67ad7 e-flex e-con-boxed e-con e-parent\" data-id=\"fc67ad7\" data-element_type=\"container\">\n\t\t\t\t\t<div class=\"e-con-inner\">\n\t\t\t\t<div class=\"elementor-element elementor-element-e48fb46 elementor-widget elementor-widget-text-editor\" data-id=\"e48fb46\" data-element_type=\"widget\" data-widget_type=\"text-editor.default\">\n\t\t\t\t\t\t\t\t\t<h1 class=\"elementor-heading-title elementor-size-default\">APPAREILS DE CUISSON<\/h1>\t\t\t\t\t\t\t\t<\/div>\n\t\t<div class=\"elementor-element elementor-element-f249e5d e-con-full e-flex e-con e-child\" data-id=\"f249e5d\" data-element_type=\"container\">\n\t\t<div class=\"elementor-element elementor-element-36622c4 e-con-full e-flex e-con e-child\" data-id=\"36622c4\" data-element_type=\"container\">\n\t\t\t\t<div class=\"elementor-element elementor-element-5a9ccb3 elementor-align-center elementor-widget elementor-widget-button\" data-id=\"5a9ccb3\" data-element_type=\"widget\" data-widget_type=\"button.default\">\n\t\t\t\t\t\t\t\t\t\t<a class=\"elementor-button elementor-button-link elementor-size-sm\" href=\"https:\/\/staging.blackanddeckerappliances.ca\/fr\/products\/appareils-de-cuisson\/machines-a-pain\/\">\n\t\t\t\t\t\t<span class=\"elementor-button-content-wrapper\">\n\t\t\t\t\t\t\t\t\t<span class=\"elementor-button-text\">Machines \u00e0 pain<\/span>\n\t\t\t\t\t<\/span>\n\t\t\t\t\t<\/a>\n\t\t\t\t\t\t\t\t<\/div>\n\t\t\t\t<\/div>\n\t\t<div class=\"elementor-element elementor-element-e432db1 e-con-full e-flex e-con e-child\" data-id=\"e432db1\" data-element_type=\"container\">\n\t\t\t\t<div class=\"elementor-element elementor-element-afcdee2 elementor-align-center elementor-widget elementor-widget-button\" data-id=\"afcdee2\" data-element_type=\"widget\" data-widget_type=\"button.default\">\n\t\t\t\t\t\t\t\t\t\t<a class=\"elementor-button elementor-button-link elementor-size-sm\" href=\"https:\/\/staging.blackanddeckerappliances.ca\/fr\/products\/appareils-de-cuisson\/fours-a-convection-grille-pain\/\">\n\t\t\t\t\t\t<span class=\"elementor-button-content-wrapper\">\n\t\t\t\t\t\t\t\t\t<span class=\"elementor-button-text\">Fours \u00e0 convection\/grille-pain<\/span>\n\t\t\t\t\t<\/span>\n\t\t\t\t\t<\/a>\n\t\t\t\t\t\t\t\t<\/div>\n\t\t\t\t<\/div>\n\t\t<div class=\"elementor-element elementor-element-8cff3f8 e-con-full e-flex e-con e-child\" data-id=\"8cff3f8\" data-element_type=\"container\">\n\t\t\t\t<div class=\"elementor-element elementor-element-071aec4 elementor-align-center elementor-widget elementor-widget-button\" data-id=\"071aec4\" data-element_type=\"widget\" data-widget_type=\"button.default\">\n\t\t\t\t\t\t\t\t\t\t<a class=\"elementor-button elementor-button-link elementor-size-sm\" href=\"https:\/\/staging.blackanddeckerappliances.ca\/fr\/products\/appareils-de-cuisson\/plaques-chauffantes-poelons\/\">\n\t\t\t\t\t\t<span class=\"elementor-button-content-wrapper\">\n\t\t\t\t\t\t\t\t\t<span class=\"elementor-button-text\">Plaques chauffantes\/po\u00ealons<\/span>\n\t\t\t\t\t<\/span>\n\t\t\t\t\t<\/a>\n\t\t\t\t\t\t\t\t<\/div>\n\t\t\t\t<\/div>\n\t\t<div class=\"elementor-element elementor-element-658cc5d e-con-full e-flex e-con e-child\" data-id=\"658cc5d\" data-element_type=\"container\">\n\t\t\t\t<div class=\"elementor-element elementor-element-5a3b8e7 elementor-align-center elementor-widget elementor-widget-button\" data-id=\"5a3b8e7\" data-element_type=\"widget\" data-widget_type=\"button.default\">\n\t\t\t\t\t\t\t\t\t\t<a class=\"elementor-button elementor-button-link elementor-size-sm\" href=\"https:\/\/staging.blackanddeckerappliances.ca\/fr\/products\/appareils-de-cuisson\/cuiseurs-a-riz-et-marmites-a-vapeur\/\">\n\t\t\t\t\t\t<span class=\"elementor-button-content-wrapper\">\n\t\t\t\t\t\t\t\t\t<span class=\"elementor-button-text\">Cuiseurs \u00e0 riz et marmites \u00e0 vapeur<\/span>\n\t\t\t\t\t<\/span>\n\t\t\t\t\t<\/a>\n\t\t\t\t\t\t\t\t<\/div>\n\t\t\t\t<\/div>\n\t\t\t\t<\/div>\n\t\t<div class=\"elementor-element elementor-element-5243b8d e-con-full e-flex e-con e-child\" data-id=\"5243b8d\" data-element_type=\"container\">\n\t\t<div class=\"elementor-element elementor-element-85c95f1 e-con-full e-flex e-con e-child\" data-id=\"85c95f1\" data-element_type=\"container\">\n\t\t\t\t<div class=\"elementor-element elementor-element-32856fc elementor-align-center elementor-widget elementor-widget-button\" data-id=\"32856fc\" data-element_type=\"widget\" data-widget_type=\"button.default\">\n\t\t\t\t\t\t\t\t\t\t<a class=\"elementor-button elementor-button-link elementor-size-sm\" href=\"https:\/\/staging.blackanddeckerappliances.ca\/fr\/products\/appareils-de-cuisson\/grille-pain\/\">\n\t\t\t\t\t\t<span class=\"elementor-button-content-wrapper\">\n\t\t\t\t\t\t\t\t\t<span class=\"elementor-button-text\">Grille-pain<\/span>\n\t\t\t\t\t<\/span>\n\t\t\t\t\t<\/a>\n\t\t\t\t\t\t\t\t<\/div>\n\t\t\t\t<\/div>\n\t\t<div class=\"elementor-element elementor-element-b0da960 e-con-full e-flex e-con e-child\" data-id=\"b0da960\" data-element_type=\"container\">\n\t\t\t\t<div class=\"elementor-element elementor-element-17ec052 elementor-align-center elementor-widget elementor-widget-button\" data-id=\"17ec052\" data-element_type=\"widget\" data-widget_type=\"button.default\">\n\t\t\t\t\t\t\t\t\t\t<a class=\"elementor-button elementor-button-link elementor-size-sm\" href=\"https:\/\/staging.blackanddeckerappliances.ca\/fr\/products\/appareils-de-cuisson\/gaufriers\/\">\n\t\t\t\t\t\t<span class=\"elementor-button-content-wrapper\">\n\t\t\t\t\t\t\t\t\t<span class=\"elementor-button-text\">Gaufriers<\/span>\n\t\t\t\t\t<\/span>\n\t\t\t\t\t<\/a>\n\t\t\t\t\t\t\t\t<\/div>\n\t\t\t\t<\/div>\n\t\t<div class=\"elementor-element elementor-element-be6e2e3 e-con-full e-flex e-con e-child\" data-id=\"be6e2e3\" data-element_type=\"container\">\n\t\t\t\t<\/div>\n\t\t<div class=\"elementor-element elementor-element-eda5148 e-con-full e-flex e-con e-child\" data-id=\"eda5148\" data-element_type=\"container\">\n\t\t\t\t<\/div>\n\t\t\t\t<\/div>\n\t\t\t\t\t<\/div>\n\t\t\t\t<\/div>\n\t\t<div class=\"elementor-element elementor-element-0b07158 e-flex e-con-boxed e-con e-parent\" data-id=\"0b07158\" data-element_type=\"container\">\n\t\t\t\t\t<div class=\"e-con-inner\">\n\t\t\t\t<div class=\"elementor-element elementor-element-105b3a7 elementor-widget elementor-widget-text-editor\" data-id=\"105b3a7\" data-element_type=\"widget\" data-widget_type=\"text-editor.default\">\n\t\t\t\t\t\t\t\t\t<h1 class=\"elementor-heading-title elementor-size-default\">Pr\u00e9paration des aliments<\/h1>\t\t\t\t\t\t\t\t<\/div>\n\t\t<div class=\"elementor-element elementor-element-fdcc2a3 e-con-full e-flex e-con e-child\" data-id=\"fdcc2a3\" data-element_type=\"container\">\n\t\t<div class=\"elementor-element elementor-element-96ee3c2 e-con-full e-flex e-con e-child\" data-id=\"96ee3c2\" data-element_type=\"container\">\n\t\t\t\t<div class=\"elementor-element elementor-element-bce38fa elementor-align-center elementor-widget elementor-widget-button\" data-id=\"bce38fa\" data-element_type=\"widget\" data-widget_type=\"button.default\">\n\t\t\t\t\t\t\t\t\t\t<a class=\"elementor-button elementor-button-link elementor-size-sm\" href=\"https:\/\/staging.blackanddeckerappliances.ca\/fr\/products\/preparation-des-aliments\/hachoirs\/\">\n\t\t\t\t\t\t<span class=\"elementor-button-content-wrapper\">\n\t\t\t\t\t\t\t\t\t<span class=\"elementor-button-text\">Hachoirs<\/span>\n\t\t\t\t\t<\/span>\n\t\t\t\t\t<\/a>\n\t\t\t\t\t\t\t\t<\/div>\n\t\t\t\t<\/div>\n\t\t<div class=\"elementor-element elementor-element-3c5b202 e-con-full e-flex e-con e-child\" data-id=\"3c5b202\" data-element_type=\"container\">\n\t\t\t\t<div class=\"elementor-element elementor-element-2085954 elementor-align-center elementor-widget elementor-widget-button\" data-id=\"2085954\" data-element_type=\"widget\" data-widget_type=\"button.default\">\n\t\t\t\t\t\t\t\t\t\t<a class=\"elementor-button elementor-button-link elementor-size-sm\" href=\"https:\/\/staging.blackanddeckerappliances.ca\/fr\/products\/preparation-des-aliments\/couteaux-electriques\/\">\n\t\t\t\t\t\t<span class=\"elementor-button-content-wrapper\">\n\t\t\t\t\t\t\t\t\t<span class=\"elementor-button-text\">Couteaux \u00e9lectriques<\/span>\n\t\t\t\t\t<\/span>\n\t\t\t\t\t<\/a>\n\t\t\t\t\t\t\t\t<\/div>\n\t\t\t\t<\/div>\n\t\t<div class=\"elementor-element elementor-element-b0acb75 e-con-full e-flex e-con e-child\" data-id=\"b0acb75\" data-element_type=\"container\">\n\t\t\t\t<div class=\"elementor-element elementor-element-9400020 elementor-align-center elementor-widget elementor-widget-button\" data-id=\"9400020\" data-element_type=\"widget\" data-widget_type=\"button.default\">\n\t\t\t\t\t\t\t\t\t\t<a class=\"elementor-button elementor-button-link elementor-size-sm\" href=\"https:\/\/staging.blackanddeckerappliances.ca\/fr\/products\/preparation-des-aliments\/robot-culinaires\/\">\n\t\t\t\t\t\t<span class=\"elementor-button-content-wrapper\">\n\t\t\t\t\t\t\t\t\t<span class=\"elementor-button-text\">Robot Culinaires<\/span>\n\t\t\t\t\t<\/span>\n\t\t\t\t\t<\/a>\n\t\t\t\t\t\t\t\t<\/div>\n\t\t\t\t<\/div>\n\t\t<div class=\"elementor-element elementor-element-d4fe8be e-con-full e-flex e-con e-child\" data-id=\"d4fe8be\" data-element_type=\"container\">\n\t\t\t\t<div class=\"elementor-element elementor-element-098cd49 elementor-align-center elementor-widget elementor-widget-button\" data-id=\"098cd49\" data-element_type=\"widget\" data-widget_type=\"button.default\">\n\t\t\t\t\t\t\t\t\t\t<a class=\"elementor-button elementor-button-link elementor-size-sm\" href=\"https:\/\/staging.blackanddeckerappliances.ca\/fr\/products\/preparation-des-aliments\/batteurs\/\">\n\t\t\t\t\t\t<span class=\"elementor-button-content-wrapper\">\n\t\t\t\t\t\t\t\t\t<span class=\"elementor-button-text\">Batteurs<\/span>\n\t\t\t\t\t<\/span>\n\t\t\t\t\t<\/a>\n\t\t\t\t\t\t\t\t<\/div>\n\t\t\t\t<\/div>\n\t\t\t\t<\/div>\n\t\t\t\t\t<\/div>\n\t\t\t\t<\/div>\n\t\t<div class=\"elementor-element elementor-element-8e222aa e-flex e-con-boxed e-con e-parent\" data-id=\"8e222aa\" data-element_type=\"container\">\n\t\t\t\t\t<div class=\"e-con-inner\">\n\t\t\t\t<div class=\"elementor-element elementor-element-93a801f elementor-widget elementor-widget-text-editor\" data-id=\"93a801f\" data-element_type=\"widget\" data-widget_type=\"text-editor.default\">\n\t\t\t\t\t\t\t\t\t<h1 class=\"elementor-heading-title elementor-size-default\">Entretien des v\u00eatements<\/h1>\t\t\t\t\t\t\t\t<\/div>\n\t\t<div class=\"elementor-element elementor-element-75797c3 e-con-full e-flex e-con e-child\" data-id=\"75797c3\" data-element_type=\"container\">\n\t\t<div class=\"elementor-element elementor-element-acc68c6 e-con-full e-flex e-con e-child\" data-id=\"acc68c6\" data-element_type=\"container\">\n\t\t\t\t<div class=\"elementor-element elementor-element-1660979 elementor-align-center elementor-widget elementor-widget-button\" data-id=\"1660979\" data-element_type=\"widget\" data-widget_type=\"button.default\">\n\t\t\t\t\t\t\t\t\t\t<a class=\"elementor-button elementor-button-link elementor-size-sm\" href=\"https:\/\/staging.blackanddeckerappliances.ca\/fr\/products\/entretien-des-vetements\/fers-a-repasser-compacts\/\">\n\t\t\t\t\t\t<span class=\"elementor-button-content-wrapper\">\n\t\t\t\t\t\t\t\t\t<span class=\"elementor-button-text\">Fers \u00e0 repasser compacts<\/span>\n\t\t\t\t\t<\/span>\n\t\t\t\t\t<\/a>\n\t\t\t\t\t\t\t\t<\/div>\n\t\t\t\t<\/div>\n\t\t<div class=\"elementor-element elementor-element-c37f26f e-con-full e-flex e-con e-child\" data-id=\"c37f26f\" data-element_type=\"container\">\n\t\t\t\t<div class=\"elementor-element elementor-element-8197a0a elementor-align-center elementor-widget elementor-widget-button\" data-id=\"8197a0a\" data-element_type=\"widget\" data-widget_type=\"button.default\">\n\t\t\t\t\t\t\t\t\t\t<a class=\"elementor-button elementor-button-link elementor-size-sm\" href=\"https:\/\/staging.blackanddeckerappliances.ca\/fr\/products\/entretien-des-vetements\/presseurs-de-vetements-portatifs\/\">\n\t\t\t\t\t\t<span class=\"elementor-button-content-wrapper\">\n\t\t\t\t\t\t\t\t\t<span class=\"elementor-button-text\">Presseurs de v\u00eatements portatifs<\/span>\n\t\t\t\t\t<\/span>\n\t\t\t\t\t<\/a>\n\t\t\t\t\t\t\t\t<\/div>\n\t\t\t\t<\/div>\n\t\t<div class=\"elementor-element elementor-element-8984cb9 e-con-full e-flex e-con e-child\" data-id=\"8984cb9\" data-element_type=\"container\">\n\t\t\t\t<div class=\"elementor-element elementor-element-4992248 elementor-align-center elementor-widget elementor-widget-button\" data-id=\"4992248\" data-element_type=\"widget\" data-widget_type=\"button.default\">\n\t\t\t\t\t\t\t\t\t\t<a class=\"elementor-button elementor-button-link elementor-size-sm\" href=\"https:\/\/staging.blackanddeckerappliances.ca\/fr\/products\/entretien-des-vetements\/fers-a-repasser-professionnels\/\">\n\t\t\t\t\t\t<span class=\"elementor-button-content-wrapper\">\n\t\t\t\t\t\t\t\t\t<span class=\"elementor-button-text\">Fers \u00e0 repasser professionnels<\/span>\n\t\t\t\t\t<\/span>\n\t\t\t\t\t<\/a>\n\t\t\t\t\t\t\t\t<\/div>\n\t\t\t\t<\/div>\n\t\t<div class=\"elementor-element elementor-element-16da6fa e-con-full e-flex e-con e-child\" data-id=\"16da6fa\" data-element_type=\"container\">\n\t\t\t\t<\/div>\n\t\t\t\t<\/div>\n\t\t\t\t\t<\/div>\n\t\t\t\t<\/div>\n\t\t<div class=\"elementor-element elementor-element-5e118f3 e-flex e-con-boxed e-con e-parent\" data-id=\"5e118f3\" data-element_type=\"container\">\n\t\t\t\t\t<div class=\"e-con-inner\">\n\t\t\t\t<div class=\"elementor-element elementor-element-27b5da5 elementor-widget elementor-widget-text-editor\" data-id=\"27b5da5\" data-element_type=\"widget\" data-widget_type=\"text-editor.default\">\n\t\t\t\t\t\t\t\t\t<h1 class=\"elementor-heading-title elementor-size-default\">CAF\u00c9 ET TH\u00c9<\/h1>\t\t\t\t\t\t\t\t<\/div>\n\t\t<div class=\"elementor-element elementor-element-96806f2 e-con-full e-flex e-con e-child\" data-id=\"96806f2\" data-element_type=\"container\">\n\t\t<div class=\"elementor-element elementor-element-4644c59 e-con-full e-flex e-con e-child\" data-id=\"4644c59\" data-element_type=\"container\">\n\t\t\t\t<div class=\"elementor-element elementor-element-18db8b9 elementor-align-center elementor-widget elementor-widget-button\" data-id=\"18db8b9\" data-element_type=\"widget\" data-widget_type=\"button.default\">\n\t\t\t\t\t\t\t\t\t\t<a class=\"elementor-button elementor-button-link elementor-size-sm\" href=\"https:\/\/staging.blackanddeckerappliances.ca\/fr\/products\/cafe-et-the\/accessoires-de-cafe-et-de-the\/\">\n\t\t\t\t\t\t<span class=\"elementor-button-content-wrapper\">\n\t\t\t\t\t\t\t\t\t<span class=\"elementor-button-text\">Accessoires de caf\u00e9 et de th\u00e9<\/span>\n\t\t\t\t\t<\/span>\n\t\t\t\t\t<\/a>\n\t\t\t\t\t\t\t\t<\/div>\n\t\t\t\t<\/div>\n\t\t<div class=\"elementor-element elementor-element-455fa43 e-con-full e-flex e-con e-child\" data-id=\"455fa43\" data-element_type=\"container\">\n\t\t\t\t<div class=\"elementor-element elementor-element-2f31e4e elementor-align-center elementor-widget elementor-widget-button\" data-id=\"2f31e4e\" data-element_type=\"widget\" data-widget_type=\"button.default\">\n\t\t\t\t\t\t\t\t\t\t<a class=\"elementor-button elementor-button-link elementor-size-sm\" href=\"https:\/\/staging.blackanddeckerappliances.ca\/fr\/products\/cafe-et-the\/cafetieres\/\">\n\t\t\t\t\t\t<span class=\"elementor-button-content-wrapper\">\n\t\t\t\t\t\t\t\t\t<span class=\"elementor-button-text\">Cafeti\u00e8res<\/span>\n\t\t\t\t\t<\/span>\n\t\t\t\t\t<\/a>\n\t\t\t\t\t\t\t\t<\/div>\n\t\t\t\t<\/div>\n\t\t<div class=\"elementor-element elementor-element-61a0921 e-con-full e-flex e-con e-child\" data-id=\"61a0921\" data-element_type=\"container\">\n\t\t\t\t<div class=\"elementor-element elementor-element-cc2ca90 elementor-align-center elementor-widget elementor-widget-button\" data-id=\"cc2ca90\" data-element_type=\"widget\" data-widget_type=\"button.default\">\n\t\t\t\t\t\t\t\t\t\t<a class=\"elementor-button elementor-button-link elementor-size-sm\" href=\"https:\/\/staging.blackanddeckerappliances.ca\/fr\/products\/cafe-et-the\/bouilloires\/\">\n\t\t\t\t\t\t<span class=\"elementor-button-content-wrapper\">\n\t\t\t\t\t\t\t\t\t<span class=\"elementor-button-text\">Bouilloires<\/span>\n\t\t\t\t\t<\/span>\n\t\t\t\t\t<\/a>\n\t\t\t\t\t\t\t\t<\/div>\n\t\t\t\t<\/div>\n\t\t<div class=\"elementor-element elementor-element-9a2cde6 e-con-full e-flex e-con e-child\" data-id=\"9a2cde6\" data-element_type=\"container\">\n\t\t\t\t<\/div>\n\t\t\t\t<\/div>\n\t\t\t\t\t<\/div>\n\t\t\t\t<\/div>\n\t\t<div class=\"elementor-element elementor-element-c648e04 e-flex e-con-boxed e-con e-parent\" data-id=\"c648e04\" data-element_type=\"container\">\n\t\t\t\t\t<div class=\"e-con-inner\">\n\t\t\t\t<div class=\"elementor-element elementor-element-8c49fd1 elementor-widget elementor-widget-text-editor\" data-id=\"8c49fd1\" data-element_type=\"widget\" data-widget_type=\"text-editor.default\">\n\t\t\t\t\t\t\t\t\t<h1 class=\"elementor-heading-title elementor-size-default\">M\u00c9LANGEURS ET CENTRIFUGEUSES<\/h1>\t\t\t\t\t\t\t\t<\/div>\n\t\t<div class=\"elementor-element elementor-element-4911aa1 e-con-full e-flex e-con e-child\" data-id=\"4911aa1\" data-element_type=\"container\">\n\t\t<div class=\"elementor-element elementor-element-1958af7 e-con-full e-flex e-con e-child\" data-id=\"1958af7\" data-element_type=\"container\">\n\t\t\t\t<div class=\"elementor-element elementor-element-97a5bf8 elementor-align-center elementor-widget elementor-widget-button\" data-id=\"97a5bf8\" data-element_type=\"widget\" data-widget_type=\"button.default\">\n\t\t\t\t\t\t\t\t\t\t<a class=\"elementor-button elementor-button-link elementor-size-sm\" href=\"https:\/\/staging.blackanddeckerappliances.ca\/fr\/products\/melangeurs-et-centrifugeuses\/melangeurs-de-comptoir\/\">\n\t\t\t\t\t\t<span class=\"elementor-button-content-wrapper\">\n\t\t\t\t\t\t\t\t\t<span class=\"elementor-button-text\">M\u00e9langeurs de comptoir<\/span>\n\t\t\t\t\t<\/span>\n\t\t\t\t\t<\/a>\n\t\t\t\t\t\t\t\t<\/div>\n\t\t\t\t<\/div>\n\t\t<div class=\"elementor-element elementor-element-f14d14f e-con-full e-flex e-con e-child\" data-id=\"f14d14f\" data-element_type=\"container\">\n\t\t\t\t<div class=\"elementor-element elementor-element-ee55651 elementor-align-center elementor-widget elementor-widget-button\" data-id=\"ee55651\" data-element_type=\"widget\" data-widget_type=\"button.default\">\n\t\t\t\t\t\t\t\t\t\t<a class=\"elementor-button elementor-button-link elementor-size-sm\" href=\"https:\/\/staging.blackanddeckerappliances.ca\/fr\/products\/melangeurs-et-centrifugeuses\/melangeurs-powercrush\/\">\n\t\t\t\t\t\t<span class=\"elementor-button-content-wrapper\">\n\t\t\t\t\t\t\t\t\t<span class=\"elementor-button-text\">M\u00e9langeurs PowerCrush<\/span>\n\t\t\t\t\t<\/span>\n\t\t\t\t\t<\/a>\n\t\t\t\t\t\t\t\t<\/div>\n\t\t\t\t<\/div>\n\t\t<div class=\"elementor-element elementor-element-6e38bae e-con-full e-flex e-con e-child\" data-id=\"6e38bae\" data-element_type=\"container\">\n\t\t\t\t<\/div>\n\t\t<div class=\"elementor-element elementor-element-3d831f2 e-con-full e-flex e-con e-child\" data-id=\"3d831f2\" data-element_type=\"container\">\n\t\t\t\t<\/div>\n\t\t\t\t<\/div>\n\t\t\t\t\t<\/div>\n\t\t\t\t<\/div>\n\t\t\t\t<\/div>\n\t\t","protected":false},"excerpt":{"rendered":"<p>APPAREILS DE CUISSON Machines \u00e0 pain Fours \u00e0 convection\/grille-pain Plaques chauffantes\/po\u00ealons Cuiseurs \u00e0 riz et marmites \u00e0 vapeur Grille-pain Gaufriers Pr\u00e9paration des aliments Hachoirs Couteaux \u00e9lectriques Robot Culinaires Batteurs Entretien des v\u00eatements Fers \u00e0 repasser compacts Presseurs de v\u00eatements portatifs Fers \u00e0 repasser professionnels CAF\u00c9 ET TH\u00c9 Accessoires de caf\u00e9 et de th\u00e9 Cafeti\u00e8res Bouilloires [&hellip;]<\/p>\n","protected":false},"author":1,"featured_media":0,"parent":0,"menu_order":0,"comment_status":"closed","ping_status":"closed","template":"","meta":{"footnotes":""},"class_list":["post-1452","page","type-page","status-publish","hentry"],"_links":{"self":[{"href":"https:\/\/blackanddeckerappliances.ca\/fr\/wp-json\/wp\/v2\/pages\/1452","targetHints":{"allow":["GET"]}}],"collection":[{"href":"https:\/\/blackanddeckerappliances.ca\/fr\/wp-json\/wp\/v2\/pages"}],"about":[{"href":"https:\/\/blackanddeckerappliances.ca\/fr\/wp-json\/wp\/v2\/types\/page"}],"author":[{"embeddable":true,"href":"https:\/\/blackanddeckerappliances.ca\/fr\/wp-json\/wp\/v2\/users\/1"}],"replies":[{"embeddable":true,"href":"https:\/\/blackanddeckerappliances.ca\/fr\/wp-json\/wp\/v2\/comments?post=1452"}],"version-history":[{"count":8,"href":"https:\/\/blackanddeckerappliances.ca\/fr\/wp-json\/wp\/v2\/pages\/1452\/revisions"}],"predecessor-version":[{"id":1695,"href":"https:\/\/blackanddeckerappliances.ca\/fr\/wp-json\/wp\/v2\/pages\/1452\/revisions\/1695"}],"wp:attachment":[{"href":"https:\/\/blackanddeckerappliances.ca\/fr\/wp-json\/wp\/v2\/media?parent=1452"}],"curies":[{"name":"wp","href":"https:\/\/api.w.org\/{rel}","templated":true}]}}